{"id":85,"date":"2026-01-22T15:33:17","date_gmt":"2026-01-22T15:33:17","guid":{"rendered":"https:\/\/sites.unimi.it\/GEI2026\/?page_id=85"},"modified":"2026-04-09T11:38:48","modified_gmt":"2026-04-09T11:38:48","slug":"school-contest-da-volta-a","status":"publish","type":"page","link":"https:\/\/sites.unimi.it\/GEI2026\/school-contest-da-volta-a\/","title":{"rendered":"Concorso &#8220;Dall&#8217;elettrochimica di Alessandro Volta a&#8230; dove ci porter\u00e0 l&#8217;elettrochimica nel futuro?&#8221;"},"content":{"rendered":"\n<p><strong><em>Speciale evento satellite delle GEI2026 dedicato alle Scuole secondarie di secondo grado site in Regione Lombardia<\/em><\/strong><\/p>\n\n\n\n<p class=\"has-text-align-center\"><strong>ATTENZIONE! La <em>deadline<\/em> per le iscrizioni \u00e9 stata estesa al 19 aprile 2026!<\/strong><\/p>\n\n\n\n<p class=\"has-text-align-center\"><em><strong><a href=\"https:\/\/sites.unimi.it\/GEI2026\/wp-content\/uploads\/2026\/04\/concorso-Da-Volta-A-estensione-iscrizione.pdf\" data-type=\"attachment\" data-id=\"501\">Scarica qui la locandina!<\/a><\/strong><\/em><\/p>\n\n\n\n<p class=\"has-text-align-center\"><strong><em><a href=\"https:\/\/sites.unimi.it\/GEI2026\/wp-content\/uploads\/2026\/02\/Bando-di-concorso-consolidato-2.pdf\" data-type=\"attachment\" data-id=\"333\">Scarica qui il regolamento dettagliato!<\/a><\/em><\/strong><\/p>\n\n\n\n<p>Il concorso, indetto dalla <a href=\"https:\/\/www.societachimica.it\/it\/divisioni\/elettrochimica\" data-type=\"link\" data-id=\"https:\/\/www.societachimica.it\/it\/divisioni\/elettrochimica\">Divisione di Elettrochimica della Societ\u00e0 Chimica Italiana<\/a>, in collaborazione con l&#8217;<a href=\"https:\/\/sites.unimi.it\/GEI2026\/listituto-lombardo-accademia-di-scienze-e-lettere\/\" data-type=\"page\" data-id=\"122\">Istituto Lombardo Accademia di Scienze e Lettere<\/a> in occasione del Congresso annuale 2026, Giornate dell\u2019Elettrochimica Italiana (GEI2026), celebra l\u2019eredit\u00e0 scientifica di Alessandro Volta in occasione del suo bicentenario e intende mostrare che l\u2019elettrochimica, dalle sue scoperte pionieristiche, continua ancora oggi a guidare innovazioni fondamentali per il mondo moderno: dalle batterie alla sostenibilit\u00e0 energetica, dalla corrosione alla sensoristica, dai materiali per la produzione verde di combustibili ai nuovi processi industriali <em>green<\/em>.<\/p>\n\n\n\n<p><strong>A chi \u00e8 rivolto?<\/strong><\/p>\n\n\n\n<p>Il concorso \u00e8 aperto a <strong>gruppi di studenti delle scuole secondarie di secondo grado site in Regione Lombardia <\/strong>(da 3 a 25 partecipanti), guidati da uno o pi\u00f9 docenti referenti. La partecipazione \u00e8 vincolata alla disponibilit\u00e0 a essere presenti, in caso di vittoria, allo <strong>cerimonia di premiazione e allo speciale &#8220;pomeriggio voltiano&#8221; del 18 settembre 2026 presso il Palazzo Brera a Milano<\/strong>.<\/p>\n\n\n\n<p><strong>Tema del <em>contest<\/em><\/strong><\/p>\n\n\n\n<p>Raccontare l\u2019evoluzione dell\u2019elettrochimica \u201c<strong><strong>Dall&#8217;elettrochimica di Alessandro Volta a&#8230; dove ci porter\u00e0 l&#8217;elettrochimica nel futuro?<\/strong><\/strong>\u201d:<\/p>\n\n\n\n<ul class=\"wp-block-list\">\n<li>come siamo partiti dalla pila di Volta,<\/li>\n\n\n\n<li>quali tappe hanno segnato la storia dell\u2019elettrochimica,<\/li>\n\n\n\n<li>come questa disciplina modella il mondo contemporaneo, dalla transizione energetica alle pi\u00f9 moderne tecnologie quotidiane<\/li>\n<\/ul>\n\n\n\n<p>I partecipanti possono esprimersi liberamente con il formato preferito:<br><strong>video, presentazioni, poster, fumetti, podcast, brevi saggi, progetti sperimentali, dimostrazioni, installazioni divulgative o altri elaborati creativi.<\/strong> La fantasia non ha limiti, purch\u00e9 i contenuti scientifici siano corretti, chiari e rigorosi.<\/p>\n\n\n\n<p><strong>Come partecipare?<\/strong><\/p>\n\n\n\n<ol class=\"wp-block-list\">\n<li>Leggere il bando.<\/li>\n\n\n\n<li><strong>Formare il gruppo<\/strong> (composti da 3\u201325 studenti) con almeno un docente referente.<\/li>\n\n\n\n<li>Iscriversi (a cura del docente responsabile) entro il&nbsp;<strong>19 aprile 2026<\/strong> mandando una mail a <a href=\"mailto:gei.2026@unimi.it\">gei.2026@unimi.it<\/a><\/li>\n\n\n\n<li><strong>Preparare il proprio elaborato<\/strong>, curando qualit\u00e0, contenuti e originalit\u00e0. <strong>Citare fonti, strumenti, dati, riferimenti o esperti consultati<\/strong>.<\/li>\n\n\n\n<li><strong>Inviare il proprio progetto a<\/strong> <a href=\"mailto:gei.2026@unimi.it\">gei.2026@unimi.it<\/a> <strong>entro il 30 giugno 2026<\/strong><\/li>\n\n\n\n<li><strong>Assicurare la disponibilit\u00e0 a partecipare all\u2019evento di premiazione del 18 settembre<\/strong>, requisito indispensabile in caso di vittoria. Le spese di viaggio sono a carico dei singoli partecipanti.<\/li>\n<\/ol>\n\n\n\n<p><strong>Cosa si vince?<\/strong><\/p>\n\n\n\n<p>Una giuria di esperti valuter\u00e0 con giudizio insindacabile i progetti e proclamer\u00e0 fino a <strong>tre gruppi vincitori<\/strong> (ed eventualmente altri meritevoli di menzione), <strong>che potranno partecipare ad un &#8220;pomeriggio voltiano&#8221; loro dedicato che si svolger\u00e0 a Palazzo Brera in collaborazione con l&#8217;Istituto Lombardo Accademia di Scienze e Lettere. <\/strong>L\u2019evento si terr\u00e0 il <strong>18 settembre 2026<\/strong>, nel pomeriggio, presso <em>l\u2019Istituto Lombardo Accademia di Scienze e Lettere di Milano<\/em>, come speciale evento satellite del Congresso annuale \u201c<a href=\"https:\/\/sites.unimi.it\/GEI2026\/hello-world\/\" data-type=\"post\" data-id=\"1\">Giornate dell\u2019Elettrochimica Italiana (GEI2026)<\/a>\u201d.<\/p>\n\n\n\n<p>Un&#8217;occasione unica! Comprender\u00e0<\/p>\n\n\n\n<ul class=\"wp-block-list\">\n<li>presentazioni\/dimostrazioni sui temi legati all\u2019elettrochimica;<\/li>\n\n\n\n<li>visita guidata all&#8217;archivio e ai cimeli voltiani custoditi dall\u2019Istituto Lombardo Accademia di Scienze e Lettere, del quale Alessandro Volta fu uno dei primi membri e in collaborazione col quale sono organizzate le GEI2026 nel Palazzo di Brera;<\/li>\n\n\n\n<li>cerimonia di premiazione, con annuncio ufficiale dei vincitori, presentazione dei contributi premiati e consegna dei premi. In particolare i gruppi vincitori <strong>riceveranno dal Presidente della Divisione di Elettrochimica della Societ\u00e0 Chimica Italiana e\/o altre autorit\u00e0 presenti diplomi<\/strong> e <strong>oggetti di valore educativo, ispirati ad Alessandro Volta,<\/strong> utili alla formazione scientifica.<\/li>\n<\/ul>\n\n\n\n<p><strong>Un\u2019occasione unica per avvicinarsi alla scienza, incontrare ricercatori, conoscere studenti di altre scuole e celebrare l\u2019attualit\u00e0 dell\u2019elettrochimica\u2026 da Volta a oggi, e oltre.<\/strong><\/p>\n\n\n\n<p><\/p>\n","protected":false},"excerpt":{"rendered":"<p>Speciale evento satellite delle GEI2026 dedicato alle Scuole secondarie di secondo grado site in Regione Lombardia ATTENZIONE! La deadline per le iscrizioni \u00e9 stata estesa al 19 aprile 2026! Scarica qui la locandina! Scarica qui il regolamento dettagliato! Il concorso, indetto dalla Divisione di Elettrochimica della Societ\u00e0 Chimica Italiana, in collaborazione con l&#8217;Istituto Lombardo Accademia&#8230;<\/p>\n","protected":false},"author":1,"featured_media":0,"parent":0,"menu_order":0,"comment_status":"closed","ping_status":"closed","template":"","meta":{"footnotes":""},"class_list":["post-85","page","type-page","status-publish","hentry"],"_links":{"self":[{"href":"https:\/\/sites.unimi.it\/GEI2026\/wp-json\/wp\/v2\/pages\/85","targetHints":{"allow":["GET"]}}],"collection":[{"href":"https:\/\/sites.unimi.it\/GEI2026\/wp-json\/wp\/v2\/pages"}],"about":[{"href":"https:\/\/sites.unimi.it\/GEI2026\/wp-json\/wp\/v2\/types\/page"}],"author":[{"embeddable":true,"href":"https:\/\/sites.unimi.it\/GEI2026\/wp-json\/wp\/v2\/users\/1"}],"replies":[{"embeddable":true,"href":"https:\/\/sites.unimi.it\/GEI2026\/wp-json\/wp\/v2\/comments?post=85"}],"version-history":[{"count":18,"href":"https:\/\/sites.unimi.it\/GEI2026\/wp-json\/wp\/v2\/pages\/85\/revisions"}],"predecessor-version":[{"id":518,"href":"https:\/\/sites.unimi.it\/GEI2026\/wp-json\/wp\/v2\/pages\/85\/revisions\/518"}],"wp:attachment":[{"href":"https:\/\/sites.unimi.it\/GEI2026\/wp-json\/wp\/v2\/media?parent=85"}],"curies":[{"name":"wp","href":"https:\/\/api.w.org\/{rel}","templated":true}]}}