{"id":269,"date":"2017-01-24T18:27:43","date_gmt":"2017-01-24T18:27:43","guid":{"rendered":"http:\/\/sites.unimi.it\/Rossetti\/?page_id=269"},"modified":"2021-12-31T08:22:24","modified_gmt":"2021-12-31T08:22:24","slug":"collaborations-2","status":"publish","type":"page","link":"https:\/\/sites.unimi.it\/Rossetti\/it\/collaborations-2\/","title":{"rendered":"Collaborazioni"},"content":{"rendered":"<p>I. Rossetti \u00e8 stata responsabile di varie <a href=\"https:\/\/sites.unimi.it\/Rossetti\/cambridge\/\">convenzioni internazionali<\/a> e collabora\/ha collaborato principalmente con:<\/p>\n<p>D.I. Mendeleev University of Moscow (Prof. Vishniakov, Dr. A. Kryukov), collaborazione che ha portato ad una borsa di dottorato per cittadini extra-EU nel 2007-2010 per la D.ssa O. Buchneva<\/p>\n<p>Prof. S. Dzwigaj (Universit\u00e9 Pierre et Marie Curie, Paris)<\/p>\n<p>Dr. M. Yoshikawa, Osaka Gas (Japan)<\/p>\n<p>Prof. X. Verykios (Patras University, Greece)<\/p>\n<p>Dr. N. Dimitratos (gi\u00e0 Cardiff University, UK, ora Universit\u00e0 di Bologna)<\/p>\n<p>Dr. J. Lasso (University\u00a0of Panama)<\/p>\n<p>Dr. Y. Kolenko, Dr. C. Resini\u00a0(INL, Braga, Portugal)<\/p>\n<p>Dr. J. Stoddard, Dr. L. Ceccarelli (University of Cambridge, UK). I. Rossetti \u00e8 stata responsabile di una convenzione per attivit\u00e0 di ricerca (2015-2018) con l&#8217;Universit\u00e0 di Cambridge.<\/p>\n<p>Dr. A. Savara (Oak Ridge National Laboratory, USA)<\/p>\n<p>Prof. W. Rar\u00f2g-Pilecka (University di Warsaw,Poland)<\/p>\n<p>Prof. N. Mahinpey (Dept. of Chemical and Petroleum Engineering, Schulich School of Engineering, University of Calgary). I. Rossetti \u00e8 stata responsabile di una convenzione per attivit\u00e0 di ricerca (2018-2020) con la Calgary University (Canada).<\/p>\n<p>Dr. M. Rapf (Institute for Sanitary Engineering, Water Quality and Solid Waste Management \u2013 ISWA &#8211; University of Stuttgart).<\/p>\n<p>Dr. Alberto Roldan (Cardiff University, UK)<\/p>\n<p>Dr. Ceri Hammond (Imperial College London, UK). I. Rossetti \u00e8 responsabile di un progetto di mobilit\u00e0 e ricerca (2019-22) sponsorizzato dalla Royal Society con ICL e Cardiff Universities.<\/p>\n<p>A livello nazionale ha collaborazioni con Politecnico di Milano (L. Pellegrini)\u00a0e Torino (B. Bonelli, E. Garrone, M. Armandi, M. Piumetti), Universit\u00e0 di Genova (G. Ramis, E. Finocchio), Venezia (M. Signoretto), Bologna (F. Cavani, A. Vaccari, F. Passerini), Perugia (A. Di Michele, L. Barelli), CNR-ISTM (V. Dal Santo, A. Tuissi).<\/p>\n<p>Afferisce al consorzio INSTM, al centro CiMaINa ed \u00e8 associata al CNR-ISTM\u00a0dal 2009.<\/p>\n<p>Presidente eletto del gruppo Interdivisionale ENERCHEM della Societ\u00e0 Chimica Italiana (2022-24).<\/p>","protected":false},"excerpt":{"rendered":"<p>I. Rossetti \u00e8 stata responsabile di varie convenzioni internazionali e collabora\/ha collaborato principalmente con: D.I. Mendeleev University of Moscow (Prof.&hellip;<\/p>\n","protected":false},"author":1,"featured_media":0,"parent":0,"menu_order":0,"comment_status":"closed","ping_status":"closed","template":"","meta":[],"_links":{"self":[{"href":"https:\/\/sites.unimi.it\/Rossetti\/it\/wp-json\/wp\/v2\/pages\/269"}],"collection":[{"href":"https:\/\/sites.unimi.it\/Rossetti\/it\/wp-json\/wp\/v2\/pages"}],"about":[{"href":"https:\/\/sites.unimi.it\/Rossetti\/it\/wp-json\/wp\/v2\/types\/page"}],"author":[{"embeddable":true,"href":"https:\/\/sites.unimi.it\/Rossetti\/it\/wp-json\/wp\/v2\/users\/1"}],"replies":[{"embeddable":true,"href":"https:\/\/sites.unimi.it\/Rossetti\/it\/wp-json\/wp\/v2\/comments?post=269"}],"version-history":[{"count":11,"href":"https:\/\/sites.unimi.it\/Rossetti\/it\/wp-json\/wp\/v2\/pages\/269\/revisions"}],"predecessor-version":[{"id":604,"href":"https:\/\/sites.unimi.it\/Rossetti\/it\/wp-json\/wp\/v2\/pages\/269\/revisions\/604"}],"wp:attachment":[{"href":"https:\/\/sites.unimi.it\/Rossetti\/it\/wp-json\/wp\/v2\/media?parent=269"}],"curies":[{"name":"wp","href":"https:\/\/api.w.org\/{rel}","templated":true}]}}