{"id":58,"date":"2015-04-08T08:42:43","date_gmt":"2015-04-08T06:42:43","guid":{"rendered":"https:\/\/sites.unimi.it\/barisione\/?page_id=58"},"modified":"2021-06-07T09:38:31","modified_gmt":"2021-06-07T07:38:31","slug":"publications","status":"publish","type":"page","link":"https:\/\/sites.unimi.it\/barisione\/publications\/","title":{"rendered":"PUBLICATIONS"},"content":{"rendered":"<p>Selected international journal articles<\/p>\n<p>Barisione, M. (2020). \u201cWhen ethnic prejudice is political: an experiment in beliefs and hostility toward immigrant out-groups in Italy\u201d. ITALIAN POLITICAL SCIENCE REVIEW, 50(2), 213-234.<\/p>\n<p>Barisione, M., Michailidou, A. &amp; Airoldi, M. (2019). \u201cUnderstanding a digital movement of opinion: the case of #RefugeesWelcome\u201d. INFORMATION, COMMUNICATION &amp; SOCIETY, 22(8), 1145-1164.<\/p>\n<p class=\"p1\">Barisione, M. &amp; De Luca, D. (2018). Do the self-employed still vote for centre-right parties? The cases of the UK, Italy and Spain. <em>ELECTORAL STUDIES<\/em> Published online: 01 Feb 2018\u00a0 https:\/\/doi.org\/10.1016\/j.electstud.2018.01.009<\/p>\n<p>Stockemer, D. &amp; Barisione, M. (2017). The \u201cnew\u201d discourse of the Front National (FN) under Marine Le Pen: A slight change with a big impact. EUROPEAN JOURNAL OF COMMUNICATION Vol 32, Issue 2, pp. 100 &#8211; 115 http:\/\/dx.doi.org\/10.1177\/0267323116680132 .<\/p>\n<p>Barisione, M. &amp; Iyengar, S. (2016). Too Much an Out-Group? How Nonverbal Cues about Gender and Ethnicity Affect Candidate Support. <i>JOURNAL OF EXPERIMENTAL POLITICAL SCIENCE<\/i> http:\/\/dx.doi.org\/10.1017\/XPS.2015.15.<\/p>\n<p>Barisione, M. (2016). The Partisan Gap in Leader Support and Attitude Polarization in a Campaign Environment: The Cases of Germany and Italy. <i>INTERNATIONAL JOURNAL OF PUBLIC OPINION RESEARCH<\/i> http:\/\/dx.doi.org\/10.1093\/ijpor\/edw017<\/p>\n<p>Frangi, L. &amp; Barisione, M. (2015). &#8216;Are you a Union Member?&#8217; Determinants and Trends of Subjective Union Membership in Italian Society (1972 &#8211; 2013) . <i>Transfer: European Review of Labour and Research,<\/i> 4. http:\/\/dx.doi.org\/10.1177\/1024258915602635<\/p>\n<p>Iyengar, S. &amp; Barisione, M. (2015). Non-verbal Cues as a Test of Gender and Race Bias in Politics: the Italian Case. <i>Italian Political Science Review\/Rivista Italiana di Scienza Politica<\/i>, 45(2), 131-157.<\/p>\n<p>Barisione, M. (2014). \u201cDebunking the Myth of a \u2018Traditional\u2019 Gender Gap in the Electoral Support for Silvio Berlusconi in Italy (1994-2013). <i>ELECTORAL STUDIES<\/i> 36, 117-128.<\/p>\n<p>Barisione, M. (2012).\u201cFraming a Deliberation. Del<strong>i<\/strong>berative Democracy and the Challenge of Framing Processes\u201d, <em>JOURNAL OF PUBLIC DELIBERATION<\/em> 8(1), 1-22.<\/p>\n<p>Barisione, M. (2009).\u201cSo, What Difference Do Leaders Make? Candidates\u2019 Images and the \u2018Conditionality\u2019 of Leader Effects on Voting\u201d, in <em>JOURNAL OF ELECTIONS, PUBLIC OPINION &amp; PARTIES.<\/em> 19(4). pp. 473-500.<\/p>\n<p>Barisione, M. (2009). \u201cValence Image and the Standardisation of Democratic Political Leadership\u201d, in <em>LEADERSHIP<\/em>, 5(1)., pp. 41-60.<\/p>\n<p>Books<\/p>\n<ul>\n<li><a href=\"https:\/\/libri.unimi.it\/index.php\/milanoup\/catalog\/book\/31\">Polar Stars. Why the Political Ideologies of Modernity still Matter (2021). Milano University Press<\/a><\/li>\n<li>Barisione, M., Michailidou, A. (Eds) (2017). <i>Social media and European politics: Rethinking power and legitimacy in the digital era<\/i>. London and Basingstoke: \u00a0Palgrave Macmillan.<\/li>\n<li><em>Barisione, M. (2009). Comunicazione e societ\u00e0: teorie, processi, pratiche del framing<\/em>, Bologna: Il Mulino.<\/li>\n<li><em>Barisione, M. (2006). L\u2019immagine del leader. Quanto conta per gli elettori?<\/em> Bologna: Il Mulino<\/li>\n<li><em>Barisione, M., Mannheimer, R. (2005). I sondaggi<\/em>, Bologna: Il Mulino (1st ed. 1999)<\/li>\n<\/ul>\n<p>Peer-reviewed journal articles (in italian)<\/p>\n<p>Barisione, M. (2020). \u201cContro il comunicazionismo. Per una critica del riduzionismo comunicativo\u201d. COMUNICAZIONE POLITICA (ComPol), 21(3), 347-370.<\/p>\n<p>Barisione, M. (2018), \u201cL\u2019ascesa degli esperimenti di survey: per un uso mirato in sociologia\u201d. SOCIOLOGIA E RICERCA SOCIALE, 2, 116, 33-47.<\/p>\n<p>\u201cTra Facebook e i Tg : esposizione mediale e percezione dei leader nella campagna elettorale italiana del 2013\u201d \/ M. Barisione, P. Catellani, D. Garzia. &#8211; In: Comunicazione politica. &#8211; 15:1(2014), pp. 187-210.<\/p>\n<p>\u201cOpinioni pubbliche. Tradizioni teoriche e forme empiriche dell\u2019opinione pubblica contemporanea\u201d, <em>Rassegna Italiana di Sociologia<\/em>, 4, 2011, pp. 571-605.<\/p>\n<p>\u201cMa anche Lakoff incorre in una \u2018trappola cognitiva\u2019\u201d,<em> ComPol,<\/em> 2, 2010, pp. 285-290.<\/p>\n<p>\u201cCaso Alitalia: I frame del Tg1 e del Tg5 nella campagna elettorale\u201d, <em>ComPol<\/em>, 9(2), 2008, 55-64.<\/p>\n<p>\u201cTradizionalismo etico, liberalismo economico. Oltre la destra e la sinistra?\u201d, <em>Polis<\/em>, 2, 2004, 237-266.<\/p>\n<p>\u201cL\u2019immagine dei leader ed il voto: ipotesi di ricerca\u201d, <em>Quaderni di scienza politica<\/em>, 3, 2003, 285-323.<\/p>\n<p>\u201cLe elezioni francesi del 2002: mode d\u2019emploi\u201d, <em>Il Mulino<\/em>, 5, 2002, 973-983.<\/p>\n<p>\u201cLe scelte politiche dei cittadini: ambivalenza, ragione o affetto?\u201d, <em>Rivista italiana di scienza politica<\/em>, 1, 2002, 141-153.<\/p>\n<p>\u201cInteresse per la politica, appartenenza di coalizione e giudizio sui leader: gli effetti della campagna elettorale\u201d, <em>Rivista italiana di scienza politica<\/em>, 3, 2001, 503-541.<\/p>\n<p>\u201cElettori indecisi, elettori fluttuanti: che volto hanno i \u201cbilancieri\u201d del voto? I casi italiano e Francese\u201d, <em>Rivista italiana di scienza politica<\/em>, 1, 2001, 73-108.<\/p>\n<p>\u201cStrategie e tecniche di comunicazione nelle campagne elettorali negli Usa\u201d, <em>Quaderni dell\u2019Osservatorio elettorale<\/em>, 35, 1996, 115-161.<\/p>\n<p>&nbsp;<\/p>\n<p>Book chapters<\/p>\n<ul>\n<li>\u201cA Digital Movement of Opinion? Contesting Austerity Through Social Media\u201d (with A, Ceron), in M. Barisione, A. Michailidou [Eds.], <em>Social Media and European Politics : Rethinking Power and Legitimacy in the Digital Era<\/em>, London and Basingstoke: Palgrave Macmillan, 2017.<\/li>\n<\/ul>\n<p>&nbsp;<\/p>\n<ul>\n<li>\u201cDo We Need to Rethink EU Politics in the Social Media Era? An Introduction to the Volume\u201d (with A.Michailidou), in M. Barisione, A. Michailidou [Eds.], <em style=\"font-size: 1.3rem;\">Social Media and European Politics : Rethinking Power and Legitimacy in the Digital Era<\/em><span style=\"font-size: 1.3rem;\">, London <\/span>and<span style=\"font-size: 1.3rem;\"> Basingstoke: Palgrave Macmillan, 2017.<\/span><\/li>\n<\/ul>\n<ul>\n<li>&#8220;Leadership, Political&#8221;. In G. Mazzoleni, K. Barnhurst, K. Ikeda, R. Maia, H. Wessler. (Eds.), International Encyclopedia of Political Communication, MA: Wiley-Blackwell, pp. 636-648. DOI: 10.1002\/9781118541555.wbiepc158 , 2016.<\/li>\n<\/ul>\n<ul>\n<li>\u201cThe Transformation of Party Leadership\u201d, in A. Bosco, D. McDonnell (Eds.), Italian Politics, Oxford &amp; New York, Berghahn Books, 2012.<\/li>\n<\/ul>\n<ul>\n<li>\u201cOpinion polls\u201c, in D. Southerton (Ed.), Encyclopedia of Consumer Culture, London: Sage, 2011, 1058-1060.<\/li>\n<\/ul>\n<ul>\n<li>\u201cBerlusconismo as a case of \u2018Hybrid neopatrimonialism\u2019\u201d, in D. Bach, M. Gazibo (eds.), Neopatrimonialism in Africa and Beyond, London: Routledge, 2011, pp. 197-207.<\/li>\n<\/ul>\n<ul>\n<li>\u201cLe \u2018n\u00e9o-patrimonialisme hybride\u2019 du cas Berlusconi: entre charisme m\u00e9diatique et repr\u00e9sentation politique et sociale\u201d, in Gazibo, M., Bach, D. (eds), L\u2019Etat n\u00e9opatrimonial: gen\u00e8se et trajectoires contemporaines, Ottawa: Presses de l&#8217;Universit\u00e9 d&#8217;Ottawa, 2011, pp. 275-292.<\/li>\n<\/ul>\n<ul>\n<li>\u201cLe trasformazioni della comunicazione politica nella democrazia del pubblico\u201d, in F. Sacc\u00e0 (Ed.), Culture politiche, democrazia e rappresentanza, Milano: Franco Angeli, 2014. pp. 81-94.<\/li>\n<\/ul>\n<ul>\n<li>\u201cAlla ricerca di un leader\u201d, in ITANES, <em>Voto amaro. Disincanto e crisi economica nelle elezioni del 2013<\/em>, Bologna: Il Mulino, 2013 (with P. Catellani and D. Garzia), pp. 147-157.<\/li>\n<\/ul>\n<ul>\n<li>\u201cIl potere della cornice. Processi di framing e politica deliberativa\u201d, in A. Montanari (Ed.), <em>Comunicazione, manipolazione e comportamenti collettivi<\/em>, Roma: Franco Angeli, 2013, pp. 29-43.<\/li>\n<\/ul>\n<ul>\n<li>\u201cLa transizione della leadership partitica: tra moltiplicazione e declino\u201d, in A. Bosco, D. McDonnell (Eds.), Politica in Italia, Bologna: Il Mulino, 2012, pp. 101-122.<\/li>\n<\/ul>\n<ul>\n<li>\u201cDecidere sui temi, sulla competenza dei partiti e sui leader: i fattori di medio periodo\u201d, in P. Bellucci, P. Segatti (Eds), <em>Votare in Italia: 1968-2008<\/em>, Bologna: Il Mulino, 2011, pp. 289-327 (with P. Bellucci, P. Segatti, H. Schadee).<\/li>\n<\/ul>\n<ul>\n<li>\u201cLa scelta degli indecisi\u201d, in P. Bellucci, P. Segatti (Eds.), <em>Votare in Italia: 1968-2008<\/em>, Bologna: Il Mulino, 2011, pp. 359-389 (with P. Catellani, L. De Sio).<\/li>\n<\/ul>\n<ul>\n<li><em>\u201c<\/em>Problemi della rappresentanza politica\u201d, in SISE (Ed.), <em>Governi locali e regionali in Europa fra sistemi elettorali e scelte di voto<\/em>, Consiglio Regionale del Piemonte, 2010, pp. 763-768.<\/li>\n<\/ul>\n<ul>\n<li>\u201cL\u2019offerta personalizzata degli sfidanti\u201d, in ITANES (ed), <em>Il ritorno di Berlusconi, vincitori e vinti nelle elezioni del 2008<\/em>, Bologna: Il Mulino, 2008, 137-148. (with P. Catellani)<\/li>\n<\/ul>\n<ul>\n<li>\u201cLa campagna presidenziale e l\u2019offerta simbolica dei leader\u201d, In G. Baldini, M. Lazar (eds), <em>La Francia di Sarkozy<\/em>, Bologna: Il Mulino, 2007, 95-114.<\/li>\n<\/ul>\n<ul>\n<li>\u201cL&#8217;orientamento al leader: forme, effetti, dinamiche\u201d, In M. Maraffi (ed), <em>Gli italiani e la politica<\/em>, Bologna : Il Mulino, 2007, 157-186.<\/li>\n<\/ul>\n<ul>\n<li>\u201cI sondaggi politici in Francia. Controversie di una repubblica sondomane\u201d, In G. Gasperoni, P. Corbetta (eds), <em>I sondaggi politici nelle democrazie contemporanee<\/em>, Bologna: Il Mulino, 2007, 113-132.<\/li>\n<\/ul>\n<ul>\n<li>\u201cIl richiamo debole del leader di coalizione\u201d, In ITANES (ed), <em>Dov&#8217;\u00e8 la vittoria? Il voto del 2006 raccontato dagli italiani<\/em>, Bologna : Il Mulino, 2006, 179-196.<\/li>\n<\/ul>\n<ul>\n<li>\u201cBerlusconi, Prodi e un&#8217;elezione \u2018presidenziale ma non troppo\u2019\u201d In R. Mannheimer, P. Natale (eds), <em>L&#8217;Italia a met\u00e0<\/em>, Milano: Cairo Publishing, 2006, 115-121.<\/li>\n<\/ul>\n<ul>\n<li>\u201cI candidati e lo spettro della comunicazione inefficace\u201d, In F. Venturino (ed), <em>Elezioni e personalizzazione della politica<\/em>, Roma : Aracne, 2005, 71-93.<\/li>\n<\/ul>\n<ul>\n<li>\u201cInteresse per la politica, appartenenza di coalizione e giudizio sui leader: gli effetti della campagna elettorale\u201d, in Pasquino, G. (ed), <em>Dall\u2019Ulivo al governo Berlusconi<\/em>, Il Mulino: Bologna, 2002, 139-179.<\/li>\n<\/ul>\n<ul>\n<li>\u201cGli effetti delle comunicazioni politiche di massa sul voto: un panorama delle ricerche\u201d, in G. Sani (ed), <em>Mass Media ed elezioni<\/em>, Bologna: Il Mulino, 2001, 23-73.<\/li>\n<\/ul>\n<ul>\n<li>\u201cIl metodo dell\u2019intervista nella ricerca politica\u201d, in G. Trentini (ed), <em>Oltre l\u2019intervista: il colloquio nei contesti sociali<\/em>, Torino: Isedi-Utet, 2001, 368-389. (with R. Mannheimer)<\/li>\n<\/ul>\n","protected":false},"excerpt":{"rendered":"<p>Selected international journal articles Barisione, M. (2020). \u201cWhen ethnic prejudice is political: an experiment in beliefs and hostility toward immigrant out-groups in Italy\u201d. ITALIAN POLITICAL SCIENCE REVIEW, 50(2), 213-234. Barisione, M., Michailidou, A. &amp; Airoldi, M. (2019). \u201cUnderstanding a digital movement of opinion: the case of #RefugeesWelcome\u201d. INFORMATION, COMMUNICATION &amp; SOCIETY, 22(8), 1145-1164. Barisione, M. [&hellip;]<\/p>\n","protected":false},"author":1,"featured_media":0,"parent":0,"menu_order":0,"comment_status":"closed","ping_status":"open","template":"","meta":{"footnotes":""},"class_list":["post-58","page","type-page","status-publish","hentry"],"_links":{"self":[{"href":"https:\/\/sites.unimi.it\/barisione\/wp-json\/wp\/v2\/pages\/58","targetHints":{"allow":["GET"]}}],"collection":[{"href":"https:\/\/sites.unimi.it\/barisione\/wp-json\/wp\/v2\/pages"}],"about":[{"href":"https:\/\/sites.unimi.it\/barisione\/wp-json\/wp\/v2\/types\/page"}],"author":[{"embeddable":true,"href":"https:\/\/sites.unimi.it\/barisione\/wp-json\/wp\/v2\/users\/1"}],"replies":[{"embeddable":true,"href":"https:\/\/sites.unimi.it\/barisione\/wp-json\/wp\/v2\/comments?post=58"}],"version-history":[{"count":48,"href":"https:\/\/sites.unimi.it\/barisione\/wp-json\/wp\/v2\/pages\/58\/revisions"}],"predecessor-version":[{"id":425,"href":"https:\/\/sites.unimi.it\/barisione\/wp-json\/wp\/v2\/pages\/58\/revisions\/425"}],"wp:attachment":[{"href":"https:\/\/sites.unimi.it\/barisione\/wp-json\/wp\/v2\/media?parent=58"}],"curies":[{"name":"wp","href":"https:\/\/api.w.org\/{rel}","templated":true}]}}