{"id":14,"date":"2008-10-20T10:20:41","date_gmt":"2008-10-20T08:20:41","guid":{"rendered":"http:\/\/users.unimi.it\/cde\/wp\/?page_id=14"},"modified":"2024-09-02T12:10:19","modified_gmt":"2024-09-02T10:10:19","slug":"servizi-e-orari","status":"publish","type":"page","link":"https:\/\/sites.unimi.it\/cde\/servizi-e-orari\/","title":{"rendered":"Servizi e Orari"},"content":{"rendered":"\n<p>Il Centro di Documentazione Europea \u00e8 aperto al pubblico<br>presso la <a href=\"http:\/\/www.sba.unimi.it\/biblioscienzepolitiche\/\" target=\"_blank\" rel=\"noopener\">Biblioteca di Scienze Politiche<\/a>, via Conservatorio 7, piano 3\u00b0, con i seguenti orari:<\/p>\n\n\n\n<p><strong>Ufficio<\/strong>: luned\u00ec &#8211; venerd\u00ec dalle 10:00 alle 13:00<br><strong>Sala lettura<\/strong>: luned\u00ec &#8211; venerd\u00ec dalle 9:00 alle 19:30<\/p>\n\n\n\n<p>Tutte le monografie e parte dei periodici sono disponibili in Sala Lettura, a scaffale aperto, da luned\u00ec a venerd\u00ec dalle 9 alle 19.30.<\/p>\n\n\n\n<p>Il CDE offre a tutti i cittadini la consultazione in sede della documentazione ufficiale dell\u2019Unione Europea in formato cartaceo o elettronico ed effettua il servizio di informazione bibliografica e documentaria.<br>Sono inoltre disponibili presso il Centro informazioni e materiale sulle politiche europee e le opportunit\u00e0 di studio, formazione e lavoro proposte dall\u2019UE.<br>Per gli utenti dell\u2019Universit\u00e0 degli Studi di Milano \u00e8 disponibile anche il prestito a domicilio.<\/p>\n\n\n<div class=\"wp-block-image\">\n<figure class=\"aligncenter\"><a href=\"https:\/\/www.google.com\/maps\/place\/Via+Conservatorio,+7,+20122+Milano+MI\/data=!4m2!3m1!1s0x4786c6a34f68b541:0xdfdc991d5c1806a3?ved=2ahUKEwjJiOSy3ZXgAhWBShUIHfkQANoQ8gEwAHoECAAQAQ\"><img loading=\"lazy\" decoding=\"async\" width=\"646\" height=\"516\" src=\"https:\/\/sites.unimi.it\/cde\/wp-content\/uploads\/cdemap.png\" alt=\"\" class=\"wp-image-5018\" srcset=\"https:\/\/sites.unimi.it\/cde\/wp-content\/uploads\/cdemap.png 646w, https:\/\/sites.unimi.it\/cde\/wp-content\/uploads\/cdemap-300x240.png 300w\" sizes=\"auto, (max-width: 646px) 100vw, 646px\" \/><\/a><\/figure>\n<\/div>\n\n\n<p><\/p>\n","protected":false},"excerpt":{"rendered":"<p>Il Centro di Documentazione Europea \u00e8 aperto al pubblicopresso la Biblioteca di Scienze Politiche, via Conservatorio 7, piano 3\u00b0, con i seguenti orari: Ufficio: luned\u00ec &#8211; venerd\u00ec dalle 10:00 alle 13:00Sala lettura: luned\u00ec &#8211; venerd\u00ec dalle 9:00 alle 19:30 Tutte le monografie e parte dei periodici sono disponibili in Sala Lettura, a scaffale aperto, da luned\u00ec a venerd\u00ec dalle 9 alle 19.30. Il CDE offre a tutti i cittadini la consultazione in sede della documentazione ufficiale dell\u2019Unione Europea in formato cartaceo o elettronico ed effettua il servizio di informazione bibliografica e documentaria.Sono inoltre disponibili presso il Centro informazioni e materiale sulle politiche europee e le opportunit\u00e0 di studio, formazione e lavoro proposte dall\u2019UE.Per gli utenti dell\u2019Universit\u00e0 degli Studi di Milano \u00e8 disponibile anche il prestito a domicilio.<\/p>\n","protected":false},"author":1,"featured_media":0,"parent":0,"menu_order":0,"comment_status":"closed","ping_status":"open","template":"","meta":{"footnotes":""},"class_list":["post-14","page","type-page","status-publish","hentry"],"_links":{"self":[{"href":"https:\/\/sites.unimi.it\/cde\/wp-json\/wp\/v2\/pages\/14","targetHints":{"allow":["GET"]}}],"collection":[{"href":"https:\/\/sites.unimi.it\/cde\/wp-json\/wp\/v2\/pages"}],"about":[{"href":"https:\/\/sites.unimi.it\/cde\/wp-json\/wp\/v2\/types\/page"}],"author":[{"embeddable":true,"href":"https:\/\/sites.unimi.it\/cde\/wp-json\/wp\/v2\/users\/1"}],"replies":[{"embeddable":true,"href":"https:\/\/sites.unimi.it\/cde\/wp-json\/wp\/v2\/comments?post=14"}],"version-history":[{"count":18,"href":"https:\/\/sites.unimi.it\/cde\/wp-json\/wp\/v2\/pages\/14\/revisions"}],"predecessor-version":[{"id":6521,"href":"https:\/\/sites.unimi.it\/cde\/wp-json\/wp\/v2\/pages\/14\/revisions\/6521"}],"wp:attachment":[{"href":"https:\/\/sites.unimi.it\/cde\/wp-json\/wp\/v2\/media?parent=14"}],"curies":[{"name":"wp","href":"https:\/\/api.w.org\/{rel}","templated":true}]}}