{"id":158,"date":"2017-07-26T10:56:35","date_gmt":"2017-07-26T08:56:35","guid":{"rendered":"https:\/\/annapagura.wordpress.com\/?page_id=158"},"modified":"2018-04-07T10:36:27","modified_gmt":"2018-04-07T08:36:27","slug":"il-progetto","status":"publish","type":"page","link":"https:\/\/sites.unimi.it\/comizidamore\/il-progetto\/","title":{"rendered":"Progetto"},"content":{"rendered":"<p><strong>Comizi d&#8217;amore. Il cinema e la questione sessuale in Italia (1948-1978)<br \/>\n<\/strong> Bando PRIN 2015<br \/>\nProtocollo: 2015YPLTLW_004<br \/>\nSettore ERC: SH5<br \/>\nDurata: 36 mesi<\/p>\n<p><strong>Principal Investigator<\/strong>:<br \/>\nTomaso Subini, Universit\u00e0 degli Studi di Milano<\/p>\n<p><strong>Altre unit\u00e0 di ricerca<\/strong>:<br \/>\nFrancesco Di Chiara, Universit\u00e0 E-CAMPUS<br \/>\nValentina Re, Universit\u00e0 degli Studi Link Campus University<br \/>\nFederico Vitella, Universit\u00e0 degli Studi di Messina<\/p>\n<p style=\"text-align: justify;\"><img loading=\"lazy\" decoding=\"async\" class=\"alignleft wp-image-532 size-medium\" src=\"http:\/\/sites.unimi.it\/comizidamore\/wp-content\/uploads\/2017\/08\/cropped-break-up-1-300x159.jpg\" alt=\"\" width=\"300\" height=\"159\" srcset=\"https:\/\/sites.unimi.it\/comizidamore\/wp-content\/uploads\/2017\/08\/cropped-break-up-1-300x159.jpg 300w, https:\/\/sites.unimi.it\/comizidamore\/wp-content\/uploads\/2017\/08\/cropped-break-up-1-768x407.jpg 768w, https:\/\/sites.unimi.it\/comizidamore\/wp-content\/uploads\/2017\/08\/cropped-break-up-1-1024x542.jpg 1024w, https:\/\/sites.unimi.it\/comizidamore\/wp-content\/uploads\/2017\/08\/cropped-break-up-1.jpg 1920w\" sizes=\"auto, (max-width: 300px) 100vw, 300px\" \/>Il progetto si pone un duplice scopo. Da un lato intende studiare come la sessualit\u00e0 abbia trovato rappresentazione nel cinema italiano nel periodo compreso tra il 1948 (data delle prime elezioni della nuova Repubblica che consegnano alla DC il governo del Paese per oltre quarant\u2019anni) e il 1978 (data che vede l\u2019apertura in Italia delle prime sale destinate alla proiezione del film pornografico). Dall\u2019altro indagare i discorsi prodotti in Italia sulla sessualit\u00e0 per come \u00e8 stata specificamente affrontata dal cinema, anzitutto italiano ma non solo. L\u2019analisi delle modalit\u00e0 con cui il cinema ha rappresentato la questione sessuale verr\u00e0 dunque contestualizzata nel pi\u00f9 ampio ambito dei discorsi sui rapporti tra il cinema e la sessualit\u00e0, che il progetto intende ricostruire attraverso lo scavo d\u2019archivio e lo spoglio di quotidiani e riviste.<br \/>\n<img loading=\"lazy\" decoding=\"async\" class=\"wp-image-315 size-medium alignright\" src=\"http:\/\/sites.unimi.it\/comizidamore\/wp-content\/uploads\/2017\/08\/la-notte-1-1-226x300.png\" alt=\"\" width=\"226\" height=\"300\" srcset=\"https:\/\/sites.unimi.it\/comizidamore\/wp-content\/uploads\/2017\/08\/la-notte-1-1-226x300.png 226w, https:\/\/sites.unimi.it\/comizidamore\/wp-content\/uploads\/2017\/08\/la-notte-1-1-768x1021.png 768w, https:\/\/sites.unimi.it\/comizidamore\/wp-content\/uploads\/2017\/08\/la-notte-1-1-770x1024.png 770w, https:\/\/sites.unimi.it\/comizidamore\/wp-content\/uploads\/2017\/08\/la-notte-1-1.png 1280w\" sizes=\"auto, (max-width: 226px) 100vw, 226px\" \/>Ci si chieder\u00e0 come la tematizzazione dei principali aspetti culturali connessi alla questione sessuale (famiglia, educazione sessuale, matrimonio, contraccezione, divorzio, prostituzione, castit\u00e0, omosessualit\u00e0, masturbazione, osceno, pornografia, ecc.) da parte del cinema italiano negli anni 1948-1978, e del cinema straniero distribuito in Italia nello stesso periodo, a fronte di un disordinato e discontinuo ma progressivo e inesorabile allargamento del visibile specificamente sessuale tanto nella produzione riconducibile al cinema d\u2019autore quanto in quella del cinema cosiddetto popolare, sia stata discussa dalle principali tradizioni culturali italiane e abbia trovato sfogo nel dibattito pubblico.<br \/>\nScopo finale del progetto \u00e8 capire quale ruolo il cinema abbia avuto nei processi di ridefinizione delle identit\u00e0 di genere e nei conflitti culturali intorno alla questione sessuale ampiamente intesa, nel pi\u00f9 generale processo di modernizzazione della societ\u00e0 italiana del dopoguerra.<\/p>\n<p style=\"text-align: justify;\"><img loading=\"lazy\" decoding=\"async\" class=\"alignleft wp-image-281 size-medium\" src=\"http:\/\/sites.unimi.it\/comizidamore\/wp-content\/uploads\/2017\/08\/le-tentazioni-del-dottor-antonio-1-300x169.jpg\" alt=\"\" width=\"300\" height=\"169\" srcset=\"https:\/\/sites.unimi.it\/comizidamore\/wp-content\/uploads\/2017\/08\/le-tentazioni-del-dottor-antonio-1-300x169.jpg 300w, https:\/\/sites.unimi.it\/comizidamore\/wp-content\/uploads\/2017\/08\/le-tentazioni-del-dottor-antonio-1.jpg 500w\" sizes=\"auto, (max-width: 300px) 100vw, 300px\" \/>Il metodo utilizzato per perseguire tale scopo \u00e8 duplice. Da un lato l\u2019analisi dei film, dei materiali promozionali e delle riviste specializzate condotta secondo una prospettiva culturalista, finalizzata a storicizzare tempi, modi, generi e forme delle modalit\u00e0 con cui il cinema italiano ha dato rappresentazione ai diversi aspetti della questione sessuale contribuendo significativamente ai processi di caduta dei tab\u00f9 dell\u2019osceno. Dall\u2019altro lo scavo d\u2019archivio e lo spoglio della pubblicistica di cultura generalista con il fine di reperire la documentazione per stendere quadri di insieme in grado di tracciare i contorni, le specificit\u00e0 e l\u2019evoluzione dei discorsi sulla sessualit\u00e0, elaborati nell\u2019Italia tra il 1948 e il 1978 a partire dalla rappresentazione che della stessa \u00e8 stata data dal cinema.<\/p>\n<p style=\"text-align: justify;\">I dati pi\u00f9 interessanti che ci si aspetta la ricerca faccia emergere, e che saranno pertanto oggetto di particolare attenzione in sede di analisi, sono quelli connessi alla natura conflittuale del confronto intorno a una questione, quella sessuale, che implica cos\u00ec profondamente le identit\u00e0, della persona e dei gruppi.<\/p>\n<p style=\"text-align: justify;\"><em>(Nelle immagini dall&#8217;alto: <\/em>Break-up<em>, Marco Ferreri 1965;\u00a0<\/em>La notte<em>, Michelangelo Antonioni 1961;<\/em>\u00a0Boccaccio &#8217;70<em>, <\/em>Le tentazioni del dottor Antonio<em>,<\/em><em>\u00a0Federico Fellini, 1962)<\/em><\/p>\n","protected":false},"excerpt":{"rendered":"<p>Comizi d&#8217;amore. Il cinema e la questione sessuale in Italia (1948-1978) Bando PRIN 2015 Protocollo: 2015YPLTLW_004 Settore ERC: SH5 Durata: 36 mesi Principal Investigator: Tomaso Subini, Universit\u00e0 degli Studi di<a href=\"https:\/\/sites.unimi.it\/comizidamore\/il-progetto\/\" class=\"more-link\">Read More <span class=\"screen-reader-text\">Progetto<\/span><\/a><\/p>\n","protected":false},"author":1,"featured_media":0,"parent":0,"menu_order":0,"comment_status":"closed","ping_status":"closed","template":"template-parts\/full-width-page.php","meta":{"footnotes":""},"class_list":["post-158","page","type-page","status-publish","hentry"],"_links":{"self":[{"href":"https:\/\/sites.unimi.it\/comizidamore\/wp-json\/wp\/v2\/pages\/158","targetHints":{"allow":["GET"]}}],"collection":[{"href":"https:\/\/sites.unimi.it\/comizidamore\/wp-json\/wp\/v2\/pages"}],"about":[{"href":"https:\/\/sites.unimi.it\/comizidamore\/wp-json\/wp\/v2\/types\/page"}],"author":[{"embeddable":true,"href":"https:\/\/sites.unimi.it\/comizidamore\/wp-json\/wp\/v2\/users\/1"}],"replies":[{"embeddable":true,"href":"https:\/\/sites.unimi.it\/comizidamore\/wp-json\/wp\/v2\/comments?post=158"}],"version-history":[{"count":11,"href":"https:\/\/sites.unimi.it\/comizidamore\/wp-json\/wp\/v2\/pages\/158\/revisions"}],"predecessor-version":[{"id":800,"href":"https:\/\/sites.unimi.it\/comizidamore\/wp-json\/wp\/v2\/pages\/158\/revisions\/800"}],"wp:attachment":[{"href":"https:\/\/sites.unimi.it\/comizidamore\/wp-json\/wp\/v2\/media?parent=158"}],"curies":[{"name":"wp","href":"https:\/\/api.w.org\/{rel}","templated":true}]}}