{"id":251,"date":"2017-08-23T11:15:06","date_gmt":"2017-08-23T09:15:06","guid":{"rendered":"https:\/\/annapagura.wordpress.com\/?page_id=251"},"modified":"2019-04-17T18:44:10","modified_gmt":"2019-04-17T16:44:10","slug":"team","status":"publish","type":"page","link":"https:\/\/sites.unimi.it\/comizidamore\/team\/","title":{"rendered":"Team"},"content":{"rendered":"<div class=\"row\">\n<h2>Universit\u00e0 degli Studi di Milano<\/h2>\n<div class=\"col-md-5\"><\/div>\n<\/div>\n<div class=\"row idcard\">\n<div class=\"col-md-4\">\n<p><img loading=\"lazy\" decoding=\"async\" class=\"alignnone wp-image-554\" src=\"http:\/\/sites.unimi.it\/comizidamore\/wp-content\/uploads\/2017\/09\/subiniok.png\" alt=\"\" width=\"290\" height=\"290\" srcset=\"https:\/\/sites.unimi.it\/comizidamore\/wp-content\/uploads\/2017\/09\/subiniok.png 718w, https:\/\/sites.unimi.it\/comizidamore\/wp-content\/uploads\/2017\/09\/subiniok-150x150.png 150w, https:\/\/sites.unimi.it\/comizidamore\/wp-content\/uploads\/2017\/09\/subiniok-300x300.png 300w\" sizes=\"auto, (max-width: 290px) 100vw, 290px\" \/><\/p>\n<\/div>\n<div class=\"col-md-8\">\n<p><strong>Tomaso Subini<\/strong> \u00e8 professore associato presso l\u2019Universit\u00e0 degli Studi di Milano, dove insegna Storia e critica del cinema e Cultura visuale. \u00c8 direttore (insieme a Mariagrazia Fanchi e a Giacomo Manzoli) della rivista &#8220;Schermi. Storie e culture del cinema e dei media in Italia&#8221;. \u00c8 stato Principal Investigator di un progetto di ricerca, sui rapporti tra i cattolici e il cinema in Italia, vincitore del bando PRIN 2012. Il suo ultimo libro (scritto insieme a Gianluca della Maggiore) \u00e8 <em>Catholicism and Cinema. Modernization and Modernity<\/em>\u00a0(Mimesis International, 2017). I suoi studi ruotano intorno alla storia culturale del cinema con particolare riferimento alla rappresentazione del religioso e alla censura dell\u2019osceno. Si \u00e8 a lungo occupato del cinema di Roberto Rossellini e di Pier Paolo Pasolini. Interessato alle complesse dinamiche di relazione tra il cinema e la storia, sta curando (insieme a Marina Benedetti) un volume sul mito di Francesco d\u2019Assisi.<\/p>\n<\/div>\n<\/div>\n<div class=\"row idcard\">\n<div class=\"col-md-4\">\n<p><img loading=\"lazy\" decoding=\"async\" class=\"alignnone wp-image-656\" src=\"http:\/\/sites.unimi.it\/comizidamore\/wp-content\/uploads\/2017\/08\/Desole-300x300.jpg\" alt=\"\" width=\"290\" height=\"290\" srcset=\"https:\/\/sites.unimi.it\/comizidamore\/wp-content\/uploads\/2017\/08\/Desole-300x300.jpg 300w, https:\/\/sites.unimi.it\/comizidamore\/wp-content\/uploads\/2017\/08\/Desole-150x150.jpg 150w, https:\/\/sites.unimi.it\/comizidamore\/wp-content\/uploads\/2017\/08\/Desole.jpg 564w\" sizes=\"auto, (max-width: 290px) 100vw, 290px\" \/><\/p>\n<\/div>\n<div class=\"col-md-8\">\n<p><strong>Angelo Pietro Desole<\/strong> ha svolto il dottorato di ricerca presso l\u2019Universit\u00e0 di Padova e in seguito attivit\u00e0 di assegnista, docente a contratto e collaboratore alla ricerca presso diverse universit\u00e0. Si occupa di storia della fotografia, con un\u2019attenzione particolare a quella italiana del Novecento. Tra i suoi interessi principali nel campo della ricerca ci sono la fotografia industriale, di architettura e paesaggio e il fotogiornalismo. Ha pubblicato una monografia (<em>La fotografia industriale in Italia 1933-1965<\/em>, Quinlan, 2015) e alcuni saggi su volume e rivista. In parallelo all\u2019attivit\u00e0 di ricerca svolge anche attivit\u00e0 di fotografo e ha realizzato numerose campagne su tutto il territorio nazionale, pubblicando le immagini su riviste e volumi.<\/p>\n<\/div>\n<\/div>\n<div class=\"row idcard\">\n<div class=\"col-md-4\">\n<p><img loading=\"lazy\" decoding=\"async\" class=\"alignnone wp-image-701\" src=\"http:\/\/sites.unimi.it\/comizidamore\/wp-content\/uploads\/2017\/08\/giori-1-300x300.jpg\" alt=\"\" width=\"290\" height=\"290\" srcset=\"https:\/\/sites.unimi.it\/comizidamore\/wp-content\/uploads\/2017\/08\/giori-1-300x300.jpg 300w, https:\/\/sites.unimi.it\/comizidamore\/wp-content\/uploads\/2017\/08\/giori-1-150x150.jpg 150w, https:\/\/sites.unimi.it\/comizidamore\/wp-content\/uploads\/2017\/08\/giori-1.jpg 721w\" sizes=\"auto, (max-width: 290px) 100vw, 290px\" \/><\/p>\n<\/div>\n<div class=\"col-md-8\">\n<p><strong>Mauro Giori<\/strong> \u00e8 ricercatore presso l\u2019Universit\u00e0 degli Studi di Milano, dove insegna Teoria e analisi del linguaggio cinematografico. Si occupa prevalentemente di storia culturale del cinema, con particolare attenzione ai suoi rapporti con sessualit\u00e0 e gender. Tra i suoi ultimi libri, <em>Scandalo e banalit\u00e0. Rappresentazioni dell\u2019eros nel cinema di Luchino Visconti<\/em> (1963-1976) (LED, 2012), <em>Nell\u2019ombra di Hitchcock. Eros, morte e malattia nell\u2019eredit\u00e0 di Psycho<\/em> (ETS, 2015) e <em>Homosexuality and Italian Cinema: From the Fall of Fascism to the Years of Lead<\/em> (Palgrave, 2017). Ha curato un numero di &#8220;Schermi&#8221; dedicato a &#8220;I cattolici, il cinema e il sesso in Italia tra gli anni \u201940 e gli anni \u201970&#8221; (2017, con T. Subini) e l\u2019edizione italiana di <em>Allucinazione Hollywood<\/em> (2017) di Parker Tyler.<\/p>\n<\/div>\n<\/div>\n<div class=\"row idcard\">\n<div class=\"col-md-4\">\n<p><img loading=\"lazy\" decoding=\"async\" class=\"alignnone wp-image-657\" src=\"http:\/\/sites.unimi.it\/comizidamore\/wp-content\/uploads\/2017\/08\/missero-283x300.jpg\" alt=\"\" width=\"290\" height=\"307\" srcset=\"https:\/\/sites.unimi.it\/comizidamore\/wp-content\/uploads\/2017\/08\/missero-283x300.jpg 283w, https:\/\/sites.unimi.it\/comizidamore\/wp-content\/uploads\/2017\/08\/missero-768x813.jpg 768w, https:\/\/sites.unimi.it\/comizidamore\/wp-content\/uploads\/2017\/08\/missero-967x1024.jpg 967w, https:\/\/sites.unimi.it\/comizidamore\/wp-content\/uploads\/2017\/08\/missero.jpg 1692w\" sizes=\"auto, (max-width: 290px) 100vw, 290px\" \/><\/p>\n<\/div>\n<div class=\"col-md-8\">\n<p><strong>Dalila Missero<\/strong> \u00e8 assegnata di ricerca presso l\u2019Universit\u00e0 Statale di Milano nell\u2019ambito del progetto PRIN &#8220;Comizi d\u2019amore. Il cinema e la questione sessuale in Italia (1948-1978)&#8221;. I suoi interessi di ricerca riguardano prevalentemente il cinema italiano, i cultural e i gender studies. Nel 2016 \u00e8 stata visiting research fellow presso il Pembroke Center for Teaching and Research on Women della Brown University (USA). Ha pubblicato saggi in italiano e in inglese su riviste scientifiche come &#8220;Feminist Media Histories&#8221;, &#8220;Immagine&#8221; e &#8220;Schermi&#8221;. Ha partecipato a convegni internazionali come \u201cItaly and its Audiences: 1945 to the Present\u201d tenutosi presso\u00a0Oxford Brookes University\u00a0nel 2016 e il convegno annuale dell\u2019American Association of Italian Studies tenutosi presso la Ohio State University nel 2017.<\/p>\n<\/div>\n<\/div>\n<div class=\"row idcard\">\n<div class=\"col-md-4\">\n<p><img loading=\"lazy\" decoding=\"async\" class=\"wp-image-703 alignnone\" src=\"http:\/\/sites.unimi.it\/comizidamore\/wp-content\/uploads\/2017\/08\/20170112-WA0001-300x300.jpg\" alt=\"\" width=\"290\" height=\"290\" srcset=\"https:\/\/sites.unimi.it\/comizidamore\/wp-content\/uploads\/2017\/08\/20170112-WA0001-300x300.jpg 300w, https:\/\/sites.unimi.it\/comizidamore\/wp-content\/uploads\/2017\/08\/20170112-WA0001-150x150.jpg 150w, https:\/\/sites.unimi.it\/comizidamore\/wp-content\/uploads\/2017\/08\/20170112-WA0001.jpg 721w\" sizes=\"auto, (max-width: 290px) 100vw, 290px\" \/><\/p>\n<\/div>\n<div class=\"col-md-8\">\n<p><strong>Roberto Mottadelli <\/strong>alterna l\u2019attivit\u00e0 editoriale in qualit\u00e0 di caporedattore del laboratorio editoriale Iceigeo di Milano, dove si occupa di coordinamento redazionale, progettazione e realizzazione di prodotti editoriali per i maggiori editori italiani, oltre che di catalogazione di documenti in CMS e database specifici, alla collaborazione scientifica\u00a0presso l\u2019Universit\u00e0 degli Studi di Milano, dove si laurea con lode nel\u00a02003. Per\u00a0il centro Apice dello stesso ateneo si \u00e8 occupato di interpretazione storico-critica, metadatazione Iconclass e archiviazione multimediale di illustrazioni pubblicate su riviste italiane e straniere tra il XIX e il XX secolo. Ha poi contribuito all\u2019ideazione e alla gestione editoriale dell\u2019archivio virtuale del progetto PRIN 2012 coordinato da Tomaso Subini sui\u00a0rapporti tra i cattolici e il cinema in Italia.\u00a0Per lo stesso progetto ha selezionato, digitalizzato e catalogato on line migliaia di documenti a stampa e d\u2019archivio.\u00a0Collabora con gli insegnamenti di cinema dell\u2019Universit\u00e0 degli Studi di Milano in qualit\u00e0 di cultore della materia.<\/p>\n<\/div>\n<\/div>\n<div class=\"row\">\n<h2>Universit\u00e0 E-Campus di Novedrate (CO)<\/h2>\n<div class=\"col-md-5\"><\/div>\n<div class=\"col-md-7\"><\/div>\n<\/div>\n<div class=\"row idcard\">\n<div class=\"col-md-4\">\n<p><img loading=\"lazy\" decoding=\"async\" class=\"alignnone wp-image-706\" src=\"http:\/\/sites.unimi.it\/comizidamore\/wp-content\/uploads\/2017\/08\/WP_20180218_11_38_57_Pro-2-300x300.jpg\" alt=\"\" width=\"290\" height=\"290\" srcset=\"https:\/\/sites.unimi.it\/comizidamore\/wp-content\/uploads\/2017\/08\/WP_20180218_11_38_57_Pro-2-300x300.jpg 300w, https:\/\/sites.unimi.it\/comizidamore\/wp-content\/uploads\/2017\/08\/WP_20180218_11_38_57_Pro-2-150x150.jpg 150w, https:\/\/sites.unimi.it\/comizidamore\/wp-content\/uploads\/2017\/08\/WP_20180218_11_38_57_Pro-2.jpg 721w\" sizes=\"auto, (max-width: 290px) 100vw, 290px\" \/><\/p>\n<\/div>\n<div class=\"col-md-8\">\n<p><strong>Francesco Di Chiara<\/strong> \u00e8 Professore associato presso l\u2019Universit\u00e0 degli Studi eCampus di Novedrate (CO), dove insegna Storia del cinema, Teoria e prassi dei mezzi audiovisivi e Storia del cinema italiano. I suoi interessi di ricerca includono le policies e l&#8217;assetto dell\u2019industria cinematografica europea contemporanea, le culture della produzione del cinema italiano degli anni Cinquanta e i generi popolari del cinema italiano postbellico. \u00c8 membro della redazione delle riviste &#8220;Cin\u00e9ma &amp; Cie. International Film Studies Journal&#8221; e &#8220;L\u2019avventura. International Journal of Italian Film and Media Landscapes&#8221;. \u00c8 l\u2019autore di <em>I tre volti della paura. Il cinema horror italiano 1957-1965<\/em> (Unifepress, 2009), di <em>Generi e industria cinematografica in Italia. Il caso Titanus (1949-1964)<\/em> (Lindau, 2013) e di <em>Peplum. Il cinema italiano alle prese col mondo antico<\/em> (Donzelli, 2016). Ha curato (insieme ad Alberto Boschi, Universit\u00e0 di Ferrara) il volume <em>Michelangelo Antonioni. Prospettive, culture, politiche, spazi<\/em> (Il Castoro, 2015).<\/p>\n<\/div>\n<\/div>\n<div class=\"row idcard\">\n<div class=\"col-md-4\">\n<p><img loading=\"lazy\" decoding=\"async\" class=\"wp-image-666 alignnone\" src=\"http:\/\/sites.unimi.it\/comizidamore\/wp-content\/uploads\/2017\/08\/rigola-300x221.png\" alt=\"\" width=\"290\" height=\"214\" srcset=\"https:\/\/sites.unimi.it\/comizidamore\/wp-content\/uploads\/2017\/08\/rigola-300x221.png 300w, https:\/\/sites.unimi.it\/comizidamore\/wp-content\/uploads\/2017\/08\/rigola.png 713w\" sizes=\"auto, (max-width: 290px) 100vw, 290px\" \/><\/p>\n<\/div>\n<div class=\"col-md-8\">\n<p><strong>Gabriele Rigola<\/strong> \u00e8 assegnista di ricerca presso l\u2019Universit\u00e0 Telematica eCampus all\u2019interno del Progetto di Rilevante Interesse Nazionale \u201cComizi d\u2019amore. Il cinema e la questione sessuale in Italia (1948-1978)\u201d. Insegna Critica cinematografica e Forme e generi dello spettacolo radio-televisivo presso l\u2019Universit\u00e0 di Torino e Storia, forme e modelli della sceneggiatura cinematografica presso l\u2019Universit\u00e0 di Genova. Le sue ricerche si concentrano sulla storia del cinema italiano, l\u2019analisi del film, la storia sociale e culturale del cinema, il cinema europeo degli anni &#8217;60 e &#8217;70 in relazione ai processi culturali, la storia dell\u2019attore cinematografico\u00a0e della recitazione. \u00c8 autore di numerosi saggi in volumi collettanei e riviste scientifiche come &#8220;L\u2019Avventura&#8221;, &#8220;Fata Morgana&#8221;, &#8220;Bianco &amp; Nero&#8221;, &#8220;Todomodo&#8221;, &#8220;Cinergie&#8221;; \u00e8 membro del CRAD (Centro Ricerche Attore e Divismo) e redattore della rivista &#8220;La Valle dell\u2019Eden. Rivista di Cinema, fotografia, media&#8221; dell\u2019Universit\u00e0 di Torino. Ha curato il libro <em>Elio Petri, uomo di cinema. Impegno, spettacolo, industria culturale<\/em> (Bonanno, 2015), ed \u00e8 autore del libro <em>Una storia moderna: Ugo Tognazzi. Cinema, cultura e societ\u00e0 italiana<\/em> (Kaplan, 2018).<\/p>\n<\/div>\n<\/div>\n<div class=\"row\">\n<h2>Universit\u00e0 degli Studi Link Campus University<\/h2>\n<div class=\"col-md-5\"><\/div>\n<div class=\"col-md-7\"><\/div>\n<\/div>\n<div class=\"row idcard\">\n<div class=\"col-md-4\">\n<p><img loading=\"lazy\" decoding=\"async\" class=\"alignnone wp-image-619\" src=\"http:\/\/sites.unimi.it\/comizidamore\/wp-content\/uploads\/2017\/08\/IMG_3318.jpeg\" alt=\"\" width=\"290\" height=\"334\" srcset=\"https:\/\/sites.unimi.it\/comizidamore\/wp-content\/uploads\/2017\/08\/IMG_3318.jpeg 459w, https:\/\/sites.unimi.it\/comizidamore\/wp-content\/uploads\/2017\/08\/IMG_3318-261x300.jpeg 261w\" sizes=\"auto, (max-width: 290px) 100vw, 290px\" \/><\/p>\n<\/div>\n<div class=\"col-md-8\">\n<p><strong>Valentina Re <\/strong>\u00e8 Professore ordinario presso l\u2019Universit\u00e0 degli Studi Link Campus University, dove insegna Teoria e tecnica dei media digitali. Ha conseguito il Dottorato in Studi teatrali e cinematografici all\u2019Universit\u00e0 di Bologna e dal 2009 al 2014 \u00e8 stata ricercatrice presso l\u2019Universit\u00e0 Ca\u2019 Foscari Venezia. Le sue attivit\u00e0 di ricerca riguardano principalmente i rapporti tra teorie del cinema, teorie dei media, estetica e teoria letteraria, i rapporti tra cinema e altri linguaggi, le forme di distribuzione, circolazione e consumo dell\u2019audiovisivo in ambiente digitale. \u00c8 senior editor della rivista &#8220;Cin\u00e9ma &amp; Cie&#8221;, redattrice della rivista &#8220;Cinergie&#8221;, e co-dirige le collane Innesti\/Crossroads (Ca\u2019 Foscari Digital Publishing) e Narrazioni Seriali (Mimesis). Oltre a numerosi contributi su riviste nazionali e internazionali, le sue pubblicazioni includono i volumi: <em>Streaming media. Distribuzione, circolazione, accesso<\/em> (Mimesis, 2017); <em>L\u2019innesto. Realt\u00e0 e finzioni da Matrix a 1Q84 <\/em>(con Alessandro Cinquegrani, Mimesis, 2014); <em>Cominciare dalla fine. Studi su Genette e il cinema <\/em>(Mimesis, 2012); <em>Visioni di altre visioni. Intertestualit\u00e0 e cinema <\/em>(con Giovanni Guagnelini, Archetipolibri, 2007); <em>Ai margini del film. Incipit e titoli di testa <\/em>(Campanotto, 2006).<\/p>\n<\/div>\n<\/div>\n<div class=\"row idcard\">\n<div class=\"col-md-4\">\n<p><img loading=\"lazy\" decoding=\"async\" class=\"alignnone wp-image-563\" src=\"http:\/\/sites.unimi.it\/comizidamore\/wp-content\/uploads\/2017\/08\/mandelli-300x300.png\" alt=\"\" width=\"290\" height=\"290\" srcset=\"https:\/\/sites.unimi.it\/comizidamore\/wp-content\/uploads\/2017\/08\/mandelli-300x300.png 300w, https:\/\/sites.unimi.it\/comizidamore\/wp-content\/uploads\/2017\/08\/mandelli-150x150.png 150w, https:\/\/sites.unimi.it\/comizidamore\/wp-content\/uploads\/2017\/08\/mandelli.png 720w\" sizes=\"auto, (max-width: 290px) 100vw, 290px\" \/><\/p>\n<\/div>\n<div class=\"col-md-8\">\n<p><strong>Elisa Mandelli<\/strong> \u00e8 assegnista di ricerca presso l\u2019Universit\u00e0 degli Studi Link Campus University Roma, dove insegna Teoria e tecniche dei nuovi media II. \u00c8 membro della redaztione della rivista &#8220;Cinergie&#8221; e ha pubblicato saggi in diverse riviste nazionali e internazionali. I suoi interessi di ricerca includono la storia del cinema italiano, i rapporti tra il cinema e le arti visive, l\u2019esposizione delle immagini in movimento negli spazi museali.<\/p>\n<\/div>\n<\/div>\n<div class=\"row\">\n<h2>Universit\u00e0 degli Studi di Messina<\/h2>\n<div class=\"col-md-5\"><\/div>\n<div class=\"col-md-7\"><\/div>\n<\/div>\n<div class=\"row idcard\">\n<div class=\"col-md-4\">\n<p><img loading=\"lazy\" decoding=\"async\" class=\"alignnone wp-image-555\" src=\"http:\/\/sites.unimi.it\/comizidamore\/wp-content\/uploads\/2017\/09\/vitella.png\" alt=\"\" width=\"290\" height=\"290\" srcset=\"https:\/\/sites.unimi.it\/comizidamore\/wp-content\/uploads\/2017\/09\/vitella.png 720w, https:\/\/sites.unimi.it\/comizidamore\/wp-content\/uploads\/2017\/09\/vitella-150x150.png 150w, https:\/\/sites.unimi.it\/comizidamore\/wp-content\/uploads\/2017\/09\/vitella-300x300.png 300w\" sizes=\"auto, (max-width: 290px) 100vw, 290px\" \/><\/p>\n<\/div>\n<div class=\"col-md-8\">\n<p><strong>Federico Vitella<\/strong> \u00e8 professore associato presso l\u2019Universit\u00e0 di Messina, dove insegna Storia del cinema e Teorie del cinema. Dal 2010 al 2014 ha lavorato presso il campus italiano della University of North Carolina at Chapell Hill. Co-dirige la rivista &#8220;L\u2019avventura. International Journal of Italian Film and Media Landscapes&#8221;, \u00e8 membro del direttivo dell\u2019Associazione italiana per le ricerche di storia del cinema (AIRSC) e fa parte del comitato scientifico della rivista &#8220;Immagine&#8221;. Le sue ricerche concernono la storia culturale del cinema italiano, con particolare attenzione per i modi di produzione, la tecnologia, la genetica testuale e il divismo. Ha curato numeri monografici delle riviste &#8220;Bianco e Nero&#8221;, &#8220;Immagine&#8221;, &#8220;Quaderni del CSCI&#8221; e pubblicato i volumi <em>Geometrie dello sguardo: contributi allo studio dei formati nel cinema italiano<\/em> (con Luca Mazzei, Carocci, 2009), <em>Il montaggio nella storia del cinema<\/em> (Marsilio, 2009), <em>L\u2019avventura<\/em> (Lindau, 2010),<em> Scandali segreti<\/em> (Marsilio, 2012; L\u2019amandier, 2015).<\/p>\n<\/div>\n<\/div>\n<div class=\"row idcard\">\n<div class=\"col-md-4\">\n<p><img loading=\"lazy\" decoding=\"async\" class=\"alignnone size-full wp-image-711\" src=\"http:\/\/sites.unimi.it\/comizidamore\/wp-content\/uploads\/2017\/08\/Foto-laura.jpg\" alt=\"\" width=\"290\" height=\"290\" srcset=\"https:\/\/sites.unimi.it\/comizidamore\/wp-content\/uploads\/2017\/08\/Foto-laura.jpg 721w, https:\/\/sites.unimi.it\/comizidamore\/wp-content\/uploads\/2017\/08\/Foto-laura-150x150.jpg 150w, https:\/\/sites.unimi.it\/comizidamore\/wp-content\/uploads\/2017\/08\/Foto-laura-300x300.jpg 300w\" sizes=\"auto, (max-width: 290px) 100vw, 290px\" \/><\/p>\n<\/div>\n<div class=\"col-md-8\">\n<p><strong>Laura Busetta<\/strong> \u00e8 Assegnista di ricerca presso l\u2019Universit\u00e0 di Messina nell\u2019ambito del progetto PRIN Comizi d&#8217;amore. Il cinema e la questione sessuale in Italia (1948-1978), all&#8217;interno dell&#8217;unit\u00e0 di ricerca coordinata da Federico Vitella. Ha conseguito nel 2013 il dottorato di ricerca in cinema alla Sapienza &#8211; Universit\u00e0 di Roma con una tesi sull\u2019autoritratto cinematografico. E\u2019 stata visiting scholar alla University College Cork (Irlanda) e alla NYU Tisch School of the Arts, e guest lecturer presso il dipartimento di Film del Birkbeck Institute for the Moving Image (Londra), dove ha tenuto seminari sul cinema italiano e organizzato convegni, proiezioni e giornate di studi. Ha pubblicato contributi in volumi e riviste scientifiche come &#8220;Bianco e Nero&#8221;, &#8220;Fata Morgana&#8221;, &#8220;Imago&#8221;, &#8220;Quaderni del CSCI&#8221;, &#8220;Alphaville&#8221;.<\/p>\n<\/div>\n<\/div>\n<div class=\"row idcard\">\n<div class=\"col-md-4\">\n<p><img loading=\"lazy\" decoding=\"async\" class=\"alignnone wp-image-654\" src=\"http:\/\/sites.unimi.it\/comizidamore\/wp-content\/uploads\/2017\/08\/CavaPrin.jpg\" alt=\"\" width=\"290\" height=\"293\" \/><\/p>\n<\/div>\n<div class=\"col-md-8\">\n<p><strong>Antonia Cava<\/strong> \u00e8 ricercatrice di Sociologia dei Processi Culturali e Comunicativi presso l\u2019Universit\u00e0 di Messina, dove insegna Industria culturale e Media Studies.\u00a0\u00c8 membro della sezione Processi Culturali del Centro Interuniversitario per le Ricerche sulla Sociologia del Diritto, dell\u2019Informazione e delle Istituzioni Giuridiche (CIRSDIG). La sua attivit\u00e0 di ricerca si muove lungo due filoni principali: l\u2019analisi dell\u2019immaginario mediale e le dinamiche di fruizione da parte dei pubblici. Tra le sue pubblicazioni,<i class=\"\">\u00a0Social Gossip. Dalla chiacchiera di cortile al web pettegolezzo<\/i>\u00a0(Aracne, 2015),\u00a0<i class=\"\">Noir Tv. La cronaca nera diventa format televisivo<\/i>\u00a0(Franco Angeli, 2013),<i class=\"\">\u00a0Da Disneyland a Sex and the City. Un\u2019analisi dei pregiudizi sui pubblici dei media<\/i>\u00a0(Franco Angeli, 2010).<\/p>\n<\/div>\n<\/div>\n<div class=\"row idcard\">\n<div class=\"col-md-4\">\n<div><img loading=\"lazy\" decoding=\"async\" class=\"alignnone wp-image-762\" src=\"http:\/\/sites.unimi.it\/comizidamore\/wp-content\/uploads\/2017\/08\/Foto-Cervini.jpg\" alt=\"\" width=\"290\" height=\"290\" \/><\/div>\n<\/div>\n<div class=\"col-md-8\">\n<p><strong>Alessia Cervini\u00a0<\/strong> \u00e8 Professore Associato presso l\u2019Universit\u00e0 degli Studi di Palermo, dove insegna Storia del cinema e Teoria del cinema. \u00c8 autrice dei volumi: <em>S.M. Ejzen\u0161tejn. L\u2019immagine estatica<\/em> (Ente dello Spettacolo, 2006); <em>Splendore e miseria del cinema. Le Histoire(s) di Jean-Luc Godard<\/em> (con Alessio Scarlato e Luca Venzi, Pellegrini, 2010), <em>La ricerca del metodo. Antropologia e storia delle forme in S.M. Ejzen\u0161tejn<\/em> (Mimesis, 2010). Ha curato: <em>Clint Eastwood<\/em> (con Alessandro Canad\u00e8, Pellegrini, 2012); <em>Jean-Pierre e Luc Dardenne<\/em> (con Luca Venzi, Pellegrini, 2013); <em>Il cinema russo attraverso i film<\/em> (con Alessio Scarlato, Carocci, 2013). \u00c8 autrice della voce \u201cUltimi\u201d per il <em>Lessico del cinema italiano. Forme di vita e forme di rappresentazione<\/em> (a cura di Roberto De Gaetano, 2015). Fa parte del comitato direttivo della rivista &#8220;Fata Morgana&#8221;.<\/p>\n<\/div>\n<\/div>\n","protected":false},"excerpt":{"rendered":"<p>Universit\u00e0 degli Studi di Milano Tomaso Subini \u00e8 professore associato presso l\u2019Universit\u00e0 degli Studi di Milano, dove insegna Storia e critica del cinema e Cultura visuale. \u00c8 direttore (insieme a<a href=\"https:\/\/sites.unimi.it\/comizidamore\/team\/\" class=\"more-link\">Read More <span class=\"screen-reader-text\">Team<\/span><\/a><\/p>\n","protected":false},"author":1,"featured_media":0,"parent":0,"menu_order":0,"comment_status":"closed","ping_status":"closed","template":"template-parts\/full-width-page.php","meta":{"footnotes":""},"class_list":["post-251","page","type-page","status-publish","hentry"],"_links":{"self":[{"href":"https:\/\/sites.unimi.it\/comizidamore\/wp-json\/wp\/v2\/pages\/251","targetHints":{"allow":["GET"]}}],"collection":[{"href":"https:\/\/sites.unimi.it\/comizidamore\/wp-json\/wp\/v2\/pages"}],"about":[{"href":"https:\/\/sites.unimi.it\/comizidamore\/wp-json\/wp\/v2\/types\/page"}],"author":[{"embeddable":true,"href":"https:\/\/sites.unimi.it\/comizidamore\/wp-json\/wp\/v2\/users\/1"}],"replies":[{"embeddable":true,"href":"https:\/\/sites.unimi.it\/comizidamore\/wp-json\/wp\/v2\/comments?post=251"}],"version-history":[{"count":99,"href":"https:\/\/sites.unimi.it\/comizidamore\/wp-json\/wp\/v2\/pages\/251\/revisions"}],"predecessor-version":[{"id":971,"href":"https:\/\/sites.unimi.it\/comizidamore\/wp-json\/wp\/v2\/pages\/251\/revisions\/971"}],"wp:attachment":[{"href":"https:\/\/sites.unimi.it\/comizidamore\/wp-json\/wp\/v2\/media?parent=251"}],"curies":[{"name":"wp","href":"https:\/\/api.w.org\/{rel}","templated":true}]}}