{"id":12,"date":"2021-03-29T17:03:13","date_gmt":"2021-03-29T15:03:13","guid":{"rendered":"https:\/\/sites.unimi.it\/fabbrichesi\/?page_id=12"},"modified":"2025-08-21T17:52:03","modified_gmt":"2025-08-21T15:52:03","slug":"crea-il-tuo-sito-web-con-i-blocchi","status":"publish","type":"page","link":"https:\/\/sites.unimi.it\/fabbrichesi\/","title":{"rendered":"Benvenuti"},"content":{"rendered":"\n<div style=\"height:12px\" aria-hidden=\"true\" class=\"wp-block-spacer\"><\/div>\n\n\n\n<div class=\"wp-block-columns alignwide are-vertically-aligned-center is-layout-flex wp-container-core-columns-is-layout-9d6595d7 wp-block-columns-is-layout-flex\">\n<div class=\"wp-block-column is-vertically-aligned-center is-layout-flow wp-block-column-is-layout-flow\" style=\"flex-basis:100%\">\n<div class=\"wp-block-group\"><div class=\"wp-block-group__inner-container is-layout-flow wp-block-group-is-layout-flow\">\n<p><strong>NEWS<\/strong><\/p>\n\n\n<ul class=\"wp-block-latest-posts__list is-grid columns-3 wp-block-latest-posts\"><li><div class=\"wp-block-latest-posts__featured-image\"><img loading=\"lazy\" decoding=\"async\" width=\"150\" height=\"150\" src=\"https:\/\/sites.unimi.it\/fabbrichesi\/wp-content\/uploads\/2025\/05\/locandina-definitiva-Deleuze-150x150.jpg\" class=\"attachment-thumbnail size-thumbnail wp-post-image\" alt=\"\" style=\"\" \/><\/div><a class=\"wp-block-latest-posts__post-title\" href=\"https:\/\/sites.unimi.it\/fabbrichesi\/2025\/05\/15\/convegno-su-deleuze\/\">Convegno su Deleuze<\/a><div class=\"wp-block-latest-posts__post-excerpt\">Marted\u00ec 20 e mercoled\u00ec 21 in Via Festa del Perdono 7 (aula 113) si terr\u00e0 il convegno &#8220;Sperimentare per concetti: il vocabolario di Gilles Deleuze&#8221; &hellip; <\/div><\/li>\n<li><div class=\"wp-block-latest-posts__featured-image\"><img loading=\"lazy\" decoding=\"async\" width=\"150\" height=\"150\" src=\"https:\/\/sites.unimi.it\/fabbrichesi\/wp-content\/uploads\/2025\/03\/Living_PRAGMAtisms_locandina-150x150.png\" class=\"attachment-thumbnail size-thumbnail wp-post-image\" alt=\"\" style=\"\" \/><\/div><a class=\"wp-block-latest-posts__post-title\" href=\"https:\/\/sites.unimi.it\/fabbrichesi\/2025\/03\/30\/living-pragmatism-ciclo-di-seminari-primavera-estate-2025\/\">Living Pragmatism: ciclo di seminari primavera\/estate 2025<\/a><div class=\"wp-block-latest-posts__post-excerpt\">Da febbraio 2025 \u00e8 partito il ciclo di incontri PragmaLAB &#8220;Living Pragmatism&#8221;. Scarica la locandina per i prossimi incontri.<\/div><\/li>\n<li><div class=\"wp-block-latest-posts__featured-image\"><img loading=\"lazy\" decoding=\"async\" width=\"150\" height=\"150\" src=\"https:\/\/sites.unimi.it\/fabbrichesi\/wp-content\/uploads\/2025\/03\/Locandina_esercizi-filosofici25_OK-1-150x150.png\" class=\"attachment-thumbnail size-thumbnail wp-post-image\" alt=\"\" style=\"\" \/><\/div><a class=\"wp-block-latest-posts__post-title\" href=\"https:\/\/sites.unimi.it\/fabbrichesi\/2025\/03\/30\/esercizi-filosofici-teorie-e-pratiche\/\">Esercizi filosofici: teorie e pratiche<\/a><div class=\"wp-block-latest-posts__post-excerpt\">Mercoled\u00ec 3 aprile 2025 dalle 12.30 alle 14.30 nella sede di Santa Sofia si terr\u00e0 un seminario dal titolo &#8220;Esercizi filosofici: teorie e pratiche&#8221; con &hellip; <\/div><\/li>\n<li><a class=\"wp-block-latest-posts__post-title\" href=\"https:\/\/sites.unimi.it\/fabbrichesi\/2024\/11\/17\/master-philosophy-for-community-universita-degli-studi-di-milano\/\">Master &#8220;Philosophy for Community&#8221; Universit\u00e0 degli Studi di Milano<\/a><div class=\"wp-block-latest-posts__post-excerpt\">Si comunica che stiamo lavorando ad una nuova edizione del bando (con nuovo ordinamento) per l&#8217;ammissione al Master di II livello in &#8220;Philosophy for Community&#8221; &hellip; <\/div><\/li>\n<li><div class=\"wp-block-latest-posts__featured-image\"><img loading=\"lazy\" decoding=\"async\" width=\"150\" height=\"150\" src=\"https:\/\/sites.unimi.it\/fabbrichesi\/wp-content\/uploads\/2024\/11\/Casa-Cultura-Locandina-immagini-0-150x150.jpg\" class=\"attachment-thumbnail size-thumbnail wp-post-image\" alt=\"\" style=\"\" \/><\/div><a class=\"wp-block-latest-posts__post-title\" href=\"https:\/\/sites.unimi.it\/fabbrichesi\/2024\/11\/17\/simone-weil-sulla-guerra-e-sulla-pace-intervento-alla-casa-della-cultura-di-milano\/\">&#8220;Simone Weil &#8211; Sulla guerra e sulla pace&#8221;, intervento alla Casa della Cultura di Milano<\/a><div class=\"wp-block-latest-posts__post-excerpt\">Il 6 novembre 2024 sono intervenuta alla Casa della Cultura di Milano all&#8217;interno del ciclo di incontri &#8220;Sulla contemporaneit\u00e0 tra guerra ed apocalisse &#8211; Verso &hellip; <\/div><\/li>\n<\/ul><\/div><\/div>\n<\/div>\n<\/div>\n\n\n\n<div class=\"wp-block-media-text alignwide is-stacked-on-mobile\" style=\"grid-template-columns:27% auto\"><figure class=\"wp-block-media-text__media\"><img loading=\"lazy\" decoding=\"async\" width=\"225\" height=\"300\" src=\"https:\/\/sites.unimi.it\/fabbrichesi\/wp-content\/uploads\/2021\/03\/Rossella-Fabbrichesi-225x300.jpg\" alt=\"Rossella Fabbrichesi\" class=\"wp-image-68 size-medium\" srcset=\"https:\/\/sites.unimi.it\/fabbrichesi\/wp-content\/uploads\/2021\/03\/Rossella-Fabbrichesi-225x300.jpg 225w, https:\/\/sites.unimi.it\/fabbrichesi\/wp-content\/uploads\/2021\/03\/Rossella-Fabbrichesi-45x60.jpg 45w, https:\/\/sites.unimi.it\/fabbrichesi\/wp-content\/uploads\/2021\/03\/Rossella-Fabbrichesi.jpg 300w\" sizes=\"auto, (max-width: 225px) 100vw, 225px\" \/><\/figure><div class=\"wp-block-media-text__content\">\n<h4 class=\"wp-block-heading\" id=\"mi-presento\">Mi presento \/ About Me<\/h4>\n\n\n\n<p>Insegno da pi\u00f9 di vent&#8217;anni Filosofia Teoretica all&#8217;Universit\u00e0 degli Studi di Milano. Sono  Dottoressa di Ricerca in Filosofia e Professoressa di Ruolo di Prima Fascia di Filosofia Teoretica con l&#8217;incarico di altri insegnamenti del mio settore disciplinare (Ermeneutica Filosofica LT e Filosofia delle pratiche LM).  (<a href=\"#mipresento\">Continua<\/a>&#8230;)<\/p>\n\n\n\n<p>For more than 20 years I have been teaching Theoretical Philosophy at the University of Milan \u201cLa Statale\u201d. I have a Ph. D. in Philosophy and am Full Professor of Hermeneutics, Theoretical Philosophy and Philosophy of Practices. (<a href=\"#aboutme\">Continue<\/a>&#8230;)<\/p>\n<\/div><\/div>\n\n\n\n<div class=\"wp-block-columns alignwide are-vertically-aligned-top is-style-twentytwentyone-columns-overlap is-layout-flex wp-container-core-columns-is-layout-9d6595d7 wp-block-columns-is-layout-flex\">\n<div class=\"wp-block-column is-vertically-aligned-top is-layout-flow wp-block-column-is-layout-flow\">\n<h4 class=\"wp-block-heading\" id=\"mi-presento\"><a name=\"mipresento\">Mi presento<\/a><\/h4>\n\n\n\n<p>La mia ricerca, originariamente centrata sul pensiero di C. S. Peirce &#8211; in particolare sulla sua semiotica e sul pragmatismo &#8211; si \u00e8 allargata allo studio degli aspetti pragmatisti del pensiero di Wittgenstein, per incrociare poi la tradizione ermeneutica. Mi sono occupata in particolare di Nietzsche, oltre che della tradizione genealogica e post-strutturalista che va da Foucault a Deleuze. I miei interessi scientifici sono volti all&#8217;interpretazione delle pratiche di pensiero e azione della nostra tradizione, un&#8217;interpretazione innestata su temi pragmatisti, ma aperta alle influenze delle filosofie sopra citate.<\/p>\n\n\n\n<p>Sono stata Presidente della Commissione Paritetica Docenti-Studenti di Filosofia e Scienze Filosofiche. Partecipo al Collegio del Dottorato di Filosofia e Scienze dell&#8217;uomo della mia Universit\u00e0. Inoltre, nell&#8217;ambito del progetto di Eccellenza del Dipartimento di Filosofia ho contribuito a creare <a href=\"http:\/\/peirce.unimi.it\/\">The Peirce Research Group<\/a>, di cui sono responsabile scientifico. Sono co-fondatrice e membro dell&#8217;<a href=\"http:\/\/www.associazionepragma.com\">Associazione Pragma<\/a>, del <a href=\"http:\/\/host.uniroma3.it\/centri\/pcf\/\">Centro di Ricerca Interuniversitario sul Pragmatismo<\/a>, <a href=\"http:\/\/host.uniroma3.it\/centri\/pcf\/\">la costruzione dei saperi e la formazione <\/a>, operante nell&#8217;Ateneo di Milano e del <a href=\"http:\/\/philhabits.org\">Centro di Ricerca interuniversitario PhilHabit..<\/a><\/p>\n\n\n\n<p>In ambito internazionale sono stata Presidente della <a href=\"http:\/\/www.peircesociety.org\">C. S. Peirce Society<\/a> e partecipo attivamente alla vita di questa Societ\u00e0 e alla diffusione del pensiero di Peirce. Ho svolto conferenze e lezioni dottorali su temi pragmatisti in in Italia, Francia, Germania, Portogallo, Finlandia, USA, Brasile, Cina.<\/p>\n\n\n\n<p>Sono direttrice della rivista di Filosofia <a href=\"http:\/\/riviste.unimi.it\/index.php\/noema\/\">&#8220;Noema&#8221;<\/a> e sono nel Comitato Scientifico di tre riviste internazionali e di Fascia A: <a href=\"https:\/\/journals.openedition.org\/ejpap\/.\">\u201cEuropean Journal of Pragmatism and American Philosophy<\/a>&#8220;, \u201c<a href=\"https:\/\/revistas.pucsp.br\/index.php\/cognitiofilosofia\/index\">Cognitio<\/a>\u201d (San Paolo, Brasile) &#8220;<a href=\"https:\/\/www.psupress.org\/journals\/jnls_jsp.html\">Journal of Speculative Philosophy<\/a>&#8221; (PSU, USA). Sono membro dell\u2019Advisory Board della collana \u201cPeirceana\u201d(De Gruyter) e di altre riviste e collane italiane (ETS, Mimesis, Negretto).<\/p>\n\n\n\n<p>L&#8217;elenco delle mie pubblicazioni si pu\u00f2 vedere <a href=\"https:\/\/sites.unimi.it\/fabbrichesi\/pubblicazioni\/\">qui<\/a>.<\/p>\n\n\n\n<div class=\"wp-block-columns is-layout-flex wp-container-core-columns-is-layout-9d6595d7 wp-block-columns-is-layout-flex\">\n<div class=\"wp-block-column is-layout-flow wp-block-column-is-layout-flow\">\n<h4 class=\"wp-block-heading\" id=\"contatti\">Contatti<\/h4>\n\n\n\n<p>Sede di lavoro: Via Festa del Perdono, 7, 20122 MILANO (MI)<\/p>\n\n\n\n<p>Numero di telefono dell&#8217;ufficio: 02503 12368<\/p>\n\n\n\n<p>E-mail di ateneo: <a href=\"mailto:rossella.fabbrichesi@unimi.it\">rossella.fabbrichesi@unimi.it<\/a><\/p>\n<\/div>\n<\/div>\n<\/div>\n\n\n\n<div class=\"wp-block-column is-vertically-aligned-top is-layout-flow wp-block-column-is-layout-flow\">\n<h4 class=\"wp-block-heading\"><a name=\"aboutme\">About me<\/a><\/h4>\n\n\n\n<p>My research began with Peirce, especially his semiotics and pragmatism, and has continued throughout the years on his phaneroscopy, metaphysics and logic. I\u2019ve been President of the Charles Peirce Society and take active part in many initiatives in the field of the Peirce scholarship. I have studied, written, and held lectures on Wittgenstein and the pragmatist aspects of his philosophy, on hermeneutics and Nietzsche\u2019s perspectivism and on genealogy. In my current research the relationship between pragmatism and hermeneutics is being explored, as well as Foucault\u2019s genealogy and subjectivation and Deleuze\u2019s post-structuralism. In a theoretical sense, I aim at a theory of practices that uses the reflexions of the philosophers of the hermeneutical and genealogical tradition in the light of pragmatism.<\/p>\n\n\n\n<p>On these themes I organized and participated in many conferences and workshops in Italy, France, Germany, Portugal, Finland, USA, Brazil, China.<\/p>\n\n\n\n<p>I&#8217;ve been President of \u201cCommissione Paritetica Docenti-Studenti di Filosofia e Scienze Filosofiche\u201d and a member of the Ph. D. Committee at my University. I am General Editor of a website dedicated to Peirce, <a href=\"http:\/\/peirce.unimi.it\/\" target=\"_blank\" rel=\"noreferrer noopener\">The Peirce Research Group<\/a>. I am co-founder and past-President of <a href=\"http:\/\/www.associazionepragma.com\" target=\"_blank\" rel=\"noreferrer noopener\">Associazione Pragma<\/a> and member of<a href=\"http:\/\/host.uniroma3.it\/centri\/pcf\/\"> Centro Universitario sul Pragmatismo, la costruzione dei saperi e la formazione<\/a> and of the <a href=\"http:\/\/philhabits.org\">Interuniversity Center PHILHABITS<\/a>, on the philosophy of habits. I am General Editor of the philosophy journal <a href=\"http:\/\/riviste.unimi.it\/index.php\/noema\/\" target=\"_blank\" rel=\"noreferrer noopener\">&#8220;Noema&#8221;<\/a> and member of the Scientific Board of the following international journals: <a href=\"https:\/\/journals.openedition.org\/ejpap\/\" target=\"_blank\" rel=\"noreferrer noopener\">\u201cEuropean Journal of Pragmatism and American Philosophy<\/a>&#8221; \u201c<a href=\"https:\/\/revistas.pucsp.br\/index.php\/cognitiofilosofia\/index\" target=\"_blank\" rel=\"noreferrer noopener\">Cognitio<\/a>\u201d (Sao Paulo, Brasile),<a href=\"http:\/\/psupress.org\/journals\/jnls_jsp.html\"> &#8220;Journal of Speculative Philosophy&#8221;<\/a>(PSU, USA). I am in the Advisory Board of the series \u201cPeirceana\u201d (De Gruyter) and of some other Italian journals and series (ETS, Mimesis, Negretto).<\/p>\n\n\n\n<p><a href=\"https:\/\/sites.unimi.it\/fabbrichesi\/pubblicazioni\/\">Here <\/a>you can see all my publications.<\/p>\n<\/div>\n<\/div>\n\n\n\n<div style=\"height:50px\" aria-hidden=\"true\" class=\"wp-block-spacer\"><\/div>\n\n\n\n<div class=\"wp-block-columns alignwide are-vertically-aligned-top is-layout-flex wp-container-core-columns-is-layout-9d6595d7 wp-block-columns-is-layout-flex\">\n<div class=\"wp-block-column is-vertically-aligned-top is-layout-flow wp-block-column-is-layout-flow\">\n<h3 class=\"wp-block-heading\" id=\"pubblicazioni\">Pubblicazioni<\/h3>\n\n\n\n<p>Vedi le mie pubblicazioni, visita <a href=\"https:\/\/sites.unimi.it\/fabbrichesi\/pubblicazioni\/\">questa pagina.<\/a><\/p>\n<\/div>\n\n\n\n<div class=\"wp-block-column is-vertically-aligned-top is-layout-flow wp-block-column-is-layout-flow\">\n<h3 class=\"wp-block-heading\" id=\"peirce-research-group\">Peirce Research Group<\/h3>\n\n\n\n<p>Il\u00a0Gruppo di Ricerca su Peirce di Milano (gi\u00e0 Centro Studi Peirce, e ora confluito nel PragmaLab ) comprende studiosi del pensiero di Peirce variamente collegati alla scuola milanese\u00a0di indagine su Peirce e il pragmatismo, inaugurata da Carlo Sini e proseguita da Rossella Fabbrichesi. (<a href=\"http:\/\/peirce.unimi.it\/contatti\/\">leggi di pi\u00f9<\/a>)<\/p>\n<\/div>\n\n\n\n<div class=\"wp-block-column is-vertically-aligned-top is-layout-flow wp-block-column-is-layout-flow\">\n<h3 class=\"wp-block-heading\" id=\"attivita-didattica\">Attivit\u00e0 didattica<\/h3>\n\n\n\n<p>Quest&#8217;anno insegno al corso triennale di Ermeneutica Filosofica e al corso magistrale di Filosofia delle pratiche. <a href=\"https:\/\/www.unimi.it\/it\/ugov\/person\/rossella-fabbrichesi\">Visita il sito di Unimi <\/a>o la pagina dedicata in questo sito per i programmi. Per gli aggiornamenti consulta il sito www.ariel.unimi.it.<\/p>\n\n\n\n<p><\/p>\n<\/div>\n<\/div>\n\n\n\n<div style=\"height:13px\" aria-hidden=\"true\" class=\"wp-block-spacer\"><\/div>\n","protected":false},"excerpt":{"rendered":"<p>NEWS Mi presento \/ About Me Insegno da pi\u00f9 di vent&#8217;anni Filosofia Teoretica all&#8217;Universit\u00e0 degli Studi di Milano. Sono Dottoressa di Ricerca in Filosofia e &hellip; <\/p>\n","protected":false},"author":1,"featured_media":0,"parent":0,"menu_order":0,"comment_status":"closed","ping_status":"closed","template":"","meta":{"ngg_post_thumbnail":0,"footnotes":""},"class_list":["post-12","page","type-page","status-publish","hentry"],"_links":{"self":[{"href":"https:\/\/sites.unimi.it\/fabbrichesi\/wp-json\/wp\/v2\/pages\/12","targetHints":{"allow":["GET"]}}],"collection":[{"href":"https:\/\/sites.unimi.it\/fabbrichesi\/wp-json\/wp\/v2\/pages"}],"about":[{"href":"https:\/\/sites.unimi.it\/fabbrichesi\/wp-json\/wp\/v2\/types\/page"}],"author":[{"embeddable":true,"href":"https:\/\/sites.unimi.it\/fabbrichesi\/wp-json\/wp\/v2\/users\/1"}],"replies":[{"embeddable":true,"href":"https:\/\/sites.unimi.it\/fabbrichesi\/wp-json\/wp\/v2\/comments?post=12"}],"version-history":[{"count":40,"href":"https:\/\/sites.unimi.it\/fabbrichesi\/wp-json\/wp\/v2\/pages\/12\/revisions"}],"predecessor-version":[{"id":367,"href":"https:\/\/sites.unimi.it\/fabbrichesi\/wp-json\/wp\/v2\/pages\/12\/revisions\/367"}],"wp:attachment":[{"href":"https:\/\/sites.unimi.it\/fabbrichesi\/wp-json\/wp\/v2\/media?parent=12"}],"curies":[{"name":"wp","href":"https:\/\/api.w.org\/{rel}","templated":true}]}}