{"id":282,"date":"2019-05-28T14:05:54","date_gmt":"2019-05-28T12:05:54","guid":{"rendered":"http:\/\/users.unimi.it\/guala\/?page_id=282"},"modified":"2019-05-28T14:05:54","modified_gmt":"2019-05-28T12:05:54","slug":"privacy-and-cookies","status":"publish","type":"page","link":"https:\/\/sites.unimi.it\/guala\/privacy-and-cookies\/","title":{"rendered":"Privacy and cookies"},"content":{"rendered":"<p>Premessa<\/p>\n<p>Ai sensi dell\u2019art. 13 del Regolamento (UE) 2016\/679 (Regolamento Generale sulla Protezione dei Dati o RGPD), l\u2019Universit\u00e0 degli Studi di Milano (nel seguito indicata anche come \u201cAteneo\u201d) nella persona del Rettore pro tempore, informa gli utenti in merito all\u2019utilizzo dei dati personali che li riguardano da parte del sito web https:\/\/users.unimi.it\/guala\/ (di seguito anche \u201csito\u201d).<br \/>\nLa presente informativa \u00e8 limitata al solo sito https:\/\/users.unimi.it\/guala\/ e non ha valore per i siti esterni anche se accessibili a partire da link presenti su https:\/\/users.unimi.it\/guala\/.<br \/>\nResta ferma l\u2019osservanza da parte dell\u2019Universit\u00e0 degli Studi di Milano della vigente normativa in materia di trasparenza e di pubblicazione obbligatoria di dati e documenti. <\/p>\n<p>1. Titolare del trattamento e Responsabile per la protezione dei dati (RPD)<br \/>\nTitolare del trattamento dei dati \u00e8 l\u2019Universit\u00e0 degli Studi di Milano, nella persona del Rettore pro tempore, via Festa del Perdono n. 7, 20122 Milano, e-mail infoprivacy@unimi.it. Ai sensi degli artt. 37 e seguenti del Regolamento UE 2016\/679, l\u2019Ateneo ha nominato il Responsabile per la protezione dei dati (RPD) contattabile all\u2019indirizzo e-mail dpo@unimi.it. Per informazioni o approfondimenti sull\u2019utilizzo dei dati personali da parte del sito, contattare Francesco Guala (francesco.guala \u201csymbol\u201d unimi.it)<\/p>\n<p>2. Finalit\u00e0 e base giuridica del trattamento<\/p>\n<p>Vengono elencati, di seguito, i dati che potrebbero essere trattati:<\/p>\n<p>&#8211; dati di navigazione. A titolo d\u2019esempio: indirizzo IP, tipo di browser e parametri del dispositivo usato per connettersi al sito, nome dell\u2019internet service provider (ISP), data ed orario di visita, pagina web di provenienza del visitatore (referral) e di uscita;<br \/>\n&#8211; dati raccolti attraverso cookies durante lo svolgimento dell\u2019attivit\u00e0 di navigazione sul sito web da parte degli utenti.  Per ulteriori approfondimenti in merito ai cookie utilizzati dal portale web o dai siti che ne costituiscono il sistema, consulta il paragrafo 6 e i suoi sottoparagrafi.<\/p>\n<p>Le suddette informazioni sono trattate in forma automatizzata e raccolte in forma aggregata al fine di verificare il corretto funzionamento del sito e per motivi di sicurezza.<br \/>\nTali informazioni saranno trattate in base al legittimo interesse del titolare.<br \/>\nAi fini di sicurezza (filtri antispam, firewall, rilevazione virus), i dati registrati automaticamente possono eventualmente comprendere dati personali come l\u2019indirizzo IP, che potrebbe essere utilizzato, in conformit\u00e0 alla legge vigente, al fine di bloccare tentativi di danneggiamento al sito o di recare danno ad altri utenti, o comunque attivit\u00e0 dannose o costituenti reato. In ogni caso tali dati non verranno mai utilizzati a fini di profilazione dell\u2019utenza del sito ma solo a fini di tutela del sito e dei suoi utenti.<br \/>\nLe basi giuridiche del trattamento sono quindi l\u2019ottemperanza a obblighi di legge e contrattuali, l\u2019adempimento di specifiche richieste dell\u2019interessato prima della conclusione del contratto e il trattamento dei dati connesso alla gestione di eventuali reclami o contenziosi e per la prevenzione e repressione di frodi e di qualsiasi attivit\u00e0 illecita. <\/p>\n<p>3. Tipi di dati trattati<\/p>\n<p>I Dati Personali sono raccolti per le seguenti finalit\u00e0 ed utilizzando i seguenti servizi.<br \/>\nI sistemi informatici e le procedure applicative preposte al funzionamento del sito acquisiscono, nel corso del loro normale esercizio, alcuni dati la cui trasmissione \u00e8 implicita nell\u2019uso dei protocolli di comunicazione sulla Internet.<br \/>\nTali informazioni vengono utilizzate per ricavare informazioni statistiche anonime sull\u2019uso del portale e per controllarne il corretto funzionamento e non sono associate a utenti identificati; tuttavia per loro natura e mediante associazioni con dati detenuti da terzi, potrebbero consentire l\u2019identificazione degli interessati. Rientra in questa categoria, ad esempio, l\u2019indirizzo IP del sistema utilizzato per collegarsi al portale.<br \/>\nQuesti dati vengono rimossi dai sistemi dopo l\u2019elaborazione delle statistiche e sono conservati off-line esclusivamente per accertamenti di responsabilit\u00e0 in caso di reati informatici e consultabili solo su richiesta dell\u2019autorit\u00e0 giudiziaria.<br \/>\nPer l\u2019utilizzo di servizi on-line che prevedono l\u2019autenticazione, la registrazione o l\u2019invio di e-mail sono utilizzati dati personali forniti liberamente dagli utenti secondo diverse modalit\u00e0.<br \/>\nL&#8217;invio facoltativo, esplicito e volontario di posta elettronica agli indirizzi indicati sul sito comporta la successiva acquisizione dell&#8217;indirizzo del mittente, necessario per rispondere alle richieste, nonch\u00e9 degli eventuali altri dati personali inseriti nella missiva.<\/p>\n<p>\u2022\tWeb fonts di Google Fonts \u2013 Privacy policy   <\/p>\n<p>4. Facoltativit\u00e0 del conferimento dei dati<br \/>\nAlcuni dati richiesti (es. quelli per la registrazione) sono obbligatori e il loro mancato conferimento comporta l\u2019impossibilit\u00e0 di fornire il servizio richiesto.<br \/>\nIn modo analogo la mancata comunicazione di alcuni dati eventualmente richiesti per la sottoscrizione di servizi online pu\u00f2 comportare l\u2019impossibilit\u00e0 di fruire del servizio prescelto.<br \/>\nI dati di registrazione e quelli di sottoscrizione sono conferiti volontariamente.<br \/>\nIl soggetto che effettua la registrazione d\u00e0 liberamente il consenso al trattamento dei dati, consapevole che in assenza di tale consenso la registrazione e la sottoscrizione dei servizi non possono aver luogo.<br \/>\nI trattamenti effettuati prima della revoca del consenso da parte dell\u2019interessato resteranno comunque validi.<\/p>\n<p>5. Modalit\u00e0 del trattamento<br \/>\nLa raccolta dei dati avviene nel rispetto dei principi di pertinenza, completezza e non eccedenza in relazione ai fini per i quali sono trattati. I dati personali conferiti sono trattati in osservanza dei principi di liceit\u00e0, correttezza e trasparenza, previsti dall\u2019articolo 5 RGPD, anche con l\u2019ausilio di strumenti informatici e telematici atti a memorizzare e gestire i dati stessi, e comunque in modo tale da garantirne la sicurezza e tutelare la massima riservatezza dell\u2019interessato. <\/p>\n<p>6. Utilizzo di cookie<br \/>\nI cookie sono file di testo che vengono depositati sui computer degli utenti web per consentire l\u2019esplorazione sicura ed efficiente del sito e monitorarne l\u2019utilizzo.<br \/>\nIl sito https:\/\/users.unimi.it\/guala\/ utilizza cookie tecnici.<br \/>\nNon vengono utilizzati cookie con esplicite finalit\u00e0 di profilazione o per finalit\u00e0 differenti da quelle qui dichiarate.<br \/>\nTuttavia, potrebbero esseri installati cookie di profilazione o con finalit\u00e0 differenti da quelle qui dichiarate in conseguenza dell\u2019eventuale utilizzo dei servizi di terze parti elencati nel par. 6.3.<\/p>\n<p>6.1 Cookie tecnici  <\/p>\n<p>ll presente sito web utilizza cookie tecnici (di navigazione o di funzionalit\u00e0, di sessione e \/ o persistenti) o ad essi assimilabili per funzionare ed essere visualizzato correttamente, consentire l\u2019eventuale autenticazione ad aree riservate o migliorare l\u2019esperienza di navigazione (es. tramite la memorizzazione delle preferenze inserite o di evitare di reinserire nome utente e password pi\u00f9 volte).<br \/>\nDal momento che non \u00e8 necessario il consenso alla loro installazione, questi cookie verranno sempre utilizzati ed inviati al browser in uso, a meno che l\u2019utente non ne modifichi le impostazioni (inficiando, in questo modo, la   corretta fruizione dei servizi messi a disposizione o dei contenuti del sito).<\/p>\n<p>Cookie tecnici utilizzati:<\/p>\n<p>Nome\tOrigine\tFunzione \/ dati raccolti \tScadenza<br \/>\nwordpress_*,<br \/>\nwordpress_logged_in_*,<br \/>\nwordpress_sec_*,<br \/>\nwordpress_test_*, wordpress_test_cookie, _wp_session<\/p>\n<p>Wp-settings-*,<br \/>\nwp-settings-time-*\thttps:\/\/users.unimi.it\/guala\/\tMigliorare i servizi per gli utenti del sito, consentire o facilitare la navigazione (es: utenticare gli utenti registrati, memorizzare le preferenze, impostare la lingua e tenere traccia delle pagine visitate).<br \/>\nSessione<br \/>\n1 anno<\/p>\n<p>6.2 Come disabilitare i cookie (opt-out)<br \/>\n\u00c8 possibile gestire le preferenze relative ai cookie direttamente all&#8217;interno del browser utilizzato per impedire, ad esempio, che terze parti possano raccogliere dati indiscriminatamente.<br \/>\nTramite le preferenze del browser \u00e8 possibile eliminare i cookie installati, incluso il cookie in cui venga eventualmente salvato il consenso all&#8217;installazione di cookie da parte di questo sito.<br \/>\nE\u2019 possibile reperire informazioni su come gestire i cookie con alcuni dei browser pi\u00f9 diffusi visitando le seguenti pagine web: <\/p>\n<p>Internet Explorer:<br \/>\nhttp:\/\/windows.microsoft.com\/it-IT\/internet-explorer\/delete-managecookies#ie=ie-10<br \/>\nGoogle Chrome:<br \/>\nhttps:\/\/support.google.com\/chrome\/answer\/95647?hl=it<br \/>\nMozilla Firefox: http:\/\/support.mozilla.org\/it\/kb\/Gestione%20dei%20cookie?redirectlocale=enUS&#038;redirectslug=Cookies<br \/>\nOpera:<br \/>\nhttp:\/\/help.opera.com\/Windows\/10.00\/it\/cookies.html<br \/>\nApple Safari:<br \/>\nhttp:\/\/www.apple.com\/it\/privacy\/use-of-cookies\/<\/p>\n<p>La disattivazione dei cookie di terze parti \u00e8 possibile, inoltre:<\/p>\n<p>a.\tattraverso le modalit\u00e0 descritte nelle rispettive informative e\/o rese disponibili direttamente dalle  societ\u00e0 terze.<\/p>\n<p>b.\tintervenendo, se installato, sulle impostazioni del plugin che produce il banner di notifica di utilizzo di cookie (c.d. informativa breve).<\/p>\n<p>Altre utili informazioni sulle possibilit\u00e0 di scelta in merito all\u2019utilizzo dei cookie sono disponibili all\u2019indirizzo www.youronlinechoices.com.<\/p>\n<p>7. Categorie di soggetti autorizzati al trattamento e ai quali i dati possono essere comunicati<\/p>\n<p>I dati personali degli utenti saranno conosciuti e trattati, nel rispetto della vigente normativa in materia, dal personale del Dipartimento di Filosofia (individuati come Autorizzati al trattamento) coinvolto nella manutenzione del sito.<br \/>\nI dati potranno essere comunicati:<br \/>\na) alle strutture dell\u2019Ateneo che ne facciano richiesta, per le finalit\u00e0 istituzionali dell\u2019Ateneo o in osservanza di obblighi legislativi;<br \/>\nb) a soggetti pubblici non economici o consorzi partecipati dall\u2019Ateneo (ad es. MIUR) quando la comunicazione \u00e8 necessaria per lo svolgimento di funzioni istituzionali dell\u2019ente richiedente;<br \/>\nc) ad alcuni soggetti esterni, individuati come Responsabili del trattamento ex art. 28 RGPD;<br \/>\n\u00c8 fatta salva, in ogni caso, la comunicazione o diffusione di dati richiesti, in conformit\u00e0 alla legge, dall\u2019Autorit\u00e0 di Pubblica Sicurezza, dall\u2019Autorit\u00e0 Giudiziaria o da altri soggetti pubblici per finalit\u00e0 di difesa, sicurezza dello Stato ed accertamento dei reati, nonch\u00e9 la comunicazione all\u2019Autorit\u00e0 Giudiziaria in ottemperanza ad obblighi di legge, laddove si ravvisino ipotesi di reato. Non saranno, infine, trasferiti dati personali verso Paesi terzi od organizzazioni internazionali a meno che ci\u00f2 non sia strettamente connesso a richieste specifiche provenienti dall\u2019utente o a necessit\u00e0 legate alla finalizzazione dell\u2019intervento, per le quali si acquisir\u00e0 apposito consenso. <\/p>\n<p>8.  Conservazione dei dati <\/p>\n<p>I dati saranno conservati dall\u2019Universit\u00e0 degli studi di Milano per il tempo strettamente necessario al perseguimento delle finalit\u00e0 indicate e nel rispetto degli obblighi di legge.<\/p>\n<p>9.  Diritti dell\u2019interessato <\/p>\n<p>L\u2019Interessato pu\u00f2 proporre reclamo a un\u2019Autorit\u00e0 di controllo ed esercitare ai sensi degli artt. da 15 a 22 del RGPD il diritto di:<br \/>\n&#8211; proporre reclamo a un\u2019Autorit\u00e0 di controllo;<br \/>\n&#8211; chiedere ai contitolari del trattamento l&#8217;accesso ai dati personali che lo riguardano, la rettifica o la cancellazione degli stessi, la limitazione del trattamento;<br \/>\n&#8211; opporsi al trattamento;<br \/>\n&#8211; chiedere la portabilit\u00e0 dei dati,  <\/p>\n<p>rivolgendosi ai seguenti contatti: Responsabile della Protezione dei Dati  &#8211; e-mail: dpo@pec.unimi.it. <\/p>\n<p>10. Modifiche alle Informazioni<\/p>\n<p>Le presenti informazioni potrebbero subire delle modifiche nel tempo. Si consiglia, pertanto, di verificare, nella sezione Privacy del sito web https:\/\/users.unimi.it\/guala\/, che la versione a cui ci si riferisce sia la pi\u00f9 aggiornata.<\/p>\n","protected":false},"excerpt":{"rendered":"<p>Premessa Ai sensi dell\u2019art. 13 del Regolamento (UE) 2016\/679 (Regolamento Generale sulla Protezione dei Dati o RGPD), l\u2019Universit\u00e0 degli Studi di Milano (nel seguito indicata anche come \u201cAteneo\u201d) nella persona del Rettore pro tempore, informa gli utenti in merito all\u2019utilizzo dei dati personali che li riguardano da parte del sito web https:\/\/users.unimi.it\/guala\/ (di seguito anche &hellip; <a href=\"https:\/\/sites.unimi.it\/guala\/privacy-and-cookies\/\" class=\"more-link\">Continue reading<span class=\"screen-reader-text\"> &#8220;Privacy and cookies&#8221;<\/span><\/a><\/p>\n","protected":false},"author":1,"featured_media":0,"parent":0,"menu_order":0,"comment_status":"closed","ping_status":"closed","template":"","meta":{"footnotes":""},"class_list":["post-282","page","type-page","status-publish","hentry"],"_links":{"self":[{"href":"https:\/\/sites.unimi.it\/guala\/wp-json\/wp\/v2\/pages\/282","targetHints":{"allow":["GET"]}}],"collection":[{"href":"https:\/\/sites.unimi.it\/guala\/wp-json\/wp\/v2\/pages"}],"about":[{"href":"https:\/\/sites.unimi.it\/guala\/wp-json\/wp\/v2\/types\/page"}],"author":[{"embeddable":true,"href":"https:\/\/sites.unimi.it\/guala\/wp-json\/wp\/v2\/users\/1"}],"replies":[{"embeddable":true,"href":"https:\/\/sites.unimi.it\/guala\/wp-json\/wp\/v2\/comments?post=282"}],"version-history":[{"count":1,"href":"https:\/\/sites.unimi.it\/guala\/wp-json\/wp\/v2\/pages\/282\/revisions"}],"predecessor-version":[{"id":284,"href":"https:\/\/sites.unimi.it\/guala\/wp-json\/wp\/v2\/pages\/282\/revisions\/284"}],"wp:attachment":[{"href":"https:\/\/sites.unimi.it\/guala\/wp-json\/wp\/v2\/media?parent=282"}],"curies":[{"name":"wp","href":"https:\/\/api.w.org\/{rel}","templated":true}]}}