{"id":1254,"date":"2021-05-25T06:54:41","date_gmt":"2021-05-25T06:54:41","guid":{"rendered":"https:\/\/sites.unimi.it\/mapa\/?page_id=1254"},"modified":"2022-07-30T08:21:29","modified_gmt":"2022-07-30T08:21:29","slug":"obiettivi-formativi","status":"publish","type":"page","link":"https:\/\/sites.unimi.it\/mapa\/obiettivi-formativi\/","title":{"rendered":"Obiettivi Formativi"},"content":{"rendered":"<div id=\"pl-1254\"  class=\"panel-layout\" ><div id=\"pg-1254-0\"  class=\"panel-grid panel-no-style\" ><div id=\"pgc-1254-0-0\"  class=\"panel-grid-cell\" ><div id=\"panel-1254-0-0-0\" class=\"so-panel widget widget_sow-editor panel-first-child panel-last-child\" data-index=\"0\" ><div\n\t\t\t\n\t\t\tclass=\"so-widget-sow-editor so-widget-sow-editor-base\"\n\t\t\t\n\t\t>\n<div class=\"siteorigin-widget-tinymce textwidget\">\n\t<p><img loading=\"lazy\" decoding=\"async\" class=\" wp-image-1289 alignright\" src=\"https:\/\/sites.unimi.it\/mapa\/wp-content\/uploads\/2021\/05\/aula_magna_gremita_alluniversita_degli_studi_di_milano-300x150.jpg\" alt=\"\" width=\"400\" height=\"200\" srcset=\"https:\/\/sites.unimi.it\/mapa\/wp-content\/uploads\/2021\/05\/aula_magna_gremita_alluniversita_degli_studi_di_milano-300x150.jpg 300w, https:\/\/sites.unimi.it\/mapa\/wp-content\/uploads\/2021\/05\/aula_magna_gremita_alluniversita_degli_studi_di_milano.jpg 600w\" sizes=\"auto, (max-width: 400px) 100vw, 400px\" \/>Il master intende dare una formazione professionale e specialistica per figure di carattere dirigenziale e pre dirigenziale delle Pubbliche Amministrazioni.<\/p>\n<p>Si rivolge:<\/p>\n<ul>\n<li>Ai neolaureati che intendono entrare nella pubblica amministrazione direttamente nelle qualifiche pre dirigenziali dei diversi comparti (per esempio categoria D negli enti locali), preparandoli anche ai fini di affrontare le prove concorsuali di accesso alla p.a.;<\/li>\n<li>Ai laureati che intendono accedere alla qualifica dirigenziale attraverso il corso concorso della Scuola nazionale di amministrazione;<\/li>\n<li>Alle persone che occupano posizioni pre dirigenziali delle pubbliche amministrazioni al fine avere una visione pi\u00f9 ampia della gestione delle istituzioni pubbliche e degli strumenti di gestione delle stesse, nonch\u00e9 ai fini di possibili avanzamenti di carriera;<\/li>\n<li>Alle persone gi\u00e0 con funzioni di carattere dirigenziale che intendono completare le loro conoscenze nella gestione delle pubbliche amministrazioni ed avere una visione meno specialistica del loro lavoro.<\/li>\n<\/ul>\n<p>Dal punto di vista didattico il corso si sviluppa attraverso le seguenti fasi:<\/p>\n<ol>\n<li>conoscenze dei fondamenti, necessarie per fornire al discente le teorie e i fondamenti concettuali relativi al management pubblico.<\/li>\n<li>Sviluppo personale, per fornire le competenze relazionali e di <em>problem solving<\/em>, attraverso corsi di <em>empowerment <\/em>personale;<\/li>\n<li>Percorsi specialistici, a scelta tra general management e management delle universit\u00e0.<\/li>\n<\/ol>\n<p><img loading=\"lazy\" decoding=\"async\" class=\" wp-image-1269 aligncenter\" src=\"https:\/\/sites.unimi.it\/mapa\/wp-content\/uploads\/2021\/05\/img2-300x95.jpg\" alt=\"\" width=\"496\" height=\"157\" srcset=\"https:\/\/sites.unimi.it\/mapa\/wp-content\/uploads\/2021\/05\/img2-300x95.jpg 300w, https:\/\/sites.unimi.it\/mapa\/wp-content\/uploads\/2021\/05\/img2-1024x323.jpg 1024w, https:\/\/sites.unimi.it\/mapa\/wp-content\/uploads\/2021\/05\/img2-768x243.jpg 768w, https:\/\/sites.unimi.it\/mapa\/wp-content\/uploads\/2021\/05\/img2-1536x485.jpg 1536w, https:\/\/sites.unimi.it\/mapa\/wp-content\/uploads\/2021\/05\/img2.jpg 1900w\" sizes=\"auto, (max-width: 496px) 100vw, 496px\" \/><\/p>\n<p>Con riferimento al percorso di <em>general management<\/em> gli obiettivi formativi sono orientati a fornire i discenti delle capacit\u00e0 di direzione di strutture organizzative complesse nei diversi settori pubblici, sviluppando in particolare la capacit\u00e0 di creare valore pubblico, attraverso capacit\u00e0 di collaborazione inter istituzionale, capacit\u00e0 di risolvere i problemi, e capacit\u00e0 di valorizzare le persone.<\/p>\n<p>Pi\u00f9 in particolare i principali obiettivi didattici sono quelli di:<\/p>\n<ul>\n<li>sviluppare una comprensione dei processi di creazione di valore pubblico che integri la prospettiva economico, giuridica e politica;<\/li>\n<li>comprendere le principali leve di management e spazi di azione nel contesto normativo pubblico;<\/li>\n<li>sviluppare competenze di gestione strategica delle risorse economiche e umane;<\/li>\n<li>acquisire le competenze per analizzare e valutare le politiche pubbliche attivare e gestire partnership pubblico-privato e pubblico-pubblico;<\/li>\n<li>sviluppare competenze di leadership consapevole e responsabile per cogliere nuove opportunit\u00e0 professionali ed essere agenti di cambiamento;<\/li>\n<li>acquisire dimestichezza con le procedure e con gli strumenti per affrontare concorsi pubblici a vari livelli.<\/li>\n<\/ul>\n<p>&nbsp;<\/p>\n<p>Con riferimento al percorso specialistico in <em>management delle universit\u00e0<\/em> l\u2019obiettivo didattico, oltre a sviluppare capacit\u00e0 e competenze di gestione generale di qualsiasi istituzione pubblica, il corso intende anche sviluppare le conoscenze e le capacit\u00e0 di affrontare i principali processi delle universit\u00e0 in modi integrato, ed in particolare:<\/p>\n<ul>\n<li>sviluppare una comprensione dei processi produttivi del sistema universitario anche in un\u2019ottica di sviluppo e di internazionalizzazione;<\/li>\n<li>comprendere le principali leve di management e spazi di azione nella gestione delle risorse e nell\u2019efficienza di processi produttivi nella didattica e nella ricerca;<\/li>\n<li>sviluppare competenze di gestione strategica delle risorse economiche e umane;<\/li>\n<li>sviluppare competenze di leadership consapevole e responsabile per cogliere nuove opportunit\u00e0 professionali ed essere agenti di cambiamento;<\/li>\n<li>acquisire dimestichezza con le procedure e con gli strumenti per affrontare concorsi pubblici a vari livelli.<\/li>\n<\/ul>\n<\/div>\n<\/div><\/div><\/div><\/div><\/div>","protected":false},"excerpt":{"rendered":"<p>Il master intende dare una formazione professionale e specialistica per figure di carattere dirigenziale e pre dirigenziale delle Pubbliche Amministrazioni. Si rivolge: Ai neolaureati che intendono entrare nella pubblica amministrazione direttamente nelle qualifiche pre dirigenziali dei diversi comparti (per esempio categoria D negli enti locali), preparandoli anche ai fini di affrontare le prove concorsuali di&#8230;<\/p>\n","protected":false},"author":2,"featured_media":0,"parent":0,"menu_order":0,"comment_status":"closed","ping_status":"closed","template":"","meta":{"footnotes":""},"class_list":["post-1254","page","type-page","status-publish","hentry"],"_links":{"self":[{"href":"https:\/\/sites.unimi.it\/mapa\/wp-json\/wp\/v2\/pages\/1254","targetHints":{"allow":["GET"]}}],"collection":[{"href":"https:\/\/sites.unimi.it\/mapa\/wp-json\/wp\/v2\/pages"}],"about":[{"href":"https:\/\/sites.unimi.it\/mapa\/wp-json\/wp\/v2\/types\/page"}],"author":[{"embeddable":true,"href":"https:\/\/sites.unimi.it\/mapa\/wp-json\/wp\/v2\/users\/2"}],"replies":[{"embeddable":true,"href":"https:\/\/sites.unimi.it\/mapa\/wp-json\/wp\/v2\/comments?post=1254"}],"version-history":[{"count":7,"href":"https:\/\/sites.unimi.it\/mapa\/wp-json\/wp\/v2\/pages\/1254\/revisions"}],"predecessor-version":[{"id":1517,"href":"https:\/\/sites.unimi.it\/mapa\/wp-json\/wp\/v2\/pages\/1254\/revisions\/1517"}],"wp:attachment":[{"href":"https:\/\/sites.unimi.it\/mapa\/wp-json\/wp\/v2\/media?parent=1254"}],"curies":[{"name":"wp","href":"https:\/\/api.w.org\/{rel}","templated":true}]}}