{"id":193,"date":"2014-05-13T21:43:07","date_gmt":"2014-05-13T19:43:07","guid":{"rendered":"http:\/\/users2.unimi.it\/marcogiuliani\/?page_id=193"},"modified":"2021-03-04T19:06:02","modified_gmt":"2021-03-04T18:06:02","slug":"chapters","status":"publish","type":"page","link":"https:\/\/sites.unimi.it\/marcogiuliani\/writing\/chapters\/","title":{"rendered":"chapters"},"content":{"rendered":"<h2>Chapters<\/h2>\n<p>Giuliani, M. &amp; Zucchini, F<em>. <\/em>(2013) <em style=\"font-size: 1rem;\">Governo e processo legislativo<\/em>, in G. Pasquino, M. Regalia &amp; M. Valbruzzi (eds.),<em style=\"font-size: 1rem;\"> Quarant&#8217;anni di scienza politica in Italia, <\/em>Bologna: il Mulino, pp. 153-169.<\/p>\n<p>Borghetto, E., Giuliani, M. &amp; Zucchini, F. (2012), <em style=\"font-size: 1rem;\">Leading Governments and Unwilling Legislators: The European Union and the Italian law making (1987-2006)<\/em>, in S. Brouard et al. (eds), <em style=\"font-size: 1rem;\">The Europeanization of Domestic Legislatures<\/em>, , New York: Springer, pp. 109-130.<\/p>\n<p>Giuliani, M. &amp; Jones, E. (2010)\u00a0<em style=\"font-size: 1rem;\">Navigare a vista<\/em>, in M. Giuliani &amp; E. Jones (eds.), <em style=\"font-size: 1rem;\">Politica in Italia. I fatti dell\u2019anno e le interpretazioni<\/em>, Bologna: il Mulino, pp. 53-72.<\/p>\n<p>Giuliani, M. &amp; Jones, E. (2010)\u00a0<em style=\"font-size: 1rem;\">Introduction: managing uncertainty<\/em>, in M. Giuliani &amp; E. Jones (eds.), <em style=\"font-size: 1rem;\">Managing uncertainty<\/em>, New York: Berghahn Books, pp. 41-57.<\/p>\n<p>Giuliani, M.(2008) <em style=\"font-size: 1rem;\">Governare attraverso le politiche<\/em>, in M. Ferrera &amp; M. Giuliani, (eds.), <em style=\"font-size: 1rem;\">Governance e politiche nell\u2019Unione europea<\/em>, Bologna: il Mulino, pp. 11-37.<\/p>\n<p>Giuliani, M. &amp; Piattoni, S. (2006) <em style=\"font-size: 1rem;\">Italy<\/em><em style=\"font-size: 1rem;\">: Back to the Future or Steps Toward Normality?<\/em>, in E. Zeff &amp; E. Pirro (eds.), <em style=\"font-size: 1rem;\">The European Union and the Member States<\/em>, 2<sup>nd<\/sup> ed. , Boulder: Lynne Rienner, pp. 85-106.<\/p>\n<p>Capano, G. &amp; Giuliani M. (2008) <em style=\"font-size: 1rem;\">El Parlamento italiano: \u00bfa la b\u00fasqueda de un nuevo papel?<\/em>, in C. Leston-Bandeira &amp; P. O\u00f1ate (eds.), <em style=\"font-size: 1rem;\">Parlamentos democr\u00e1ticos del Sur de l\u2019Europa<\/em>, Valencia: Tirant lo Blanch, pp. 23-62.<\/p>\n<p>Capano, G. &amp; Giuliani, M. (2003)\u00a0<em style=\"font-size: 1rem;\">Il parlamento italiano fra logica di governo e logica istituzionale: molto fumo per quale arrosto?<\/em>, in J. Blondel &amp; P. Segatti (eds.) Politica in Italia 2003, Bologna: Il Mulino, pp. 173-194.<\/p>\n<p>Capano, G. &amp; Giuliani, M. (2003)<em style=\"font-size: 1rem;\">The Italian Parliament twixt the Logic of Government and the Logic of Institutions (Much Ado about Something \u2013 but What Exactly?)<\/em>, in J. Blondel &amp; P. Segatti (eds.), <em style=\"font-size: 1rem;\">Italian Politics 2002. <\/em><em style=\"font-size: 1rem;\">The Second Berlusconi Government<\/em>, New York: Berghahn Books,\u00a0 pp. 142-161.<\/p>\n<p>Giuliani, M. (2003) <em style=\"font-size: 1rem;\">Italy and Europe: Policy Domains And Policy Dynamics<\/em>, in R. Leonardi &amp; M. Fedele (eds.), <em style=\"font-size: 1rem;\">Italy<\/em><em style=\"font-size: 1rem;\">: Politics and policy, vol. 2<\/em>, Aldershot: Ashgate, pp. 140-167.<\/p>\n<p>Giuliani, M. (2003)\u00a0<em style=\"font-size: 1rem;\">Europeanization in comparative perspective: institutional fit and national adaptation<\/em>, in K. Featherstone &amp; C. Radaelli (eds.), <em style=\"font-size: 1rem;\">The Politics of Europeanization<\/em>, Oxford: Oxford U.P., pp. 134-155.<\/p>\n<p>Giuliani, M.\u00a0(2002)\u00a0<em style=\"font-size: 1rem;\">Il processo legislativo: comparazioni diacroniche e internazionali<\/em>, in O. Petracca (eds.), <em style=\"font-size: 1rem;\">La competitivit\u00e0 dell&#8217;Italia. Le istituzioni politiche (vol. IV)<\/em>, Milano: Edizioni Il Sole 24 Ore, pp. 63-113.<\/p>\n<p>Giuliani, M. (2001)\u00a0<em style=\"font-size: 1rem;\">Europeanization and Italy; A Bottom-Up Process?<\/em>, in K. Featherstone &amp; G. Kazamias (eds.), <em style=\"font-size: 1rem;\">Europeanization and the Southern Periphery<\/em>, London: Frank Cass .<\/p>\n<p>Giuliani, M. &amp; Piattoni, S. (2001)\u00a0<em style=\"font-size: 1rem;\">Both Leader and Laggard<\/em>, in E. Zeff &amp; E. Pirro (eds.), <em style=\"font-size: 1rem;\">The European Union and the Member States. Cooperation, coordination and compromise<\/em>, Boulder: Lynne Rienner Publishers , pp. 115-142.<\/p>\n<p>Giuliani, M. &amp; Capano, G. (2001)\u00a0<em style=\"font-size: 1rem;\">I labirinti del legislativo<\/em>, in G. Capano &amp; M. Giuliani (eds.), <em style=\"font-size: 1rem;\">Parlamento e processo legislativo in Italia: continuit\u00e0 e mutamento<\/em>, Bologna: il Mulino , pp. 13-54.<\/p>\n<p>Giuliani, M. (2001)\u00a0<em style=\"font-size: 1rem;\">La commissione ambiente: il processo legislativo nella \u201crete\u201d<\/em>, in G. Capano &amp; M. Giuliani (eds.), <em style=\"font-size: 1rem;\">Parlamento e processo legislativo in Italia: continuit\u00e0 e mutamento<\/em>, Bologna: il Mulino , pp. 231-270.<\/p>\n<p>Capano, G. &amp; Giuliani, M. (2001)\u00a0<em style=\"font-size: 1rem;\">Tra il Prima e il Dopo<\/em>, in G. Capano &amp; M. Giuliani (eds.), <em style=\"font-size: 1rem;\">Parlamento e processo legislativo in Italia: continuit\u00e0 e mutamento<\/em>, Bologna: il Mulino, pp. 385-423.<\/p>\n<p>Giuliani, M.\u00a0(2001)\u00a0<em style=\"font-size: 1rem;\">Esistono istituzioni nazionali adatte all\u2019Unione Europea?<\/em>, in A. Besussi &amp; L. Leonini (eds.), <em style=\"font-size: 1rem;\">L\u2019Europa tra societ\u00e0 e politica. Integrazione europea e nuove cittadinanze<\/em>, Milano: Guerini, pp. 185-211.<\/p>\n<p>Giuliani, M.\u00a0(1999) &#8216;<em style=\"font-size: 1rem;\">Soft institutions\u2019 for hard problems: instituting air pollution policies in three Italian regions<\/em>, in W. Grant, P. Knoepfel &amp; A. Perl (eds.), <em style=\"font-size: 1rem;\">The Politics of Improving Urban Air Quality<\/em>, Aldershot: Edward Elgar, pp. 31-51.<\/p>\n<p>Giuliani, M. (1998)\u00a0<em style=\"font-size: 1rem;\">Environmental S &amp; T Policy in One Country: The Public-Policy Interface in Italy<\/em>, in A. Jamison (ed.), <em style=\"font-size: 1rem;\">Technology Policy Meets the Public<\/em>, Aalborg: Aalborg U.P., pp. 147-172.<\/p>\n<p>Giuliani, M., Rinkevicius L. &amp; Sverrisson A. (1998)\u00a0<em style=\"font-size: 1rem;\">Green policy Entrepreneurship and Science and Technology Policy<\/em>, in A. Jamison (ed.), <em style=\"font-size: 1rem;\">Technology Policy Meets the Public<\/em>, Aalborg: Aalborg U.P., pp. 19-48.<\/p>\n<p>Andringa, J., Giuliani, M., Van Zwanenberg, P. &amp; Ring, M. (1998)\u00a0<em style=\"font-size: 1rem;\">Participation by Mandate: Reflections on Local Agenda 21<\/em>, in A. Jamison (ed.), <em style=\"font-size: 1rem;\">Technology Policy Meets the Public<\/em>, Aalborg: Aalborg U.P., pp. 81-108.<\/p>\n<p>Giuliani, M. (1996) <em style=\"font-size: 1rem;\">Italy<\/em>, in D. Rometsch &amp; W. Wessels (eds.), <em style=\"font-size: 1rem;\">The European Union and Members States: Towards Institutional Fusion?<\/em>, Manchester: Manchester University Press, pp. 105-133.<\/p>\n<p>Giuliani, M.\u00a0(1995)\u00a0<em style=\"font-size: 1rem;\">Le politiche pubbliche fra sistemi di partito e policy networks<\/em>, in G. Regonini (ed.), <em style=\"font-size: 1rem;\">Politiche pubbliche e democrazia<\/em>, Napoli: ESI, pp. 219-248.<\/p>\n<p>Regonini, G. &amp; Giuliani, M. (1994)\u00a0<em style=\"font-size: 1rem;\">Italie: au del\u00e0 d\u2019une d\u00e9mocratie consensuelle?<\/em>, in B. Jobert (ed.), <em style=\"font-size: 1rem;\">Le tournant n\u00e9o-lib\u00e9ral en Europe: Id\u00e9es, recettes et pratiques gouvernementales<\/em>, Paris: Harmattan , pp. 123-199.<\/p>\n","protected":false},"excerpt":{"rendered":"<p>Chapters Giuliani, M. &amp; Zucchini, F. (2013) Governo e processo legislativo, in G. Pasquino, M. Regalia &amp; M. Valbruzzi (eds.), Quarant&#8217;anni di scienza politica in Italia, Bologna: il Mulino, pp. 153-169. Borghetto, E., Giuliani, M. &amp; Zucchini, F. (2012), Leading Governments and Unwilling Legislators: The European Union and the Italian law making (1987-2006), in S. &hellip; <\/p>\n<p class=\"link-more\"><a href=\"https:\/\/sites.unimi.it\/marcogiuliani\/writing\/chapters\/\" class=\"more-link\">Continue reading<span class=\"screen-reader-text\"> &#8220;chapters&#8221;<\/span><\/a><\/p>\n","protected":false},"author":1,"featured_media":0,"parent":113,"menu_order":0,"comment_status":"closed","ping_status":"closed","template":"elementor_header_footer","meta":{"footnotes":"","_links_to":"","_links_to_target":""},"class_list":["post-193","page","type-page","status-publish","hentry"],"_links":{"self":[{"href":"https:\/\/sites.unimi.it\/marcogiuliani\/wp-json\/wp\/v2\/pages\/193","targetHints":{"allow":["GET"]}}],"collection":[{"href":"https:\/\/sites.unimi.it\/marcogiuliani\/wp-json\/wp\/v2\/pages"}],"about":[{"href":"https:\/\/sites.unimi.it\/marcogiuliani\/wp-json\/wp\/v2\/types\/page"}],"author":[{"embeddable":true,"href":"https:\/\/sites.unimi.it\/marcogiuliani\/wp-json\/wp\/v2\/users\/1"}],"replies":[{"embeddable":true,"href":"https:\/\/sites.unimi.it\/marcogiuliani\/wp-json\/wp\/v2\/comments?post=193"}],"version-history":[{"count":21,"href":"https:\/\/sites.unimi.it\/marcogiuliani\/wp-json\/wp\/v2\/pages\/193\/revisions"}],"predecessor-version":[{"id":1236,"href":"https:\/\/sites.unimi.it\/marcogiuliani\/wp-json\/wp\/v2\/pages\/193\/revisions\/1236"}],"up":[{"embeddable":true,"href":"https:\/\/sites.unimi.it\/marcogiuliani\/wp-json\/wp\/v2\/pages\/113"}],"wp:attachment":[{"href":"https:\/\/sites.unimi.it\/marcogiuliani\/wp-json\/wp\/v2\/media?parent=193"}],"curies":[{"name":"wp","href":"https:\/\/api.w.org\/{rel}","templated":true}]}}