{"id":4,"date":"2011-01-27T10:54:43","date_gmt":"2011-01-27T10:54:43","guid":{"rendered":"http:\/\/users.unimi.it\/mazza\/?page_id=4"},"modified":"2014-09-25T13:41:30","modified_gmt":"2014-09-25T12:41:30","slug":"4-2","status":"publish","type":"page","link":"https:\/\/sites.unimi.it\/mazza\/4-2\/","title":{"rendered":"About me"},"content":{"rendered":"<h3>Benvenuti!!!<\/h3>\n<p>Sono ricercatore al Dipartimento di Matematica dell\u2019Universit\u00e0 di Milano.<\/p>\n<p>La mia email \u00e8 carlo.mazza@unimi.it.<\/p>\n<p>Il mio ufficio \u00e8 il 2050 nel sottotetto del secondo piano. Il telefono \u00e8 (+39)02503-16185.<\/p>\n<pre>Carlo Mazza\r\nDipartimento di matematica\r\nVia Saldini 50\r\nUniversit\u00e0 di Milano\r\n20133 Milano, Italia<\/pre>\n","protected":false},"excerpt":{"rendered":"<p>Benvenuti!!! Sono ricercatore al Dipartimento di Matematica dell\u2019Universit\u00e0 di Milano. La mia email \u00e8 carlo.mazza@unimi.it. Il mio ufficio \u00e8 il 2050 nel sottotetto del secondo piano. Il telefono \u00e8 (+39)02503-16185. Carlo Mazza Dipartimento di matematica Via Saldini 50 Universit\u00e0 di Milano 20133 Milano, Italia<\/p>\n","protected":false},"author":1,"featured_media":1030,"parent":0,"menu_order":0,"comment_status":"closed","ping_status":"closed","template":"","meta":{"footnotes":""},"class_list":["post-4","page","type-page","status-publish","has-post-thumbnail","hentry"],"_links":{"self":[{"href":"https:\/\/sites.unimi.it\/mazza\/wp-json\/wp\/v2\/pages\/4","targetHints":{"allow":["GET"]}}],"collection":[{"href":"https:\/\/sites.unimi.it\/mazza\/wp-json\/wp\/v2\/pages"}],"about":[{"href":"https:\/\/sites.unimi.it\/mazza\/wp-json\/wp\/v2\/types\/page"}],"author":[{"embeddable":true,"href":"https:\/\/sites.unimi.it\/mazza\/wp-json\/wp\/v2\/users\/1"}],"replies":[{"embeddable":true,"href":"https:\/\/sites.unimi.it\/mazza\/wp-json\/wp\/v2\/comments?post=4"}],"version-history":[{"count":7,"href":"https:\/\/sites.unimi.it\/mazza\/wp-json\/wp\/v2\/pages\/4\/revisions"}],"predecessor-version":[{"id":1236,"href":"https:\/\/sites.unimi.it\/mazza\/wp-json\/wp\/v2\/pages\/4\/revisions\/1236"}],"wp:featuredmedia":[{"embeddable":true,"href":"https:\/\/sites.unimi.it\/mazza\/wp-json\/wp\/v2\/media\/1030"}],"wp:attachment":[{"href":"https:\/\/sites.unimi.it\/mazza\/wp-json\/wp\/v2\/media?parent=4"}],"curies":[{"name":"wp","href":"https:\/\/api.w.org\/{rel}","templated":true}]}}