{"id":51,"date":"2022-10-17T09:22:10","date_gmt":"2022-10-17T09:22:10","guid":{"rendered":"https:\/\/sites.unimi.it\/pirolacarlo\/?page_id=51"},"modified":"2025-12-03T16:08:08","modified_gmt":"2025-12-03T15:08:08","slug":"ricercatori","status":"publish","type":"page","link":"https:\/\/sites.unimi.it\/pirolacarlo\/en\/gruppo-di-ricerca\/ricercatori\/","title":{"rendered":"Researchers"},"content":{"rendered":"<h2><a href=\"https:\/\/sites.unimi.it\/pirolacarlo\/en\/gruppo-di-ricerca\/ricercatori\/giacomo-tondelli\/\" data-type=\"page\" data-id=\"1379\">Giacomo Tondelli<\/a><\/h2>\n\n\n\n<div class=\"wp-block-media-text alignfull is-stacked-on-mobile\" style=\"grid-template-columns:30% auto\"><figure class=\"wp-block-media-text__media\"><img loading=\"lazy\" width=\"1024\" height=\"1024\" src=\"https:\/\/sites.unimi.it\/pirolacarlo\/wp-content\/uploads\/2025\/11\/Tondelli-e1764774292636-1024x1024.jpeg\" alt=\"\" class=\"wp-image-1407 size-full\" srcset=\"https:\/\/sites.unimi.it\/pirolacarlo\/wp-content\/uploads\/2025\/11\/Tondelli-e1764774292636-1024x1024.jpeg 1024w, https:\/\/sites.unimi.it\/pirolacarlo\/wp-content\/uploads\/2025\/11\/Tondelli-e1764774292636-300x300.jpeg 300w, https:\/\/sites.unimi.it\/pirolacarlo\/wp-content\/uploads\/2025\/11\/Tondelli-e1764774292636-150x150.jpeg 150w, https:\/\/sites.unimi.it\/pirolacarlo\/wp-content\/uploads\/2025\/11\/Tondelli-e1764774292636-768x768.jpeg 768w, https:\/\/sites.unimi.it\/pirolacarlo\/wp-content\/uploads\/2025\/11\/Tondelli-e1764774292636-12x12.jpeg 12w, https:\/\/sites.unimi.it\/pirolacarlo\/wp-content\/uploads\/2025\/11\/Tondelli-e1764774292636.jpeg 1228w\" sizes=\"(max-width: 1024px) 100vw, 1024px\" \/><\/figure><div class=\"wp-block-media-text__content\">\n<p>Ricercatore in chimica industriale nel laboratorio SusCheOpe, specializzato in sistemi di distribuzione di idrogeno e analisi gas tramite micro gascromatografia. Il progetto di tesi magistrale si \u00e8 sviluppato in sistemi elettrochimici (EHC) per la separazione di idrogeno da gas naturale.<\/p>\n\n\n\n<p><a href=\"https:\/\/sites.unimi.it\/pirolacarlo\/en\/gruppo-di-ricerca\/ricercatori\/giacomo-tondelli\/\">Leggi di pi\u00f9&#8230;<\/a><\/p>\n<\/div><\/div>\n\n\n\n<hr class=\"wp-block-separator has-text-color has-neve-link-color-color has-alpha-channel-opacity has-neve-link-color-background-color has-background\"\/>\n\n\n\n<div style=\"height:55px\" aria-hidden=\"true\" class=\"wp-block-spacer\"><\/div>\n\n\n\n<h2><a href=\"https:\/\/sites.unimi.it\/pirolacarlo\/en\/ricercatori\/stefania-vitali\/\">Stefania Vitali<\/a><\/h2>\n\n\n\n<div class=\"wp-block-media-text alignfull is-stacked-on-mobile\" style=\"grid-template-columns:25% auto\"><figure class=\"wp-block-media-text__media\"><img src=\"https:\/\/sites.unimi.it\/pirolacarlo\/wp-content\/uploads\/2023\/03\/bianchi-vitali-1-e1678103015390.jpg\" alt=\"\" class=\"wp-image-282 size-full\"\/><\/figure><div class=\"wp-block-media-text__content\">\n<p>Tecnico laureato presso l&#8217;Universit\u00e0 degli Studi di Milano, collaboratrice del gruppo <a href=\"https:\/\/sites.unimi.it\/pirolacarlo\/en\/ClaudiaLBianchi\/\">ISMER Lab<\/a>.<\/p>\n\n\n\n<p><a href=\"http:\/\/sites.unimi.it\/pirolacarlo\/en\/gruppo-di-ricerca\/ricercatori\/ermelinda-falletta\/\">Leggi di pi\u00f9&#8230;<\/a><\/p>\n<\/div><\/div>\n\n\n\n<div style=\"height:60px\" aria-hidden=\"true\" class=\"wp-block-spacer\"><\/div>","protected":false},"excerpt":{"rendered":"<p>Giacomo Tondelli Ricercatore in chimica industriale nel laboratorio SusCheOpe, specializzato in sistemi di distribuzione di idrogeno e analisi gas tramite micro gascromatografia. Il progetto di tesi magistrale si \u00e8 sviluppato in sistemi elettrochimici (EHC) per la separazione di idrogeno da gas naturale. Leggi di pi\u00f9&#8230; Stefania Vitali Tecnico laureato presso l&#8217;Universit\u00e0 degli Studi di Milano,&hellip;&nbsp;<a href=\"https:\/\/sites.unimi.it\/pirolacarlo\/en\/gruppo-di-ricerca\/ricercatori\/\" class=\"\" rel=\"bookmark\">Read More &raquo;<span class=\"screen-reader-text\">Researchers<\/span><\/a><\/p>","protected":false},"author":1,"featured_media":1271,"parent":320,"menu_order":1,"comment_status":"closed","ping_status":"closed","template":"","meta":{"neve_meta_sidebar":"","neve_meta_container":"","neve_meta_enable_content_width":"","neve_meta_content_width":0,"neve_meta_title_alignment":"","neve_meta_author_avatar":"","neve_post_elements_order":"","neve_meta_disable_header":"","neve_meta_disable_footer":"","neve_meta_disable_title":""},"_links":{"self":[{"href":"https:\/\/sites.unimi.it\/pirolacarlo\/en\/wp-json\/wp\/v2\/pages\/51"}],"collection":[{"href":"https:\/\/sites.unimi.it\/pirolacarlo\/en\/wp-json\/wp\/v2\/pages"}],"about":[{"href":"https:\/\/sites.unimi.it\/pirolacarlo\/en\/wp-json\/wp\/v2\/types\/page"}],"author":[{"embeddable":true,"href":"https:\/\/sites.unimi.it\/pirolacarlo\/en\/wp-json\/wp\/v2\/users\/1"}],"replies":[{"embeddable":true,"href":"https:\/\/sites.unimi.it\/pirolacarlo\/en\/wp-json\/wp\/v2\/comments?post=51"}],"version-history":[{"count":12,"href":"https:\/\/sites.unimi.it\/pirolacarlo\/en\/wp-json\/wp\/v2\/pages\/51\/revisions"}],"predecessor-version":[{"id":1487,"href":"https:\/\/sites.unimi.it\/pirolacarlo\/en\/wp-json\/wp\/v2\/pages\/51\/revisions\/1487"}],"up":[{"embeddable":true,"href":"https:\/\/sites.unimi.it\/pirolacarlo\/en\/wp-json\/wp\/v2\/pages\/320"}],"wp:featuredmedia":[{"embeddable":true,"href":"https:\/\/sites.unimi.it\/pirolacarlo\/en\/wp-json\/wp\/v2\/media\/1271"}],"wp:attachment":[{"href":"https:\/\/sites.unimi.it\/pirolacarlo\/en\/wp-json\/wp\/v2\/media?parent=51"}],"curies":[{"name":"wp","href":"https:\/\/api.w.org\/{rel}","templated":true}]}}