{"id":28,"date":"2019-07-21T14:19:32","date_gmt":"2019-07-21T12:19:32","guid":{"rendered":"https:\/\/sites.unimi.it\/preclab\/?page_id=28"},"modified":"2026-02-09T12:31:11","modified_gmt":"2026-02-09T11:31:11","slug":"home","status":"publish","type":"page","link":"https:\/\/sites.unimi.it\/preclab\/","title":{"rendered":"PrEcLab &#8211; Laboratorio di Preistoria, Protostoria ed Ecologia Preistorica del Dipartimento di Beni Culturali e Ambientali \u2013 Universit\u00e0 degli Studi di Milano"},"content":{"rendered":"\n<p class=\"has-black-color has-text-color has-link-color wp-elements-9ac00cf961d1ea846fe5a532228b76c6\"><\/p>\n\n\n\n<div class=\"wp-block-columns is-layout-flex wp-container-core-columns-is-layout-9d6595d7 wp-block-columns-is-layout-flex\">\n<div class=\"wp-block-column is-layout-flow wp-block-column-is-layout-flow\">\n<div class=\"wp-block-media-text alignfull has-media-on-the-right is-stacked-on-mobile is-vertically-aligned-center is-style-default\" style=\"grid-template-columns:auto 47%\"><div class=\"wp-block-media-text__content\">\n<h2 class=\"wp-block-heading has-text-color\" style=\"color:#000000\"><strong>Chi siamo<\/strong><\/h2>\n\n\n\n<p class=\"has-black-color has-text-color has-link-color wp-elements-3b7890207cedfd1a916bd3247fe2efc3\">Il\u00a0Laboratorio di Preistoria, Protostoria ed Ecologia Preistorica del Dipartimento di Beni Culturali e Ambientali nasce nel 2019 come <strong>luogo di ricerca scientifica nel settore della Preistoria e dell\u2019Ecologia<\/strong> preistorica dell\u2019Universit\u00e0 degli Studi di Milano. Riunisce laureandi e studenti che desiderano fare esperienza del lavoro di ricerca laboratoriale sui materiali e sulla documentazione degli scavi degli insegnamenti di\u00a0Protostoria Europea\u00a0della Professoressa\u00a0<strong>Marta Rapi<\/strong>, e di\u00a0Preistoria e Ecologia Preistorica\u00a0del Professor\u00a0<strong>Umberto Tecchiati<\/strong>.<\/p>\n\n\n\n<div class=\"wp-block-buttons is-layout-flex wp-block-buttons-is-layout-flex\">\n<div class=\"wp-block-button\"><a class=\"wp-block-button__link has-text-color has-background has-link-color wp-element-button\" href=\"https:\/\/sites.unimi.it\/preclab\/chi-siamo\/\" style=\"color:#ffffff;background-color:#1c3464\">Vieni a conoscerci<\/a><\/div>\n<\/div>\n<\/div><figure class=\"wp-block-media-text__media\"><a href=\"https:\/\/sites.unimi.it\/preclab\/chi-siamo\/\"><img loading=\"lazy\" decoding=\"async\" width=\"953\" height=\"715\" src=\"https:\/\/sites.unimi.it\/preclab\/wp-content\/uploads\/2026\/01\/lab_4_3.jpg\" alt=\"\" class=\"wp-image-3358 size-full\" srcset=\"https:\/\/sites.unimi.it\/preclab\/wp-content\/uploads\/2026\/01\/lab_4_3.jpg 953w, https:\/\/sites.unimi.it\/preclab\/wp-content\/uploads\/2026\/01\/lab_4_3-300x225.jpg 300w, https:\/\/sites.unimi.it\/preclab\/wp-content\/uploads\/2026\/01\/lab_4_3-768x576.jpg 768w, https:\/\/sites.unimi.it\/preclab\/wp-content\/uploads\/2026\/01\/lab_4_3-100x75.jpg 100w\" sizes=\"auto, (max-width: 953px) 100vw, 953px\" \/><\/a><\/figure><\/div>\n\n\n\n<hr class=\"wp-block-separator has-alpha-channel-opacity\"\/>\n\n\n\n<div class=\"wp-block-media-text alignfull is-stacked-on-mobile is-vertically-aligned-center is-style-default\" style=\"grid-template-columns:47% auto\"><figure class=\"wp-block-media-text__media\"><a href=\"https:\/\/sites.unimi.it\/preclab\/progetti\/prin-panis-a\/\"><img loading=\"lazy\" decoding=\"async\" width=\"842\" height=\"595\" src=\"https:\/\/sites.unimi.it\/preclab\/wp-content\/uploads\/2026\/01\/logo_panis_colori-08.jpg\" alt=\"\" class=\"wp-image-3355 size-full\" srcset=\"https:\/\/sites.unimi.it\/preclab\/wp-content\/uploads\/2026\/01\/logo_panis_colori-08.jpg 842w, https:\/\/sites.unimi.it\/preclab\/wp-content\/uploads\/2026\/01\/logo_panis_colori-08-300x212.jpg 300w, https:\/\/sites.unimi.it\/preclab\/wp-content\/uploads\/2026\/01\/logo_panis_colori-08-768x543.jpg 768w, https:\/\/sites.unimi.it\/preclab\/wp-content\/uploads\/2026\/01\/logo_panis_colori-08-100x71.jpg 100w\" sizes=\"auto, (max-width: 842px) 100vw, 842px\" \/><\/a><\/figure><div class=\"wp-block-media-text__content\">\n<h2 class=\"wp-block-heading has-text-color\" style=\"color:#000000\"><strong>Scopri il progetto PRIN 2022 P:ANIS<\/strong><\/h2>\n\n\n\n<p class=\"has-black-color has-text-color has-link-color wp-elements-cc8f6e0e0c699b13655b1d9dbe178038\"><strong>Dallo scorso 3 febbraio, per altri 24 mesi<\/strong>, il gruppo di ricerca attivo a&nbsp;<strong><a href=\"https:\/\/sites.unimi.it\/preclab\/progetti\/colombare-di-negrar\/\">Colombare di Villa, Negrar di Valpolicella<\/a><\/strong>&nbsp;(VR) sar\u00e0 impegnato in ricerche rese possibili con il finanziamento del Ministero dell\u2019Universit\u00e0 e della Ricerca (MUR) nell\u2019ambito del Bando relativo allo scorrimento delle graduatorie finali del bando&nbsp;<strong><a href=\"https:\/\/prin.mur.gov.it\/Iniziative\/Detail?key=FiJNdaCuA71Xq3jYMAuZeQ%3D%3D\" target=\"_blank\" rel=\"noreferrer noopener\">PRIN 2022<\/a><\/strong>.<\/p>\n\n\n\n<div class=\"wp-block-buttons is-layout-flex wp-block-buttons-is-layout-flex\">\n<div class=\"wp-block-button\"><a class=\"wp-block-button__link has-text-color has-background has-link-color wp-element-button\" href=\"https:\/\/sites.unimi.it\/preclab\/progetti\/prin-panis-a\/\" style=\"color:#ffffff;background-color:#1c3464\">Approfondisci<\/a><\/div>\n<\/div>\n<\/div><\/div>\n\n\n\n<p><\/p>\n<\/div>\n<\/div>\n\n\n\n<h2 class=\"wp-block-heading\">Ultimi articoli<\/h2>\n\n\n\n<div class=\"wp-block-query is-layout-flow wp-block-query-is-layout-flow\"><ul class=\"wp-block-post-template is-layout-flow wp-block-post-template-is-layout-flow\"><li class=\"wp-block-post post-3420 post type-post status-publish format-standard has-post-thumbnail hentry category-notizie tag-archeozoologia tag-convegni tag-ricerca\">\n\n<div class=\"wp-block-columns are-vertically-aligned-center is-layout-flex wp-container-core-columns-is-layout-9d6595d7 wp-block-columns-is-layout-flex\">\n<div class=\"wp-block-column is-vertically-aligned-center is-layout-flow wp-block-column-is-layout-flow\" style=\"flex-basis:25%\"><figure class=\"wp-block-post-featured-image\"><a href=\"https:\/\/sites.unimi.it\/preclab\/nasce-il-wigaz-workshop-italiano-giovani-archeozoologi\/\" target=\"_blank\"  ><img loading=\"lazy\" decoding=\"async\" width=\"1920\" height=\"2560\" src=\"https:\/\/sites.unimi.it\/preclab\/wp-content\/uploads\/2026\/03\/wigaz-scaled.jpg\" class=\"attachment-post-thumbnail size-post-thumbnail wp-post-image\" alt=\"Nasce il WIGAZ, Workshop Italiano Giovani Archeozoologi\" style=\"object-fit:cover;\" srcset=\"https:\/\/sites.unimi.it\/preclab\/wp-content\/uploads\/2026\/03\/wigaz-scaled.jpg 1920w, https:\/\/sites.unimi.it\/preclab\/wp-content\/uploads\/2026\/03\/wigaz-225x300.jpg 225w, https:\/\/sites.unimi.it\/preclab\/wp-content\/uploads\/2026\/03\/wigaz-768x1024.jpg 768w, https:\/\/sites.unimi.it\/preclab\/wp-content\/uploads\/2026\/03\/wigaz-100x133.jpg 100w, https:\/\/sites.unimi.it\/preclab\/wp-content\/uploads\/2026\/03\/wigaz-1152x1536.jpg 1152w, https:\/\/sites.unimi.it\/preclab\/wp-content\/uploads\/2026\/03\/wigaz-1536x2048.jpg 1536w\" sizes=\"auto, (max-width: 1920px) 100vw, 1920px\" \/><\/a><\/figure><\/div>\n\n\n\n<div class=\"wp-block-column is-vertically-aligned-center is-layout-flow wp-block-column-is-layout-flow\" style=\"flex-basis:75%\"><h5 class=\"wp-block-post-title\"><a href=\"https:\/\/sites.unimi.it\/preclab\/nasce-il-wigaz-workshop-italiano-giovani-archeozoologi\/\" target=\"_blank\" >Nasce il WIGAZ, Workshop Italiano Giovani Archeozoologi<\/a><\/h5><\/div>\n<\/div>\n\n<\/li><li class=\"wp-block-post post-3339 post type-post status-publish format-standard has-post-thumbnail hentry category-prin-panis-a tag-incontri tag-prin tag-ricerca\">\n\n<div class=\"wp-block-columns are-vertically-aligned-center is-layout-flex wp-container-core-columns-is-layout-9d6595d7 wp-block-columns-is-layout-flex\">\n<div class=\"wp-block-column is-vertically-aligned-center is-layout-flow wp-block-column-is-layout-flow\" style=\"flex-basis:25%\"><figure class=\"wp-block-post-featured-image\"><a href=\"https:\/\/sites.unimi.it\/preclab\/workshop-panis-13-e-14-marzo-bari\/\" target=\"_blank\"  ><img loading=\"lazy\" decoding=\"async\" width=\"2560\" height=\"1706\" src=\"https:\/\/sites.unimi.it\/preclab\/wp-content\/uploads\/2026\/01\/Zema-scaled.jpg\" class=\"attachment-post-thumbnail size-post-thumbnail wp-post-image\" alt=\"Partecipa al workshop P:ANIS il 13 e 14 marzo a Bari\" style=\"object-fit:cover;\" srcset=\"https:\/\/sites.unimi.it\/preclab\/wp-content\/uploads\/2026\/01\/Zema-scaled.jpg 2560w, https:\/\/sites.unimi.it\/preclab\/wp-content\/uploads\/2026\/01\/Zema-300x200.jpg 300w, https:\/\/sites.unimi.it\/preclab\/wp-content\/uploads\/2026\/01\/Zema-1024x683.jpg 1024w, https:\/\/sites.unimi.it\/preclab\/wp-content\/uploads\/2026\/01\/Zema-768x512.jpg 768w, https:\/\/sites.unimi.it\/preclab\/wp-content\/uploads\/2026\/01\/Zema-100x67.jpg 100w, https:\/\/sites.unimi.it\/preclab\/wp-content\/uploads\/2026\/01\/Zema-1536x1024.jpg 1536w, https:\/\/sites.unimi.it\/preclab\/wp-content\/uploads\/2026\/01\/Zema-2048x1365.jpg 2048w\" sizes=\"auto, (max-width: 2560px) 100vw, 2560px\" \/><\/a><\/figure><\/div>\n\n\n\n<div class=\"wp-block-column is-vertically-aligned-center is-layout-flow wp-block-column-is-layout-flow\" style=\"flex-basis:75%\"><h5 class=\"wp-block-post-title\"><a href=\"https:\/\/sites.unimi.it\/preclab\/workshop-panis-13-e-14-marzo-bari\/\" target=\"_blank\" >Partecipa al workshop P:ANIS il 13 e 14 marzo a Bari<\/a><\/h5><\/div>\n<\/div>\n\n<\/li><li class=\"wp-block-post post-3282 post type-post status-publish format-standard has-post-thumbnail hentry category-prin-panis-a tag-prin\">\n\n<div class=\"wp-block-columns are-vertically-aligned-center is-layout-flex wp-container-core-columns-is-layout-9d6595d7 wp-block-columns-is-layout-flex\">\n<div class=\"wp-block-column is-vertically-aligned-center is-layout-flow wp-block-column-is-layout-flow\" style=\"flex-basis:25%\"><figure class=\"wp-block-post-featured-image\"><a href=\"https:\/\/sites.unimi.it\/preclab\/nicola-preto-logo-prin-panis\/\" target=\"_blank\"  ><img loading=\"lazy\" decoding=\"async\" width=\"1364\" height=\"909\" src=\"https:\/\/sites.unimi.it\/preclab\/wp-content\/uploads\/2025\/12\/Nicola-Preto_cover.jpg\" class=\"attachment-post-thumbnail size-post-thumbnail wp-post-image\" alt=\"Nicola Preto \u00e8 l&#8217;autore del logo del PRIN P:ANIS\" style=\"object-fit:cover;\" srcset=\"https:\/\/sites.unimi.it\/preclab\/wp-content\/uploads\/2025\/12\/Nicola-Preto_cover.jpg 1364w, https:\/\/sites.unimi.it\/preclab\/wp-content\/uploads\/2025\/12\/Nicola-Preto_cover-300x200.jpg 300w, https:\/\/sites.unimi.it\/preclab\/wp-content\/uploads\/2025\/12\/Nicola-Preto_cover-1024x682.jpg 1024w, https:\/\/sites.unimi.it\/preclab\/wp-content\/uploads\/2025\/12\/Nicola-Preto_cover-768x512.jpg 768w, https:\/\/sites.unimi.it\/preclab\/wp-content\/uploads\/2025\/12\/Nicola-Preto_cover-100x67.jpg 100w\" sizes=\"auto, (max-width: 1364px) 100vw, 1364px\" \/><\/a><\/figure><\/div>\n\n\n\n<div class=\"wp-block-column is-vertically-aligned-center is-layout-flow wp-block-column-is-layout-flow\" style=\"flex-basis:75%\"><h5 class=\"wp-block-post-title\"><a href=\"https:\/\/sites.unimi.it\/preclab\/nicola-preto-logo-prin-panis\/\" target=\"_blank\" >Nicola Preto \u00e8 l&#8217;autore del logo del PRIN P:ANIS<\/a><\/h5><\/div>\n<\/div>\n\n<\/li><\/ul><\/div>\n\n\n<form role=\"search\" method=\"get\" action=\"https:\/\/sites.unimi.it\/preclab\/\" class=\"wp-block-search__button-outside wp-block-search__text-button wp-block-search\"    ><label class=\"wp-block-search__label\" for=\"wp-block-search__input-1\" >Cerca<\/label><div class=\"wp-block-search__inside-wrapper \" ><input class=\"wp-block-search__input\" id=\"wp-block-search__input-1\" placeholder=\"\" value=\"\" type=\"search\" name=\"s\" required \/><button aria-label=\"Cerca\" class=\"wp-block-search__button wp-element-button\" type=\"submit\" >Cerca<\/button><\/div><\/form>\n\n\n<div class=\"wp-block-columns is-layout-flex wp-container-core-columns-is-layout-9d6595d7 wp-block-columns-is-layout-flex\">\n<div class=\"wp-block-column is-layout-flow wp-block-column-is-layout-flow\">\n<pre class=\"wp-block-verse has-black-color has-text-color has-link-color wp-elements-fbb971bcf7b51b242c644895dc7a496a\"><strong>Orari delle lezioni di Preistoria 2024\/2025<\/strong><br>Luned\u00ec, ore 12:30-14:30, Aula 104 (Festa del Perdono)<br>Marted\u00ec, ore 12:30-14:30, Aula 435 (Festa del Perdono)<br>Mercoled\u00ec, ore 12:30-14:30, Aula M401 (Santa Sofia)<\/pre>\n<\/div>\n\n\n\n<div class=\"wp-block-column is-layout-flow wp-block-column-is-layout-flow\">\n<pre class=\"wp-block-verse has-black-color has-text-color has-link-color wp-elements-6c7226e7b5a755a8730f0d5160d36054\"><strong>Orari delle lezioni di Ecologia preistorica 2024\/2025<\/strong><br>Luned\u00ec, ore 14:30-16:30, Aula 517 (Festa del Perdono)<br>Marted\u00ec, ore 14:30-16:30, Aula M502 (Santa Sofia)<br>Mercoled\u00ec, ore 14:30-16:30, Aula M502 (Santa Sofia)<\/pre>\n<\/div>\n<\/div>\n\n\n\n<div class=\"wp-block-group alignfull has-black-color has-text-color has-background\" style=\"background-color:#3a8dba30\"><div class=\"wp-block-group__inner-container is-layout-flow wp-block-group-is-layout-flow\">\n<div class=\"wp-block-columns alignwide are-vertically-aligned-center is-layout-flex wp-container-core-columns-is-layout-9d6595d7 wp-block-columns-is-layout-flex\">\n<div class=\"wp-block-column is-layout-flow wp-block-column-is-layout-flow\" style=\"flex-basis:50%\">\n<p class=\"has-text-color\" style=\"color:#000000;font-size:30px;line-height:1.1\">Con chi collabora il PrEcLab<\/p>\n<\/div>\n\n\n\n<div class=\"wp-block-column is-layout-flow wp-block-column-is-layout-flow\" style=\"flex-basis:50%\">\n<hr class=\"wp-block-separator has-text-color has-css-opacity has-background is-style-wide\" style=\"background-color:#000000;color:#000000\"\/>\n<\/div>\n<\/div>\n\n\n\n<div class=\"wp-block-columns alignwide is-layout-flex wp-container-core-columns-is-layout-9d6595d7 wp-block-columns-is-layout-flex\">\n<div class=\"wp-block-column is-layout-flow wp-block-column-is-layout-flow\">\n<figure class=\"wp-block-image size-large\"><img loading=\"lazy\" decoding=\"async\" width=\"1024\" height=\"370\" src=\"https:\/\/sites.unimi.it\/preclab\/wp-content\/uploads\/2023\/05\/lodi-veterinaria-20230414-55-1024x370.jpg\" alt=\"Uno dei reperti osteologici della collezione del Dipartimento di Medicina Veterinaria e Scienze Animali.\" class=\"wp-image-2052\" srcset=\"https:\/\/sites.unimi.it\/preclab\/wp-content\/uploads\/2023\/05\/lodi-veterinaria-20230414-55-1024x370.jpg 1024w, https:\/\/sites.unimi.it\/preclab\/wp-content\/uploads\/2023\/05\/lodi-veterinaria-20230414-55-300x108.jpg 300w, https:\/\/sites.unimi.it\/preclab\/wp-content\/uploads\/2023\/05\/lodi-veterinaria-20230414-55-768x278.jpg 768w, https:\/\/sites.unimi.it\/preclab\/wp-content\/uploads\/2023\/05\/lodi-veterinaria-20230414-55-1536x555.jpg 1536w, https:\/\/sites.unimi.it\/preclab\/wp-content\/uploads\/2023\/05\/lodi-veterinaria-20230414-55.jpg 1851w\" sizes=\"auto, (max-width: 1024px) 100vw, 1024px\" \/><figcaption class=\"wp-element-caption\">Reperti osteologici della collezione del Dipartimento di Medicina Veterinaria e Scienze Animali.<\/figcaption><\/figure>\n<\/div>\n\n\n\n<div class=\"wp-block-column is-layout-flow wp-block-column-is-layout-flow\">\n<p class=\"has-text-color has-extra-small-font-size\" style=\"color:#000000\">Il laboratorio collabora attivamente, nello studio e nell\u2019edizione di complessi preistorici e protostorici, con gli enti di tutela periferici del <a aria-label=\"Ministero per i Beni e le attivit\u00e0 culturali con delega al Turismo (apre in una nuova scheda)\" href=\"http:\/\/www.beniculturali.it\/mibac\/export\/MiBAC\/index.html#&amp;panel1-2\" target=\"_blank\" rel=\"noreferrer noopener\">Ministero per i Beni e le attivit\u00e0 culturali con delega al Turismo<\/a>, la <a aria-label=\"Soprintendenza archeologia belle arti e paesaggio per le province di Verona, Vicenza e Rovigo (apre in una nuova scheda)\" href=\"http:\/\/www.sbap-vr.beniculturali.it\/\" target=\"_blank\" rel=\"noreferrer noopener\">Soprintendenza archeologia belle arti e paesaggio per le province di Verona, Vicenza e Rovigo<\/a>, la <a aria-label=\"Soprintendenza archeologia belle arti e paesaggio per la citt\u00e0 metropolitana di Torino (apre in una nuova scheda)\" href=\"http:\/\/www.sabap-to.beniculturali.it\/\" target=\"_blank\" rel=\"noreferrer noopener\">Soprintendenza archeologia belle arti e paesaggio per la citt\u00e0 metropolitana di Torino<\/a>, la <a aria-label=\"Soprintendenza archeologia, belle arti e paesaggio per le province di Como, Lecco, Monza e Brianza, Pavia, Sondrio e Varese (apre in una nuova scheda)\" href=\"http:\/\/www.soprintendenzalombardiaoccidentale.beniculturali.it\/\" target=\"_blank\" rel=\"noreferrer noopener\">Soprintendenza archeologia, belle arti e paesaggio per le province di Como, Lecco, Monza e Brianza, Pavia, Sondrio e Varese<\/a>, <\/p>\n<\/div>\n\n\n\n<div class=\"wp-block-column is-layout-flow wp-block-column-is-layout-flow\">\n<p class=\"has-text-color has-extra-small-font-size\" style=\"color:#000000\"><a aria-label=\"Soprintendenza archeologia, belle arti e paesaggio per le province di Bergamo e Brescia (apre in una nuova scheda)\" href=\"http:\/\/www.architettonicibrescia.beniculturali.it\/\" target=\"_blank\" rel=\"noreferrer noopener\">Soprintendenza archeologia, belle arti e paesaggio per le province di Bergamo e Brescia<\/a>, la <a aria-label=\"Soprintendenza archeologia, belle arti e paesaggio per la citt\u00e0 metropolitana di Milano (apre in una nuova scheda)\" href=\"http:\/\/www.architettonicimilano.lombardia.beniculturali.it\/\" target=\"_blank\" rel=\"noreferrer noopener\">Soprintendenza archeologia, belle arti e paesaggio per la citt\u00e0 metropolitana di Milano<\/a>, la <a aria-label=\"Soprintendenza Archeologia, Belle Arti e Paesaggio per le province di Cremona Lodi e Mantova (apre in una nuova scheda)\" href=\"http:\/\/www.sabap-mn.beniculturali.it\/\" target=\"_blank\" rel=\"noreferrer noopener\">Soprintendenza Archeologia, Belle Arti e Paesaggio per le province di Cremona Lodi e Mantova<\/a>, l&#8217;<a aria-label=\"Ufficio beni archeologici della Soprintendenza per i beni culturali della Provincia autonoma di Trento (apre in una nuova scheda)\" href=\"https:\/\/www.cultura.trentino.it\/Il-Dipartimento\/Soprintendenza-per-i-beni-culturali\/Ufficio-beni-archeologici\" target=\"_blank\" rel=\"noreferrer noopener\">Ufficio beni archeologici della Soprintendenza per i beni culturali della Provincia autonoma di Trento<\/a>.<\/p>\n<\/div>\n<\/div>\n\n\n\n<h2 class=\"wp-block-heading\"><\/h2>\n<\/div><\/div>\n","protected":false},"excerpt":{"rendered":"<p>Chi siamo Il\u00a0Laboratorio di Preistoria, Protostoria ed Ecologia Preistorica del Dipartimento di Beni Culturali e Ambientali nasce nel 2019 come luogo di ricerca scientifica nel settore della Preistoria e dell\u2019Ecologia preistorica dell\u2019Universit\u00e0 degli Studi di Milano. Riunisce laureandi e studenti che desiderano fare esperienza del lavoro di ricerca laboratoriale sui materiali e sulla documentazione degli [&hellip;]<\/p>\n","protected":false},"author":2,"featured_media":788,"parent":0,"menu_order":0,"comment_status":"closed","ping_status":"closed","template":"","meta":{"inline_featured_image":false,"footnotes":""},"class_list":["post-28","page","type-page","status-publish","has-post-thumbnail","hentry"],"_links":{"self":[{"href":"https:\/\/sites.unimi.it\/preclab\/wp-json\/wp\/v2\/pages\/28","targetHints":{"allow":["GET"]}}],"collection":[{"href":"https:\/\/sites.unimi.it\/preclab\/wp-json\/wp\/v2\/pages"}],"about":[{"href":"https:\/\/sites.unimi.it\/preclab\/wp-json\/wp\/v2\/types\/page"}],"author":[{"embeddable":true,"href":"https:\/\/sites.unimi.it\/preclab\/wp-json\/wp\/v2\/users\/2"}],"replies":[{"embeddable":true,"href":"https:\/\/sites.unimi.it\/preclab\/wp-json\/wp\/v2\/comments?post=28"}],"version-history":[{"count":44,"href":"https:\/\/sites.unimi.it\/preclab\/wp-json\/wp\/v2\/pages\/28\/revisions"}],"predecessor-version":[{"id":3414,"href":"https:\/\/sites.unimi.it\/preclab\/wp-json\/wp\/v2\/pages\/28\/revisions\/3414"}],"wp:featuredmedia":[{"embeddable":true,"href":"https:\/\/sites.unimi.it\/preclab\/wp-json\/wp\/v2\/media\/788"}],"wp:attachment":[{"href":"https:\/\/sites.unimi.it\/preclab\/wp-json\/wp\/v2\/media?parent=28"}],"curies":[{"name":"wp","href":"https:\/\/api.w.org\/{rel}","templated":true}]}}