{"id":3,"date":"2019-07-19T08:38:36","date_gmt":"2019-07-19T06:38:36","guid":{"rendered":"https:\/\/sites.unimi.it\/preclab\/?page_id=3"},"modified":"2022-01-11T17:33:06","modified_gmt":"2022-01-11T16:33:06","slug":"privacy-policy","status":"publish","type":"page","link":"https:\/\/sites.unimi.it\/preclab\/privacy-policy\/","title":{"rendered":"Cookie &#038; privacy policy"},"content":{"rendered":"\n<h2 class=\"wp-block-heading\">Chi siamo<\/h2>\n\n\n\n<p>L&#8217;indirizzo del nostro sito web \u00e8: <a href=\"https:\/\/sites.unimi.it\/preclab\">https:\/\/sites.unimi.it\/preclab<\/a>.<\/p>\n\n\n\n<h2 class=\"wp-block-heading\">Quali dati personali raccogliamo e perch\u00e9 li raccogliamo<\/h2>\n\n\n\n<h3 class=\"wp-block-heading\">Commenti<\/h3>\n\n\n\n<p>Quando i visitatori lasciano commenti sul sito, raccogliamo i dati mostrati nel modulo dei commenti oltre all&#8217;indirizzo IP del visitatore e la stringa dello user agent del browser per facilitare il rilevamento dello spam.<\/p>\n\n\n\n<p>Una stringa anonima creata a partire dal tuo indirizzo email (altrimenti detta hash) pu\u00f2 essere fornita al servizio Gravatar per vedere se lo stai usando. La privacy policy del servizio Gravatar \u00e8 disponibile qui: <a href=\"https:\/\/automattic.com\/privacy\/\">https:\/\/automattic.com\/privacy\/<\/a>. Dopo l&#8217;approvazione del tuo commento, la tua immagine del profilo \u00e8 visibile al pubblico nel contesto del tuo commento.<\/p>\n\n\n\n<h3 class=\"wp-block-heading\">Media<\/h3>\n\n\n\n<p>Se carichi immagini sul sito web, dovresti evitare di caricare immagini che includono i dati di posizione incorporati (EXIF GPS). I visitatori del sito web possono scaricare ed estrarre qualsiasi dato sulla posizione dalle immagini sul sito web.<\/p>\n\n\n\n<h3 class=\"wp-block-heading\">Modulo di contatto<\/h3>\n\n\n\n<p>Nella sezione <a href=\"https:\/\/sites.unimi.it\/preclab\/contatti\/\">Contatti<\/a> \u00e8 possibile lasciare un messaggio tramite apposito form. I dati forniti dagli utenti (ovvero nome, cognome e indirizzo email) rimangono <strong>nel database del nostro sito<\/strong> e saranno utilizzati dallo staff PrEcLab col solo scopo di rispondere all&#8217;utente, fornendo le informazioni richieste.<\/p>\n\n\n\n<h3 class=\"wp-block-heading\">Cookie<\/h3>\n\n\n\n<h4 class=\"wp-block-heading\"><strong>Premessa<\/strong><\/h4>\n\n\n\n<p>Conformemente a quanto previsto dalla normativa vigente in materia di protezione dei dati personali, per mezzo della presente policy, l\u2019Universit\u00e0 degli Studi di Milano, nella persona del Rettore pro tempore, in qualit\u00e0 di Titolare del trattamento, intende fornire agli utenti ogni pi\u00f9 utile informazione riguardo ai cookie presenti su https:\/\/sites.unimi.it\/preclab\/  <br><\/p>\n\n\n\n<h4 class=\"wp-block-heading\"><strong> Titolare del trattamento e Responsabile per la protezione dei dati (RPD)<\/strong><\/h4>\n\n\n\n<p>Titolare del trattamento dei dati \u00e8 l\u2019Universit\u00e0 degli Studi di Milano, nella persona del Rettore pro tempore, Via Festa del Perdono n. 7, 20122 Milano, e-mail infoprivacy@unimi.it. Ai sensi degli artt. 37 e seguenti del Regolamento UE 2016\/679, l\u2019Ateneo ha nominato il Responsabile per la protezione dei dati (RPD) contattabile all\u2019indirizzo e-mail dpo@unimi.it <\/p>\n\n\n\n<h4 class=\"wp-block-heading\"><strong> Cosa sono i cookie<\/strong><\/h4>\n\n\n\n<p>I cookie sono file di testo di piccole dimensioni che i siti web (cd. publisher o \u201cdi prima parte\u201d) visitati dall\u2019utente ovvero siti o web server diversi (cd. \u201cterze parti\u201d) inviano al computer e a qualsiasi dispositivo utilizzato per la navigazione (es. smartphone e tablet) dove vengono memorizzati per poi essere ritrasmessi alla successiva visita del medesimo utente. I cookie possono essere memorizzati in modo permanente ed avere una durata variabile (cd. cookie persistenti), ma possono anche svanire con la chiusura del browser o avere una durata limitata (c.d. cookie di sessione). In base alla loro funzionalit\u00e0, si possono suddividere in:<br><strong> \u2022 cookie tecnici;<br> \u2022 cookie analitici;<br> \u2022 cookie di profilazione.<\/strong><br>In particolare i <strong>cookie tecnici<\/strong> sono indispensabili per la normale navigazione e offrire i servizi proposti al fine di migliorare la user experience (es. l\u2019autenticazione dell\u2019utente). Tali cookie non vengono memorizzati in modo persistente sul computer dell\u2019utente e il loro impiego \u00e8 strettamente limitato al corretto funzionamento della tecnologia in uso. Questi cookie sono fondamentali per il corretto funzionamento del sito.<br>I <strong>cookie analitici<\/strong>, di prime o di terze parti, consentono di effettuare analisi di tipo statistico attraverso il monitoraggio del traffico dei dati veicolato sul sito web.<br>I<strong> cookie di profilazione <\/strong>potrebbero comportare lo svolgimento, anche ad opera di terze parti, di attivit\u00e0 di profilazione. Possono essere anche utilizzati per individuare le preferenze dell\u2019utente mediante la registrazione delle attivit\u00e0 svolte durante la navigazione con lo scopo di veicolare proposte e\/o annunci personalizzati.<\/p>\n\n\n\n<h4 class=\"wp-block-heading\"><strong>Uso dei cookie <\/strong><\/h4>\n\n\n\n<p>Il sito internet https:\/\/sites.unimi.it\/preclab\/ fa uso di cookie allo scopo di semplificare, velocizzare e rendere pi\u00f9 efficace l\u2019esperienza di navigazione. Attraverso i cookie \u00e8 possibile raccogliere informazioni relative all\u2019utente che visiti un sito web (es. data, l\u2019ora, le pagine visitate, il tempo trascorso sul sito). <\/p>\n\n\n\n<p>Se lasci un commento sul nostro sito, puoi scegliere di salvare il tuo nome, indirizzo email e sito web nei cookie. Sono usati per la tua comodit\u00e0 in modo che tu non debba inserire nuovamente i tuoi dati quando lasci un altro commento. Questi cookie dureranno per un anno.<\/p>\n\n\n\n<p>Se visiti la pagina di login, verr\u00e0 impostato un cookie temporaneo per determinare se il tuo browser accetta i cookie. Questo cookie non contiene dati personali e viene eliminato quando chiudi il browser.<\/p>\n\n\n\n<p>Quando effettui l&#8217;accesso, verranno impostati diversi cookie per salvare le tue informazioni di accesso e le tue opzioni di visualizzazione dello schermo. I cookie di accesso durano due giorni mentre i cookie per le opzioni dello schermo durano un anno. Se selezioni &#8220;Ricordami&#8221;, il tuo accesso persister\u00e0 per due settimane. Se esci dal tuo account, i cookie di accesso verranno rimossi.<\/p>\n\n\n\n<p>Se modifichi o pubblichi un articolo, un cookie aggiuntivo verr\u00e0 salvato nel tuo browser. Questo cookie non include dati personali, ma indica semplicemente l&#8217;ID dell&#8217;articolo appena modificato. Scade dopo 1 giorno.<\/p>\n\n\n\n<h3 class=\"wp-block-heading\">Contenuto incorporato da altri siti web<\/h3>\n\n\n\n<p>Il sito fa uso di contenuti di terze parti:  gli articoli su questo sito possono includere contenuti incorporati (ad esempio video, immagini, articoli, ecc.). I contenuti incorporati da altri siti web si comportano esattamente allo stesso modo come se il visitatore avesse visitato l&#8217;altro sito web. \u00c8 pertanto possibile che durante la navigazione altri cookie, sia tecnici sia in grado di effettuare profilazione dell&#8217;utente, vengano inviati da questi soggetti terzi al dispositivo dell&#8217;utente. Questi siti web possono raccogliere dati su di te, usare cookie, integrare ulteriori tracciamenti di terze parti e monitorare l&#8217;interazione con essi, incluso il tracciamento della tua interazione con il contenuto incorporato se hai un account e sei connesso a quei siti web. <\/p>\n\n\n\n<p>Si riporta di seguito l&#8217;elenco dei servizi utilizzati e un link alle relative informative riguardo alla privacy e all&#8217;uso dei cookie provenienti dai loro server.<br><strong><a rel=\"noreferrer noopener\" aria-label=\"Instagram e Facebook (apre in una nuova scheda)\" href=\"https:\/\/www.facebook.com\/help\/instagram\/519522125107875\" target=\"_blank\">Instagram e <\/a><a rel=\"noreferrer noopener\" aria-label=\"Facebook (apre in una nuova scheda)\" href=\"https:\/\/www.facebook.com\/policy.php\" target=\"_blank\">Facebook<\/a><br><a rel=\"noreferrer noopener\" aria-label=\"YouTube  (apre in una nuova scheda)\" href=\"https:\/\/www.youtube.com\/static?template=terms&amp;gl=IT\" target=\"_blank\">YouTube <\/a><br><a rel=\"noreferrer noopener\" aria-label=\"Google Maps (apre in una nuova scheda)\" href=\"https:\/\/policies.google.com\/privacy?hl=en-US\" target=\"_blank\">Google Maps<\/a><\/strong><br><strong><a rel=\"noreferrer noopener\" aria-label=\"Twitter (apre in una nuova scheda)\" href=\"https:\/\/twitter.com\/en\/privacy\" target=\"_blank\">Twitter<\/a><\/strong><br>Quando l\u2019installazione di cookie avviene sulla base del consenso, tale consenso pu\u00f2 essere revocato liberamente in ogni momento tramite il link inserito nel \u2018footer\u2019 di ogni pagina del presente sito. <strong>Si specifica che la disabilitazione di alcuni cookie potrebbe compromettere il corretto funzionamento del presente sito web.<\/strong><\/p>\n\n\n\n<h4 class=\"wp-block-heading\"><strong>Come disabilitare i cookie<\/strong><\/h4>\n\n\n\n<p>\u00c8 possibile gestire le preferenze relative ai cookie direttamente all&#8217;interno del browser utilizzato per impedire, ad esempio, che terze parti possano raccogliere dati indiscriminatamente.<br>Tramite le preferenze del browser \u00e8 possibile eliminare i cookie installati, incluso il cookie in cui venga eventualmente salvato il consenso all&#8217;installazione di cookie da parte di questo sito.<br>Pu\u00f2 trovare informazioni su come gestire i cookie con alcuni dei browser pi\u00f9 diffusi visitando le seguenti pagine web:<br> \u2022 <strong>Google Chrome <\/strong>&#8211; <a rel=\"noreferrer noopener\" aria-label=\"clicca qui (apre in una nuova scheda)\" href=\"https:\/\/support.google.com\/chrome\/answer\/95647?hl=it\" target=\"_blank\">clicca qui<\/a><br> \u2022 <strong>Mozilla Firefox<\/strong> &#8211; <a rel=\"noreferrer noopener\" aria-label=\"clicca qui (apre in una nuova scheda)\" href=\"https:\/\/support.mozilla.org\/it\/kb\/protezione-antitracciamento-avanzata-firefox-desktop?redirectslug=Attivare+e+disattivare+i+cookie&amp;redirectlocale=it\" target=\"_blank\">clicca qui<\/a><br> \u2022 <strong>Apple Safari <\/strong>&#8211;<a rel=\"noreferrer noopener\" aria-label=\" clicca qui (apre in una nuova scheda)\" href=\"https:\/\/support.apple.com\/it-it\/HT201265\" target=\"_blank\"> clicca qui<\/a><br> \u2022 <strong>Microsoft Internet Explorer<\/strong> &#8211; <a rel=\"noreferrer noopener\" aria-label=\"clicca qui  (apre in una nuova scheda)\" href=\"https:\/\/support.microsoft.com\/it-it\/windows\/eliminare-e-gestire-i-cookie-168dab11-0753-043d-7c16-ede5947fc64d#ie=ie-11\" target=\"_blank\">clicca qui <\/a> <\/p>\n\n\n\n<h3 class=\"wp-block-heading\">Per quanto tempo conserviamo i tuoi dati<\/h3>\n\n\n\n<p>Se lasci un commento, il commento e i relativi metadati vengono conservati a tempo indeterminato. \u00c8 cos\u00ec che possiamo riconoscere e approvare automaticamente eventuali commenti successivi invece di tenerli in una coda di moderazione.<\/p>\n\n\n\n<p>Per gli utenti che si registrano sul nostro sito web (se presenti), memorizziamo anche le informazioni personali che forniscono nel loro profilo utente. Tutti gli utenti possono vedere, modificare o cancellare le loro informazioni personali in qualsiasi momento (eccetto il loro nome utente che non possono cambiare). Gli amministratori del sito web possono anche vedere e modificare queste informazioni.<\/p>\n\n\n\n<h3 class=\"wp-block-heading\">Quali diritti hai sui tuoi dati<\/h3>\n\n\n\n<p>Se hai lasciato commenti su questo sito, puoi richiedere di ricevere un file esportato dal sito con i dati personali che abbiamo su di te, compresi i dati che ci hai fornito. Puoi anche richiedere che cancelliamo tutti i dati personali che ti riguardano. Questo non include i dati che siamo obbligati a conservare per scopi amministrativi, legali o di sicurezza.<\/p>\n\n\n\n<p>L\u2019Interessato pu\u00f2 proporre reclamo a un\u2019Autorit\u00e0 di controllo ed esercitare ai sensi degli artt. da 15 a 22 del RGPD.  In particolare, pu\u00f2 esercitare il diritto di:chiedere al titolare del trattamento l&#8217;accesso ai dati personali che lo riguardano, la rettifica o la cancellazione degli stessi, la limitazione del trattamento; &#8211; opporsi al trattamento; chiedere la portabilit\u00e0 dei dati, rivolgendosi ai seguenti contatti: Responsabile della Protezione dei Dati, via  Festa del Perdono, 7, 20122 Milano &#8211; e-mail: dpo@unimi.it. <\/p>\n\n\n\n<h4 class=\"wp-block-heading\">Dove spediamo i tuoi dati<\/h4>\n\n\n\n<p>I commenti dei visitatori possono essere controllati attraverso un servizio di rilevamento automatico dello spam.<\/p>\n\n\n\n<h4 class=\"wp-block-heading\"> <strong>Modifiche alle Informazioni<\/strong><\/h4>\n\n\n\n<p>Il presente documento costituisce parte integrante dell\u2019informativa privacy sul trattamento dei dati personali, consultabile nella sezione dedicata<a href=\"http:\/\/ https:\/\/sites.unimi.it\/preclab\/privacy-policy\/\"> https:\/\/sites.unimi.it\/preclab\/privacy-policy\/<\/a>.<br> Il presente documento potrebbe subire modifiche nel tempo. Si consiglia, pertanto, di verificare, all\u2019indirizzo sopra riportato, che la versione a cui ci si riferisce sia la pi\u00f9 aggiornata.  <\/p>\n\n\n\n<h2 class=\"wp-block-heading\">Informazioni aggiuntive<\/h2>\n\n\n\n<h3 class=\"wp-block-heading\">Requisiti di informativa normativa del settore<\/h3>\n\n\n\n<p>Il GDPR, acronimo che sta per General Data Protection Regulation, ossia Regolamento generale per la protezione dei dati, \u00e8 entrato in vigore dal 25 maggio 2018. Si tratta di una normativa voluta dall\u2019Unione europea col Regolamento Ue 2016\/679, relativo alla protezione delle persone fisiche con riguardo al trattamento e alla libera circolazione dei dati personali.<\/p>\n","protected":false},"excerpt":{"rendered":"<p>Chi siamo L&#8217;indirizzo del nostro sito web \u00e8: https:\/\/sites.unimi.it\/preclab. Quali dati personali raccogliamo e perch\u00e9 li raccogliamo Commenti Quando i visitatori lasciano commenti sul sito, raccogliamo i dati mostrati nel modulo dei commenti oltre all&#8217;indirizzo IP del visitatore e la stringa dello user agent del browser per facilitare il rilevamento dello spam. Una stringa anonima [&hellip;]<\/p>\n","protected":false},"author":1,"featured_media":0,"parent":0,"menu_order":0,"comment_status":"closed","ping_status":"closed","template":"","meta":{"inline_featured_image":false,"footnotes":""},"class_list":["post-3","page","type-page","status-publish","hentry"],"_links":{"self":[{"href":"https:\/\/sites.unimi.it\/preclab\/wp-json\/wp\/v2\/pages\/3","targetHints":{"allow":["GET"]}}],"collection":[{"href":"https:\/\/sites.unimi.it\/preclab\/wp-json\/wp\/v2\/pages"}],"about":[{"href":"https:\/\/sites.unimi.it\/preclab\/wp-json\/wp\/v2\/types\/page"}],"author":[{"embeddable":true,"href":"https:\/\/sites.unimi.it\/preclab\/wp-json\/wp\/v2\/users\/1"}],"replies":[{"embeddable":true,"href":"https:\/\/sites.unimi.it\/preclab\/wp-json\/wp\/v2\/comments?post=3"}],"version-history":[{"count":4,"href":"https:\/\/sites.unimi.it\/preclab\/wp-json\/wp\/v2\/pages\/3\/revisions"}],"predecessor-version":[{"id":1482,"href":"https:\/\/sites.unimi.it\/preclab\/wp-json\/wp\/v2\/pages\/3\/revisions\/1482"}],"wp:attachment":[{"href":"https:\/\/sites.unimi.it\/preclab\/wp-json\/wp\/v2\/media?parent=3"}],"curies":[{"name":"wp","href":"https:\/\/api.w.org\/{rel}","templated":true}]}}