{"id":475,"date":"2022-01-12T22:52:47","date_gmt":"2022-01-12T21:52:47","guid":{"rendered":"https:\/\/sites.unimi.it\/simonetta\/cms\/?page_id=475"},"modified":"2022-01-12T22:52:47","modified_gmt":"2022-01-12T21:52:47","slug":"policy-privacy","status":"publish","type":"page","link":"https:\/\/sites.unimi.it\/simonetta\/cms\/policy-privacy\/","title":{"rendered":"Policy Privacy"},"content":{"rendered":"\n<h2><a><\/a><a><\/a><a>Informativa sul trattamento dei dati personali<\/a><\/h2>\n\n\n\n<h3><a><\/a><a><\/a><a><\/a><a href=\"https:\/\/sites.unimi.it\/simonetta\">https:\/\/sites.unimi.it\/simonetta<\/a><\/h3>\n\n\n\n<p><strong><br>Milano, 3 gennaio 2022.<\/strong><\/p>\n\n\n\n<h3>Premessa<\/h3>\n\n\n\n<p>Ai sensi dell\u2019art. 13 del Regolamento (UE) 2016\/679 (Regolamento Generale sulla Protezione dei Dati o RGPD) del Parlamento Europeo e del Consiglio relativo alla protezione delle persone fisiche con riguardo al trattamento dei dati personali, nonch\u00e9 alla libera circolazione di tali dati e che abroga la direttiva 95\/46\/CE, nonch\u00e9 del D. Lgs 196\/2003 e ss. mm. ii., l\u2019Universit\u00e0 degli Studi di Milano (nel seguito indicata anche come \u201cAteneo\u201d) nella persona del Rettore pro tempore, informa gli utenti in merito all\u2019utilizzo dei dati personali che li riguardano da parte del sito web <a href=\"http:\/\/peirce.unimi.it\">https:\/\/sites.unimi.it\/simonetta<\/a> (di seguito anche \u201csito\u201d). Questa informativa \u00e8 resa in merito alla modalit\u00e0 di gestione del sito, in relazione al trattamento dei dati personali degli utenti che lo consultano, che scelgono di registrarsi e\/o che utilizzano servizi online proposti. Resta ferma l\u2019osservanza da parte dell\u2019Universit\u00e0 degli Studi di Milano della vigente normativa in materia di trasparenza e di pubblicazione obbligatoria di dati e documenti. La presente informativa \u00e8 limitata al solo sito e non ha valore per i siti esterni anche se accessibili a partire da link presenti su <a href=\"http:\/\/peirce.unimi.it\">https:\/\/sites.unimi.it\/simonetta<\/a>.<\/p>\n\n\n\n<h3>1. Titolare del trattamento e Responsabile per la protezione dei dati (RPD)<\/h3>\n\n\n\n<p>Titolare del trattamento dei dati \u00e8 l\u2019Universit\u00e0 degli Studi di Milano, nella persona del Rettore pro tempore, Via Festa del Perdono n. 7, 20122 Milano, e-mail <a href=\"mailto:infoprivacy@unimi.it\">infoprivacy@unimi.it<\/a>. Ai sensi degli artt. 37 e seguenti del Regolamento UE 2016\/679, l\u2019Ateneo ha nominato il Responsabile per la protezione dei dati (RPD) contattabile all\u2019indirizzo e-mail <a href=\"mailto:dpo@unimi.it\">dpo@unimi.it<\/a>. Per informazioni o approfondimenti sull\u2019utilizzo dei dati personali da parte del sito, contattare il dott. Ugo Eccli, Dipartimento di Filosofia \u201cPiero Martinetti\u201d (<a href=\"mailto:ugo.eccli@unimi.it\">ugo.eccli@unimi.it<\/a>).<\/p>\n\n\n\n<h3>2. Finalit\u00e0 e base giuridica del trattamento<\/h3>\n\n\n\n<p>I dati personali che potrebbero essere trattati sono:<\/p>\n\n\n\n<ul><li>indirizzo IP;<\/li><li>tipo di browser e parametri del dispositivo usato per connettersi al sito;<\/li><li>nome dell\u2019internet service provider (ISP);<\/li><li>data ed orario di visita;<\/li><li>pagina web di provenienza del visitatore (<em>referral<\/em>) e di uscita;<\/li><li>eventuale numero di click;<\/li><li>forniti volontariamente dall\u2019utente nell\u2019utilizzo di servizi on line proposti su sito;<\/li><li>i dati forniti di volta in volta dagli utenti in relazione allo specifico servizio richiesto;<\/li><\/ul>\n\n\n\n<p>Le suddette informazioni sono trattate in forma automatizzata e raccolte in forma aggregata al fine di verificare il corretto funzionamento del sito e per motivi di sicurezza. Tali informazioni saranno trattate in base al legittimo interesse del titolare.<\/p>\n\n\n\n<p>Ai fini di sicurezza (filtri antispam, firewall, rilevazione virus), i dati registrati automaticamente possono eventualmente comprendere dati personali come l\u2019indirizzo IP, che potrebbe essere utilizzato, in conformit\u00e0 alla legge vigente, al fine di bloccare tentativi di danneggiamento al sito o di recare danno ad altri utenti, o comunque attivit\u00e0 dannose o costituenti reato. In ogni caso tali dati non verranno mai utilizzati a fini di profilazione dell\u2019utenza del sito ma solo a fini di tutela del sito e dei suoi utenti.<\/p>\n\n\n\n<p>Le basi giuridiche del trattamento sono quindi l\u2019ottemperanza a obblighi di legge e contrattuali, l\u2019adempimento di specifiche richieste dell\u2019interessato prima della conclusione del contratto e il trattamento dei dati connesso alla gestione di eventuali reclami o contenziosi e per la prevenzione e repressione di frodi e di qualsiasi attivit\u00e0 illecita.<\/p>\n\n\n\n<h3>3. Tipi di dati trattati<\/h3>\n\n\n\n<p>I dati personali sono raccolti per le seguenti finalit\u00e0 e utilizzando i seguenti servizi.<\/p>\n\n\n\n<p>I sistemi informatici e le procedure applicative preposte al funzionamento del sito acquisiscono, nel corso del loro normale esercizio, alcuni dati la cui trasmissione \u00e8 implicita nell\u2019uso dei protocolli di comunicazione sulla Internet.<\/p>\n\n\n\n<p>Tali informazioni vengono utilizzate per ricavare informazioni statistiche anonime sull\u2019uso del sito e per controllarne il corretto funzionamento e non sono associate a utenti identificati; tuttavia per loro natura e mediante associazioni con dati detenuti da terzi, potrebbero consentire l\u2019identificazione degli interessati. Rientra in questa categoria, ad esempio, l\u2019indirizzo IP del sistema utilizzato per collegarsi al portale.<\/p>\n\n\n\n<p>Questi dati vengono rimossi dai sistemi dopo l\u2019elaborazione delle statistiche e sono conservati off-line esclusivamente per accertamenti di responsabilit\u00e0 in caso di reati informatici e consultabili solo su richiesta dell\u2019Autorit\u00e0 Giudiziaria.<\/p>\n\n\n\n<p>Per l\u2019utilizzo di servizi on-line che prevedono l\u2019autenticazione, la registrazione o l\u2019invio di e-mail sono utilizzati dati personali forniti liberamente dagli utenti secondo diverse modalit\u00e0.<\/p>\n\n\n\n<p>L&#8217;invio facoltativo, esplicito e volontario di posta elettronica agli indirizzi indicati sul sito comporta la successiva acquisizione dell&#8217;indirizzo del mittente, necessario per rispondere alle richieste, nonch\u00e9 degli eventuali altri dati personali inseriti nella missiva da parte dell\u2019utente.<\/p>\n\n\n\n<h3>4. Facoltativit\u00e0 del conferimento dei dati<\/h3>\n\n\n\n<p>Alcuni dati richiesti (es. quelli per la registrazione) sono obbligatori e il loro mancato conferimento comporta l\u2019impossibilit\u00e0 di fornire il servizio richiesto.<\/p>\n\n\n\n<p>In modo analogo la mancata comunicazione di alcuni dati eventualmente richiesti per la sottoscrizione di servizi online pu\u00f2 comportare l\u2019impossibilit\u00e0 di fruire del servizio prescelto.<\/p>\n\n\n\n<p>I dati di registrazione e quelli di sottoscrizione sono conferiti volontariamente.<\/p>\n\n\n\n<p>Il soggetto che effettua la registrazione d\u00e0 liberamente il consenso al trattamento dei dati, consapevole che in assenza di tale consenso la registrazione e la sottoscrizione dei servizi non possono aver luogo.<\/p>\n\n\n\n<p>I trattamenti effettuati prima della revoca del consenso da parte dell\u2019interessato resteranno comunque validi.<\/p>\n\n\n\n<h3>5. Modalit\u00e0 del trattamento<\/h3>\n\n\n\n<p>La raccolta dei dati avviene nel rispetto dei principi di pertinenza, completezza e non eccedenza in relazione ai fini per i quali sono trattati. I dati personali conferiti sono trattati in osservanza dei principi di liceit\u00e0, correttezza e trasparenza, previsti dall\u2019articolo 5 RGPD, anche con l\u2019ausilio di strumenti informatici e telematici atti a memorizzare e gestire i dati stessi, e comunque in modo tale da garantirne la sicurezza e tutelare la massima riservatezza dell\u2019interessato. I dati possono essere oggetto di trattamento in forma anonima per lo svolgimento di attivit\u00e0 statistiche finalizzate al miglioramento dei servizi offerti.<\/p>\n\n\n\n<h3>6. Utilizzo di cookie<\/h3>\n\n\n\n<p>I cookie sono file di testo che vengono depositati sui computer degli utenti web per consentire l\u2019esplorazione sicura ed efficiente del sito e monitorarne l\u2019utilizzo.<\/p>\n\n\n\n<p>Il sito <a href=\"http:\/\/peirce.unimi.it\">https:\/\/sites.unimi.it\/simonetta<\/a> utilizza cookie tecnici e di sessione, cookie di monitoraggio, ma non fa uso di cookie di terze parti. In particolare, non vengono utilizzati cookie di profilazione.<\/p>\n\n\n\n<h4><strong>6.1 Cookie tecnici e di sessione di prima parte<\/strong> (indispensabili per l\u2019utilizzo dei servizi on line e per l\u2019accesso alle aree riservate del portale)<\/h4>\n\n\n\n<p>ll sito https:\/\/sites.unimi.it\/simonetta utilizza diversi cookie http di sessione per gestire l\u2019autenticazione ai servizi on-line e alle aree riservate. L\u2019uso di cookie di sessione (che non vengono memorizzati in modo persistente sul computer dell\u2019utente e si eliminano con la chiusura del browser) \u00e8 strettamente limitato alla trasmissione di identificativi di sessione (costituiti da numeri casuali generati dal server) necessari per consentire l\u2019esplorazione sicura ed efficiente del sito. Questi cookie non memorizzano alcun tipo di informazione di identificazione personale. La disabilitazione dei cookie di sessione non consente di fruire in modo completo le risorse mese a disposizione del sito.<\/p>\n\n\n\n<p><strong>Cookie tecnici e di sessione<\/strong><\/p>\n\n\n\n<figure class=\"wp-block-table\"><table><tbody><tr><td><strong>Nome<\/strong><\/td><td><strong>Origine<\/strong><\/td><td><strong>Funzione \/ dati raccolti u<\/strong><strong><\/strong><\/td><td><strong>Scadenza<\/strong><\/td><\/tr><tr><td>wordpress_*<\/td><td>https:\/\/sites.unimi.it\/simonetta<\/td><td>Migliorare i servizi per gli utenti del sito, consentire o facilitare la navigazione.<\/td><td>Sessione<\/td><\/tr><tr><td>wp-settings-time-*<\/td><td>https:\/\/sites.unimi.it\/simonetta<\/td><td>Migliorare i servizi per gli utenti del sito, consentire o facilitare la navigazione.<\/td><td>1 anno<\/td><\/tr><tr><td>wp-settings-*<\/td><td>https:\/\/sites.unimi.it\/simonetta<\/td><td>Migliorare i servizi per gli utenti del sito, consentire o facilitare la navigazione.<\/td><td>1 anno<\/td><\/tr><tr><td>cerber_groove*<\/td><td>https:\/\/sites.unimi.it\/simonetta<\/td><td>Migliorare la sicurezza del sito e della navigazione.<\/td><td>15 giorni<\/td><\/tr><tr><td>CASTGC<\/td><td>.unimi.it<\/td><td>Consente l\u2019autenticazione di Ateneo<\/td><td>Sessione<\/td><\/tr><tr><td>wordpress_logged_in_*<\/td><td>https:\/\/sites.unimi.it\/simonetta<\/td><td>Autenticare gli utenti registrati<\/td><td>Sessione<\/td><\/tr><tr><td>wordpress_test_cookie<\/td><td>https:\/\/sites.unimi.it\/simonetta<\/td><td>Migliorare i servizi per gli utenti del sito, consentire o facilitare la navigazione.<\/td><td>24 ore<\/td><\/tr><tr><td>pll_language<\/td><td>https:\/\/sites.unimi.it\/simonetta<\/td><td>Migliorare i servizi per gli utenti del sito, consentire o facilitare la navigazione.<\/td><td>1 anno<\/td><\/tr><tr><td>cookie_notice_accepted<\/td><td>https:\/\/sites.unimi.it\/simonetta<\/td><td>Migliorare i servizi per gli utenti del sito, consentire o facilitare la navigazione.<\/td><td>24 ore<\/td><\/tr><\/tbody><\/table><\/figure>\n\n\n\n<h4>6.2 Cookie di monitoraggio<\/h4>\n\n\n\n<p><strong>Descrizione del servizio<\/strong><\/p>\n\n\n\n<p>Il sito si avvale del servizio Google Analytics, della societ\u00e0 Google, Inc. (di seguito &#8220;Google&#8221;), per la generazione di statistiche sull&#8217;utilizzo del portale web; Google Analytics utilizza cookie (non di terze parti) che non memorizzano dati personali.<\/p>\n\n\n\n<p>Utilizzando il sito, si acconsente al trattamento dei propri dati da parte di Google per le modalit\u00e0 e i fini sopra indicati e nelle modalit\u00e0 dichiarate dal fornitore del servizio. Per altre informazioni si veda la <a href=\"https:\/\/privacy.google.com\/intl\/it\/businesses\/compliance\/\">Privacy Policy di Google<\/a> e la scelta di <a href=\"https:\/\/tools.google.com\/dlpage\/gaoptout\/?hl=it\">Opt out<\/a>.<\/p>\n\n\n\n<p><strong>Cookie di monitoraggio<\/strong><\/p>\n\n\n\n<figure class=\"wp-block-table\"><table><tbody><tr><td><strong>Nome<\/strong><\/td><td><strong>Origine<\/strong><\/td><td><strong>Funzione \/ dati raccolti u<\/strong><strong><\/strong><\/td><td><strong>Scadenza<\/strong><\/td><\/tr><tr><td>_ga*<\/td><td>.unimi.it https:\/\/sites.unimi.it\/simonetta<\/td><td>Permette di distinguere gli utenti per memorizzare informazioni sulle sessioni e i visitatori<\/td><td>2 anni<\/td><\/tr><tr><td>_gid<\/td><td>.unimi.it https:\/\/sites.unimi.it\/simonetta<\/td><td>Migliorare i servizi per gli utenti del sito, consentire o facilitare la navigazione.<\/td><td>24 ore<\/td><\/tr><\/tbody><\/table><\/figure>\n\n\n\n<h3>7. Categorie di soggetti autorizzati al trattamento e ai quali i dati possono essere comunicati<\/h3>\n\n\n\n<p>I dati personali degli utenti saranno conosciuti e trattati, nel rispetto della vigente normativa in materia, dal personale dell\u2019Ufficio sicurezza. Nessun dato sar\u00e0 raccolto dal personale coinvolto nella manutenzione del sito.<\/p>\n\n\n\n<p>I dati potranno essere comunicati:<\/p>\n\n\n\n<ol type=\"a\"><li>alle strutture dell\u2019Ateneo che ne facciano richiesta, per le finalit\u00e0 istituzionali dell\u2019Ateneo o in osservanza di obblighi legislativi;<\/li><li>a soggetti pubblici non economici o consorzi partecipati dall\u2019Ateneo (ad es. MIUR) quando la comunicazione \u00e8 necessaria per lo svolgimento di funzioni istituzionali dell\u2019ente richiedente;<\/li><li>ad alcuni soggetti esterni, individuati come Responsabili del trattamento ex art. 28 RGPD;<\/li><\/ol>\n\n\n\n<p>\u00c8 fatta salva, in ogni caso, la comunicazione o diffusione di dati richiesti, in conformit\u00e0 alla legge, dall\u2019Autorit\u00e0 di Pubblica Sicurezza, dall\u2019Autorit\u00e0 Giudiziaria o da altri soggetti pubblici per finalit\u00e0 di difesa, sicurezza dello Stato ed accertamento dei reati, nonch\u00e9 la comunicazione all\u2019Autorit\u00e0 Giudiziaria in ottemperanza ad obblighi di legge, laddove si ravvisino ipotesi di reato. Non saranno, infine, trasferiti dati personali verso Paesi terzi od organizzazioni internazionali a meno che ci\u00f2 non sia strettamente connesso a richieste specifiche provenienti dall\u2019utente o a necessit\u00e0 legate alla finalizzazione dell\u2019intervento, per le quali si acquisir\u00e0 apposito consenso.<\/p>\n\n\n\n<h3>8. Conservazione dei dati<\/h3>\n\n\n\n<p>I dati saranno conservati dall\u2019Universit\u00e0 degli Studi di Milano per il tempo strettamente necessario al perseguimento delle finalit\u00e0 indicate e nel rispetto degli obblighi di legge.<\/p>\n\n\n\n<h3>9. Diritti dell\u2019interessato<\/h3>\n\n\n\n<p>L\u2019Interessato pu\u00f2 proporre reclamo a un\u2019Autorit\u00e0 di controllo ed esercitare ai sensi degli artt. da 15 a 22 del RGPD il diritto di:<\/p>\n\n\n\n<ul><li>proporre reclamo a un\u2019Autorit\u00e0 di controllo;<\/li><li>chiedere ai contitolari del trattamento l&#8217;accesso ai dati personali che lo riguardano, la rettifica o la cancellazione degli stessi, la limitazione del trattamento;<\/li><li>opporsi al trattamento;<\/li><li>chiedere la portabilit\u00e0 dei dati.<\/li><\/ul>\n\n\n\n<h3>10. Modifiche alle Informazioni<\/h3>\n\n\n\n<p>Le presenti informazioni potrebbero subire delle modifiche nel tempo. Si consiglia, pertanto, di verificare, nella sezione <a href=\"https:\/\/sites.unimi.it\/simonetta\/cms\/privacy-policy\">Privacy <\/a><a href=\"https:\/\/sites.unimi.it\/simonetta\/cms\/privacy\">del sito web<\/a>, che la versione a cui ci si riferisce sia la pi\u00f9 aggiornata.<\/p>\n","protected":false},"excerpt":{"rendered":"<p>Informativa sul trattamento dei dati personali https:\/\/sites.unimi.it\/simonetta Milano, 3 gennaio 2022. Premessa Ai sensi dell\u2019art. 13 del Regolamento (UE) 2016\/679 (Regolamento Generale sulla Protezione dei Dati o RGPD) del Parlamento Europeo e del Consiglio relativo alla protezione delle persone fisiche con riguardo al trattamento dei dati personali, nonch\u00e9 alla libera circolazione di tali dati e [&hellip;]<\/p>\n","protected":false},"author":4,"featured_media":0,"parent":0,"menu_order":0,"comment_status":"closed","ping_status":"closed","template":"","meta":{"spay_email":""},"_links":{"self":[{"href":"https:\/\/sites.unimi.it\/simonetta\/cms\/wp-json\/wp\/v2\/pages\/475"}],"collection":[{"href":"https:\/\/sites.unimi.it\/simonetta\/cms\/wp-json\/wp\/v2\/pages"}],"about":[{"href":"https:\/\/sites.unimi.it\/simonetta\/cms\/wp-json\/wp\/v2\/types\/page"}],"author":[{"embeddable":true,"href":"https:\/\/sites.unimi.it\/simonetta\/cms\/wp-json\/wp\/v2\/users\/4"}],"replies":[{"embeddable":true,"href":"https:\/\/sites.unimi.it\/simonetta\/cms\/wp-json\/wp\/v2\/comments?post=475"}],"version-history":[{"count":1,"href":"https:\/\/sites.unimi.it\/simonetta\/cms\/wp-json\/wp\/v2\/pages\/475\/revisions"}],"predecessor-version":[{"id":476,"href":"https:\/\/sites.unimi.it\/simonetta\/cms\/wp-json\/wp\/v2\/pages\/475\/revisions\/476"}],"wp:attachment":[{"href":"https:\/\/sites.unimi.it\/simonetta\/cms\/wp-json\/wp\/v2\/media?parent=475"}],"curies":[{"name":"wp","href":"https:\/\/api.w.org\/{rel}","templated":true}]}}